{"id":120658,"date":"2023-05-13T00:00:00","date_gmt":"2023-05-13T05:00:00","guid":{"rendered":"https:\/\/gpl-love.com\/es\/?post_type=product&#038;p=120658"},"modified":"2026-04-10T11:19:03","modified_gmt":"2026-04-10T16:19:03","slug":"nextmove-woocommerce-thank-you-page","status":"publish","type":"product","link":"https:\/\/gpl-love.com\/es\/producto\/nextmove-woocommerce-thank-you-page\/","title":{"rendered":"NextMove WooCommerce Thank You Page 1.17.1"},"content":{"rendered":"<h3>NextMove WooCommerce Thank You Page Caracteristicas<\/h3>\n<p>La p\u00e1gina de agradecimiento de NextMove WooCommerce es una herramienta incre\u00edblemente robusta y din\u00e1mica que permite a los propietarios de tiendas en l\u00ednea ejercer un control completo sobre su viaje posterior a la compra. A trav\u00e9s de la utilizaci\u00f3n de este complemento extraordinario, posee la capacidad de personalizar y adaptar sin esfuerzo su p\u00e1gina de agradecimiento de WooCommerce para incluir ventajas lucrativas, vellas transversales convincentes e incluso recomendaciones de productos individualizados para cada cliente estimado. Esta funcionalidad multifac\u00e9tica no solo sirve para aumentar el valor de su pedido promedio, sino que tambi\u00e9n cultiva una experiencia de compra m\u00e1s inmersiva e individualizada para su apreciada clientela. La p\u00e1gina de agradecimiento de NextMove WooCommerce cuenta con un proceso de configuraci\u00f3n notablemente f\u00e1cil de usar y adem\u00e1s ofrece una amplia gama de opciones de personalizaci\u00f3n, comisariada de manera inteligente para alinearse armoniosamente con el esp\u00edritu y los requisitos \u00fanicos de su estimada marca y empresa estimada. A trav\u00e9s de la implementaci\u00f3n perfecta de este complemento, metamorfosfose sin esfuerzo y sin esfuerzo su p\u00e1gina de agradecimiento a un instrumento de ventas potente resplandecientemente, impulsando as\u00ed su tienda de comercio electr\u00f3nico al cenit del \u00e9xito y el logro.<\/p>\n<ul>\n<li>Plantilla de p\u00e1gina de agradecimiento de WooCommerce personalizable<\/li>\n<li>F\u00e1cil instalaci\u00f3n e integraci\u00f3n con WooCommerce<\/li>\n<li>Capacidad para mostrar mensajes personalizados a los clientes<\/li>\n<li>Mejora de la experiencia y el compromiso del cliente<\/li>\n<li>Opci\u00f3n para obtener productos de ventas o vender en la p\u00e1gina de agradecimiento<\/li>\n<li>Opci\u00f3n para incluir botones de intercambio social para que los clientes promocionen su compra<\/li>\n<li>Seguimiento mejorado y an\u00e1lisis para el comportamiento del cliente post-venta<\/li>\n<li>Compatible con la mayor\u00eda de los temas y complementos de WordPress<\/li>\n<li>Marca mejorada y est\u00e9tica general de la p\u00e1gina de agradecimiento.<\/li>\n<\/ul>\n","protected":false},"excerpt":{"rendered":"<p>La p\u00e1gina de agradecimiento de NextMove WooCommerce presenta una herramienta muy intuitiva y f\u00e1cil de usar que tiene como objetivo mejorar la experiencia posterior a la compra de los clientes que visitan su sitio web. Al incorporar este complemento excepcional en su tienda en l\u00ednea, se le otorga la capacidad de adaptar la p\u00e1gina de agradecimiento que se materializa posteriormente a un cliente que finaliza una compra, brind\u00e1ndole la oportunidad de imbue a dicha p\u00e1gina con mensajes personalizados, ventajas atractivas, as\u00ed como. Productos complementarios que se esfuerzan por fomentar el negocio repetido. Lo que distingue a este complemento no es solo su proceso de instalaci\u00f3n sin esfuerzo, sino tambi\u00e9n sus opciones de configuraci\u00f3n integrales que satisfacen las demandas \u00fanicas y las especificaciones de marca de su negocio distintivo. Al aprovechar la oportunidad de elevar su tienda de WooCommerce con esta herramienta extraordinaria, est\u00e1 reforzando efectivamente las tasas de retenci\u00f3n de sus clientes y, por lo tanto, fortifica el \u00e9xito de su negocio.<\/p>\n","protected":false},"featured_media":166988,"comment_status":"open","ping_status":"open","template":"","meta":[],"product_brand":[2453],"product_cat":[1207,1248,1206],"product_tag":[2168],"class_list":{"0":"post-120658","1":"product","2":"type-product","3":"status-publish","4":"has-post-thumbnail","6":"product_brand-xl-plugins","7":"product_cat-comercio-electronico-plugins","8":"product_cat-personalizacion-comercio-electronico-plugins","9":"product_cat-plugins","10":"product_tag-xl-plugins","11":"member-discount","12":"discount-restricted","14":"first","15":"instock","16":"sale","17":"downloadable","18":"virtual","19":"sold-individually","20":"purchasable","21":"product-type-simple"},"_links":{"self":[{"href":"https:\/\/gpl-love.com\/es\/wp-json\/wp\/v2\/product\/120658","targetHints":{"allow":["GET"]}}],"collection":[{"href":"https:\/\/gpl-love.com\/es\/wp-json\/wp\/v2\/product"}],"about":[{"href":"https:\/\/gpl-love.com\/es\/wp-json\/wp\/v2\/types\/product"}],"replies":[{"embeddable":true,"href":"https:\/\/gpl-love.com\/es\/wp-json\/wp\/v2\/comments?post=120658"}],"wp:featuredmedia":[{"embeddable":true,"href":"https:\/\/gpl-love.com\/es\/wp-json\/wp\/v2\/media\/166988"}],"wp:attachment":[{"href":"https:\/\/gpl-love.com\/es\/wp-json\/wp\/v2\/media?parent=120658"}],"wp:term":[{"taxonomy":"product_brand","embeddable":true,"href":"https:\/\/gpl-love.com\/es\/wp-json\/wp\/v2\/product_brand?post=120658"},{"taxonomy":"product_cat","embeddable":true,"href":"https:\/\/gpl-love.com\/es\/wp-json\/wp\/v2\/product_cat?post=120658"},{"taxonomy":"product_tag","embeddable":true,"href":"https:\/\/gpl-love.com\/es\/wp-json\/wp\/v2\/product_tag?post=120658"}],"curies":[{"name":"wp","href":"https:\/\/api.w.org\/{rel}","templated":true}]}}