{"id":120656,"date":"2025-08-03T00:00:00","date_gmt":"2025-08-03T05:00:00","guid":{"rendered":"https:\/\/gpl-love.com\/es\/?post_type=product&#038;p=120656"},"modified":"2026-03-09T08:31:00","modified_gmt":"2026-03-09T13:31:00","slug":"wpforms-form-pages","status":"publish","type":"product","link":"https:\/\/gpl-love.com\/es\/producto\/wpforms-form-pages\/","title":{"rendered":"WPForms Form Pages 1.11.0"},"content":{"rendered":"<h3>WPForms Form Pages Caracteristicas<\/h3>\n<p>WPForms Form Pages es una herramienta excepcionalmente robusta que proporciona a los propietarios y desarrolladores de sitios web la notable capacidad de crear y personalizar los formularios para sus sitios web sin esfuerzo de manera perfecta. Con su interfaz de arrastrar y soltar incre\u00edblemente intuitiva, esta herramienta es notablemente f\u00e1cil de usar, lo que la hace f\u00e1cilmente accesible para los usuarios de cualquier fondo t\u00e9cnico, independientemente de su nivel de competencia. Este extraordinario software ofrece una extensa gama de opciones de personalizaci\u00f3n, que abarca la utilizaci\u00f3n de plantillas preconstruidas, campos avanzados y l\u00f3gica condicional, todas las cuales sirven para ayudarlo a elaborar la forma perfecta que atiende sus requisitos y preferencias \u00fanicas. Los formularios que se generan a trav\u00e9s de las p\u00e1ginas de formulario WPFORMS exhiben una caracter\u00edstica sorprendente de ser dispositivos m\u00f3viles, lo que garantiza que sus estimados usuarios puedan acceder convenientemente y enviar meticulosamente sus respuestas, independientemente del dispositivo que elijan emplear. Adem\u00e1s, este software excepcional se integra perfectamente con una gran cantidad de populares herramientas de marketing por correo electr\u00f3nico y pasarelas de pago, lo que le otorga el codiciado estado de ser una soluci\u00f3n con todo incluido para varias empresas y organizaciones. Sin lugar a dudas, las p\u00e1ginas de formulario WPFORMS son inequ\u00edvocamente una opci\u00f3n impecable para aquellas personas que buscan un enfoque simplificado y sin esfuerzo para fabricar y administrar de manera efectiva los formularios en su estimado sitio web.<\/p>\n<ul>\n<li>Builder de formulario f\u00e1cil de usar para crear p\u00e1ginas de formulario personalizadas en su sitio web de WordPress<\/li>\n<li>Interfaz de arrastrar y soltar con plantillas y formularios preconstruidos<\/li>\n<li>El dise\u00f1o receptivo garantiza una experiencia de usuario \u00f3ptima en cualquier dispositivo<\/li>\n<li>Se integra con populares plataformas de marketing por correo electr\u00f3nico, CRMS y pasarelas de pago<\/li>\n<li>Caracter\u00edsticas avanzadas como l\u00f3gica condicional, env\u00edos de formularios m\u00faltiples y cargas de archivos<\/li>\n<li>Protege contra el spam con recaptcha incorporado y honeypot<\/li>\n<li>Monitoreo de entrada de formulario en tiempo real y gesti\u00f3n de datos<\/li>\n<li>No se requiere codificaci\u00f3n, perfecto para principiantes o propietarios de sitios web experimentados<\/li>\n<li>Formularios ilimitados con planes de precios flexibles para adaptarse a cualquier presupuesto<\/li>\n<li>Actualizaciones y soporte gratuitos de por vida incluidos.<\/li>\n<\/ul>\n","protected":false},"excerpt":{"rendered":"<p>WPForms Form Pages es un software incre\u00edble que le permite dise\u00f1ar formas en l\u00ednea exquisitas y sofisticadas en l\u00ednea. Esta herramienta notablemente f\u00e1cil de usar elimina la necesidad de experiencia en codificaci\u00f3n, ya que le permite construir contacto, encuesta, formularios de registro y mucho m\u00e1s. La amplia gama de plantillas y alternativas de personalizaci\u00f3n disponibles le permite asegurarse de que sus formularios se alineen perfectamente con la identidad de su marca, al tiempo que facilita la recopilaci\u00f3n de datos esenciales. Adem\u00e1s, la integraci\u00f3n perfecta de las p\u00e1ginas de formulario WPFORMS con las reconocidas plataformas de marketing por correo electr\u00f3nico y el software CRM lo convierte en un recurso indispensable para empresas y organizaciones de todo tipo.<\/p>\n","protected":false},"featured_media":168498,"comment_status":"open","ping_status":"open","template":"","meta":[],"product_brand":[2628],"product_cat":[1214,1206,1211],"product_tag":[1440],"class_list":{"0":"post-120656","1":"product","2":"type-product","3":"status-publish","4":"has-post-thumbnail","6":"product_brand-wp-forms","7":"product_cat-personalizacion","8":"product_cat-plugins","9":"product_cat-wordpress-plugins","10":"product_tag-wp-forms","11":"member-discount","12":"discount-restricted","14":"first","15":"instock","16":"sale","17":"downloadable","18":"virtual","19":"sold-individually","20":"purchasable","21":"product-type-simple"},"_links":{"self":[{"href":"https:\/\/gpl-love.com\/es\/wp-json\/wp\/v2\/product\/120656","targetHints":{"allow":["GET"]}}],"collection":[{"href":"https:\/\/gpl-love.com\/es\/wp-json\/wp\/v2\/product"}],"about":[{"href":"https:\/\/gpl-love.com\/es\/wp-json\/wp\/v2\/types\/product"}],"replies":[{"embeddable":true,"href":"https:\/\/gpl-love.com\/es\/wp-json\/wp\/v2\/comments?post=120656"}],"wp:featuredmedia":[{"embeddable":true,"href":"https:\/\/gpl-love.com\/es\/wp-json\/wp\/v2\/media\/168498"}],"wp:attachment":[{"href":"https:\/\/gpl-love.com\/es\/wp-json\/wp\/v2\/media?parent=120656"}],"wp:term":[{"taxonomy":"product_brand","embeddable":true,"href":"https:\/\/gpl-love.com\/es\/wp-json\/wp\/v2\/product_brand?post=120656"},{"taxonomy":"product_cat","embeddable":true,"href":"https:\/\/gpl-love.com\/es\/wp-json\/wp\/v2\/product_cat?post=120656"},{"taxonomy":"product_tag","embeddable":true,"href":"https:\/\/gpl-love.com\/es\/wp-json\/wp\/v2\/product_tag?post=120656"}],"curies":[{"name":"wp","href":"https:\/\/api.w.org\/{rel}","templated":true}]}}