{"id":120654,"date":"2025-11-10T00:00:00","date_gmt":"2025-11-10T05:00:00","guid":{"rendered":"https:\/\/gpl-love.com\/es\/?post_type=product&#038;p=120654"},"modified":"2026-03-09T08:30:58","modified_gmt":"2026-03-09T13:30:58","slug":"wpforms-abandonment","status":"publish","type":"product","link":"https:\/\/gpl-love.com\/es\/producto\/wpforms-abandonment\/","title":{"rendered":"WPForms Form Abandonment 1.13.0"},"content":{"rendered":"<h3>WPForms Form Abandonment Caracteristicas<\/h3>\n<p>El abandono del formulario de WPFORMS cuenta con una impresionante variedad de capacidades que permiten a los propietarios de sitios web minimizar de manera efectiva los casos en que las personas abandonan sus formularios antes de la presentaci\u00f3n. Esto se logra a trav\u00e9s de su conservaci\u00f3n autom\u00e1tica de datos de formulario a medida que los usuarios completan diligentemente los campos requeridos, lo que les permite reanudar convenientemente su progreso si enfrentan cualquier interrupci\u00f3n o requieren un breve respiro. Tal caracter\u00edstica sin lugar a dudas contribuye a una mayor probabilidad de finalizaci\u00f3n de la forma y, posteriormente, mejora la experiencia general del usuario. Adem\u00e1s, el abandono de la forma WPFORMS facilita la adquisici\u00f3n de ideas invaluables sobre las tasas y los fundamentos asociados con el abandono de la forma, lo que empodera a los propietarios del sitio web con la capacidad de optimizar sus formularios para resultados superiores. Dada su interfaz notablemente f\u00e1cil de usar y la gama formidable de caracter\u00edsticas que ofrece, el abandono de formulario WPFORMS, sin duda, se presenta como un activo indispensable para cualquier propietario del sitio web concienzudo que se esfuerce por aumentar sus tasas de conversi\u00f3n de formulario.<\/p>\n<ul>\n<li>Rastrea el comportamiento de los visitantes que dejan sus formularios antes de enviarlos<\/li>\n<li>Captura los datos que los visitantes han ingresado antes de abandonar el formulario<\/li>\n<li>Proporciona informaci\u00f3n sobre razones comunes para el abandono de la forma, ayud\u00e1ndole a mejorar sus formularios<\/li>\n<li>Hace que sea f\u00e1cil hacer un seguimiento con los visitantes que han abandonado formas, aumentando las posibilidades de conversi\u00f3n<\/li>\n<li>Se integra a la perfecci\u00f3n con WPForms y otros constructores de formularios populares<\/li>\n<li>Ofrece configuraciones y notificaciones personalizables para satisfacer sus necesidades y preferencias<\/li>\n<li>Le ayuda a optimizar la tasa de conversi\u00f3n de su sitio web abordando el problema del abandono de formulario<\/li>\n<\/ul>\n","protected":false},"excerpt":{"rendered":"<p>El abandono del formulario WPFORMS es una herramienta incre\u00edblemente potente y eficiente meticulosamente elaborada para ayudar a los propietarios de sitios web a mitigar significativamente las tasas de abandono de la forma. Le faculta la capacidad de monitorear y analizar meticulosamente el comportamiento del usuario en todos sus formularios, lo que le permite reunir ideas invaluables como la duraci\u00f3n que los usuarios gastan en campos individuales, as\u00ed como la frecuencia de las presentaciones de formulario incompletas. Armado con esta invaluable informaci\u00f3n, puede optimizar estrat\u00e9gicamente sus formularios para mejorar su facilidad de uso, lo que los hace considerablemente menos susceptibles al abandono. Esta herramienta excepcionalmente f\u00e1cil de usar es un activo indispensable para cualquier individuo que busque elevar sustancialmente las tasas de conversi\u00f3n asociadas con los formularios de su sitio web.<\/p>\n","protected":false},"featured_media":168496,"comment_status":"open","ping_status":"closed","template":"","meta":[],"product_brand":[2628],"product_cat":[1232,1206,1211],"product_tag":[1440],"class_list":{"0":"post-120654","1":"product","2":"type-product","3":"status-publish","4":"has-post-thumbnail","6":"product_brand-wp-forms","7":"product_cat-marketing-wordpress-plugins","8":"product_cat-plugins","9":"product_cat-wordpress-plugins","10":"product_tag-wp-forms","11":"member-discount","12":"discount-restricted","14":"first","15":"instock","16":"sale","17":"downloadable","18":"virtual","19":"sold-individually","20":"purchasable","21":"product-type-simple"},"_links":{"self":[{"href":"https:\/\/gpl-love.com\/es\/wp-json\/wp\/v2\/product\/120654","targetHints":{"allow":["GET"]}}],"collection":[{"href":"https:\/\/gpl-love.com\/es\/wp-json\/wp\/v2\/product"}],"about":[{"href":"https:\/\/gpl-love.com\/es\/wp-json\/wp\/v2\/types\/product"}],"replies":[{"embeddable":true,"href":"https:\/\/gpl-love.com\/es\/wp-json\/wp\/v2\/comments?post=120654"}],"wp:featuredmedia":[{"embeddable":true,"href":"https:\/\/gpl-love.com\/es\/wp-json\/wp\/v2\/media\/168496"}],"wp:attachment":[{"href":"https:\/\/gpl-love.com\/es\/wp-json\/wp\/v2\/media?parent=120654"}],"wp:term":[{"taxonomy":"product_brand","embeddable":true,"href":"https:\/\/gpl-love.com\/es\/wp-json\/wp\/v2\/product_brand?post=120654"},{"taxonomy":"product_cat","embeddable":true,"href":"https:\/\/gpl-love.com\/es\/wp-json\/wp\/v2\/product_cat?post=120654"},{"taxonomy":"product_tag","embeddable":true,"href":"https:\/\/gpl-love.com\/es\/wp-json\/wp\/v2\/product_tag?post=120654"}],"curies":[{"name":"wp","href":"https:\/\/api.w.org\/{rel}","templated":true}]}}