{"id":120652,"date":"2026-02-06T00:00:00","date_gmt":"2026-02-06T05:00:00","guid":{"rendered":"https:\/\/gpl-love.com\/es\/?post_type=product&#038;p=120652"},"modified":"2026-03-09T08:30:56","modified_gmt":"2026-03-09T13:30:56","slug":"wpforms-drip","status":"publish","type":"product","link":"https:\/\/gpl-love.com\/es\/producto\/wpforms-drip\/","title":{"rendered":"WPForms Drip 1.11.0"},"content":{"rendered":"<h3>WPForms Drip Caracteristicas<\/h3>\n<p>WPFORMS DRIP es una herramienta de integraci\u00f3n muy robusta que conecta sin esfuerzo WPFORMS, que es ampliamente considerada como el principal constructor de formularios de WordPress, con goteo, que se considera el software de automatizaci\u00f3n de marketing de correo electr\u00f3nico preeminente en la industria. Esta herramienta extraordinariamente vers\u00e1til capacita a los usuarios con la capacidad de generar perfectamente formularios y encuestas, capturar de manera efectiva los clientes potenciales y contactos, y incorporarlos autom\u00e1ticamente en la expansiva biblioteca de campa\u00f1as de correo electr\u00f3nico y flujos de trabajo de DRIP. Adem\u00e1s, WPForms Drip tambi\u00e9n proporciona a los usuarios la valiosa capacidad de segmentar su lista de correo electr\u00f3nico en funci\u00f3n del comportamiento del usuario y las respuestas de formulario, lo que les brinda la oportunidad de forjar campa\u00f1as de correo electr\u00f3nico m\u00e1s \u00edntimamente adaptadas e influyentes convincentes. Al aprovechar las capacidades de WPForms Drip, los usuarios pueden automatizar sin esfuerzo sus esfuerzos de marketing por correo electr\u00f3nico, optimizar su gesti\u00f3n del tiempo y, en \u00faltima instancia, obtener resultados notablemente superiores.<\/p>\n<ul>\n<li>WPFORMS DRIP es una poderosa herramienta de generaci\u00f3n de leads que ayuda a las empresas a convertir a los visitantes del sitio web a los clientes.<\/li>\n<li>Con WPForms Drip, puede crear formularios de suscripci\u00f3n de alta conversi\u00f3n que capturan los clientes potenciales y los sincronizaran autom\u00e1ticamente con sus campa\u00f1as de marketing por correo electr\u00f3nico de goteo.<\/li>\n<li>La herramienta es incre\u00edblemente f\u00e1cil de usar y no requiere conocimientos de codificaci\u00f3n, lo que facilita a cualquiera crear una forma hermosa y funcional en minutos.<\/li>\n<li>WPFORMS DRIP ofrece una gama de plantillas de formulario dise\u00f1adas para aumentar las conversiones, incluidas las formularios de m\u00faltiples pasos, los formularios de encuestas y las ventanas emergentes de intenci\u00f3n de salida.<\/li>\n<li>Puede integrar WPForms Drip con los populares servicios de marketing por correo electr\u00f3nico como Constant Contact, Aweber y MailChimp para automatizar sus esfuerzos de crianza principal.<\/li>\n<li>Las caracter\u00edsticas avanzadas como la l\u00f3gica condicional le permiten personalizar sus formularios para que muestren diferentes preguntas o campos en funci\u00f3n de las respuestas de un usuario.<\/li>\n<li>WPFORMS DRIP ofrece amplias opciones de personalizaci\u00f3n, lo que le permite marcar sus formularios para que coincida con su sitio web y elegir entre una gama de fuentes, colores y estilos.<\/li>\n<li>La herramienta ofrece una integraci\u00f3n perfecta con los sitios de WordPress y es totalmente receptiva, asegurando que sus formularios se vean geniales en todos los dispositivos.<\/li>\n<li>WPFORMS DRIP tambi\u00e9n ofrece s\u00f3lidas herramientas de informes y an\u00e1lisis, lo que le permite rastrear los env\u00edos de formularios, las tasas de conversi\u00f3n y m\u00e1s.<\/li>\n<li>Ya sea que est\u00e9 buscando crear su lista de correo electr\u00f3nico, generar m\u00e1s ventas o mejorar su participaci\u00f3n de usuario, WPFORMS DRIP es una herramienta poderosa que puede ayudarlo a lograr sus objetivos de marketing.<\/li>\n<\/ul>\n","protected":false},"excerpt":{"rendered":"<p>WPFORMS DRIP, un complemento de constructor de forma de vanguardia, presenta una soluci\u00f3n innovadora que permite a los usuarios la capacidad de generar sin esfuerzo formularios de contacto personalizados e incorporarlos sin problemas en sus campa\u00f1as de marketing por correo electr\u00f3nico de goteo. Este complemento facilita la acumulaci\u00f3n de datos invaluables del cliente, el env\u00edo de correos electr\u00f3nicos espec\u00edficos y el monitoreo de la eficacia de la campa\u00f1a en una ubicaci\u00f3n centralizada. En particular, la interfaz de arrastre y ca\u00edda f\u00e1cil de usar simplifica la creaci\u00f3n de formas que se alinean con la est\u00e9tica de su marca, mientras que la inclusi\u00f3n de funcionalidades avanzadas, como la l\u00f3gica condicional, las formas de m\u00faltiples p\u00e1ginas y la protecci\u00f3n de spam, garantiza la adquisici\u00f3n de datos esenciales. WPForms Drip emerge como la resoluci\u00f3n ideal para las empresas que abarcan todas las escalas, tratando de optimizar sus esfuerzos de generaci\u00f3n de leads y marketing por correo electr\u00f3nico.<\/p>\n","protected":false},"featured_media":168495,"comment_status":"open","ping_status":"open","template":"","meta":[],"product_brand":[2628],"product_cat":[1232,1206,1211],"product_tag":[1440],"class_list":{"0":"post-120652","1":"product","2":"type-product","3":"status-publish","4":"has-post-thumbnail","6":"product_brand-wp-forms","7":"product_cat-marketing-wordpress-plugins","8":"product_cat-plugins","9":"product_cat-wordpress-plugins","10":"product_tag-wp-forms","11":"member-discount","12":"discount-restricted","14":"first","15":"instock","16":"sale","17":"downloadable","18":"virtual","19":"sold-individually","20":"purchasable","21":"product-type-simple"},"_links":{"self":[{"href":"https:\/\/gpl-love.com\/es\/wp-json\/wp\/v2\/product\/120652","targetHints":{"allow":["GET"]}}],"collection":[{"href":"https:\/\/gpl-love.com\/es\/wp-json\/wp\/v2\/product"}],"about":[{"href":"https:\/\/gpl-love.com\/es\/wp-json\/wp\/v2\/types\/product"}],"replies":[{"embeddable":true,"href":"https:\/\/gpl-love.com\/es\/wp-json\/wp\/v2\/comments?post=120652"}],"wp:featuredmedia":[{"embeddable":true,"href":"https:\/\/gpl-love.com\/es\/wp-json\/wp\/v2\/media\/168495"}],"wp:attachment":[{"href":"https:\/\/gpl-love.com\/es\/wp-json\/wp\/v2\/media?parent=120652"}],"wp:term":[{"taxonomy":"product_brand","embeddable":true,"href":"https:\/\/gpl-love.com\/es\/wp-json\/wp\/v2\/product_brand?post=120652"},{"taxonomy":"product_cat","embeddable":true,"href":"https:\/\/gpl-love.com\/es\/wp-json\/wp\/v2\/product_cat?post=120652"},{"taxonomy":"product_tag","embeddable":true,"href":"https:\/\/gpl-love.com\/es\/wp-json\/wp\/v2\/product_tag?post=120652"}],"curies":[{"name":"wp","href":"https:\/\/api.w.org\/{rel}","templated":true}]}}