{"id":120650,"date":"2025-11-14T00:00:00","date_gmt":"2025-11-14T05:00:00","guid":{"rendered":"https:\/\/gpl-love.com\/es\/?post_type=product&#038;p=120650"},"modified":"2026-03-09T08:30:53","modified_gmt":"2026-03-09T13:30:53","slug":"wpforms-conversational-forms","status":"publish","type":"product","link":"https:\/\/gpl-love.com\/es\/producto\/wpforms-conversational-forms\/","title":{"rendered":"WPForms Conversational Forms 1.19.0"},"content":{"rendered":"<h3>WPForms Conversational Forms Caracteristicas<\/h3>\n<p>WPForms Conversational Forms es una herramienta incre\u00edblemente poderosa que ofrece la capacidad de generar formas sin esfuerzo que no solo son intuitivas sino que tambi\u00e9n cautivan en su sitio web. Al hacer uso de este complemento, puede crear formas de conversaci\u00f3n sin problemas que exuden una sensaci\u00f3n natural y f\u00e1cil de usar, guiando expertamente a sus usuarios durante todo el proceso. Independientemente de si necesita un formulario de contacto directo o una encuesta m\u00e1s compleja, WPFORMS Forms de conversaci\u00f3n lo ha cubierto con sus plantillas notablemente adaptables y su constructor de arrastre y drops incre\u00edblemente f\u00e1cil de usar. Este complemento ha sido dise\u00f1ado meticulosamente para optimizar las conversiones y mejorar la participaci\u00f3n del usuario, estableci\u00e9ndose as\u00ed como una herramienta indispensable para cualquier propietario del sitio web que desee optimizar sus formularios y elevar la experiencia general del usuario. Si su objetivo es generar formularios que sean atractivos e interactivos, los que los usuarios realmente disfrutar\u00e1n, entonces no buscar\u00e1n m\u00e1s que las formas conversacionales wpforms, ya que sin duda se presenta como la soluci\u00f3n por excelencia para usted.<\/p>\n<ul>\n<li>Mejora la participaci\u00f3n del usuario al proporcionar un enfoque de conversaci\u00f3n para el llenado de formularios<\/li>\n<li>Permite a los usuarios completar formularios m\u00e1s r\u00e1pido y con m\u00e1s facilidad<\/li>\n<li>Proporciona una experiencia amigable para dispositivos m\u00f3viles para los usuarios<\/li>\n<li>Cuenta con opciones de personalizaci\u00f3n avanzada, incluida la marca y el estilo personalizados<\/li>\n<li>Ofrece notificaciones en tiempo real para usuarios y administradores<\/li>\n<li>Proporciona opciones de validaci\u00f3n para garantizar una entrada de datos precisa<\/li>\n<li>Se integra con plataformas populares como Zapier y Salesforce<\/li>\n<li>Ofrece herramientas de an\u00e1lisis e informes para rastrear el rendimiento del formulario y el comportamiento del usuario<\/li>\n<li>Proporciona soporte para m\u00faltiples idiomas y dialectos<\/li>\n<li>Viene con una gama de plantillas de formulario de conversaci\u00f3n previa a la construcci\u00f3n para una f\u00e1cil configuraci\u00f3n.<\/li>\n<\/ul>\n","protected":false},"excerpt":{"rendered":"<p>Las formularios de conversaci\u00f3n WPFORMS, un producto de \u00faltima generaci\u00f3n, se ha dise\u00f1ado meticulosamente para elevar la experiencia del usuario de su sitio web a trav\u00e9s de la facilitaci\u00f3n de los di\u00e1logos de lenguaje natural entre los visitantes. En virtud de su interfaz de estilo de chat intuitivo, las formas conversacionales eliminan efectivamente la ardua tarea de completar formas extensas y mon\u00f3tonas, lo que permite a los usuarios proporcionar sin esfuerzo la informaci\u00f3n requerida. Adem\u00e1s, este producto cuenta con un nivel excepcional de adaptabilidad, brind\u00e1ndole la oportunidad de adaptar la conversaci\u00f3n a sus preferencias y demandas \u00fanicas, y garantizar una alineaci\u00f3n perfecta con la voz y el tono distintos de su marca. Aprovechando las capacidades notables de los formularios de conversaci\u00f3n WPFORMS, podr\u00e1 optimizar sus interacciones en l\u00ednea, mejorar la satisfacci\u00f3n del cliente y catalizar una afluencia de clientes potenciales para su negocio.<\/p>\n","protected":false},"featured_media":168493,"comment_status":"open","ping_status":"open","template":"","meta":[],"product_brand":[2628],"product_cat":[1214,1206,1211],"product_tag":[1440],"class_list":{"0":"post-120650","1":"product","2":"type-product","3":"status-publish","4":"has-post-thumbnail","6":"product_brand-wp-forms","7":"product_cat-personalizacion","8":"product_cat-plugins","9":"product_cat-wordpress-plugins","10":"product_tag-wp-forms","11":"member-discount","12":"discount-restricted","14":"first","15":"instock","16":"sale","17":"downloadable","18":"virtual","19":"sold-individually","20":"purchasable","21":"product-type-simple"},"_links":{"self":[{"href":"https:\/\/gpl-love.com\/es\/wp-json\/wp\/v2\/product\/120650","targetHints":{"allow":["GET"]}}],"collection":[{"href":"https:\/\/gpl-love.com\/es\/wp-json\/wp\/v2\/product"}],"about":[{"href":"https:\/\/gpl-love.com\/es\/wp-json\/wp\/v2\/types\/product"}],"replies":[{"embeddable":true,"href":"https:\/\/gpl-love.com\/es\/wp-json\/wp\/v2\/comments?post=120650"}],"wp:featuredmedia":[{"embeddable":true,"href":"https:\/\/gpl-love.com\/es\/wp-json\/wp\/v2\/media\/168493"}],"wp:attachment":[{"href":"https:\/\/gpl-love.com\/es\/wp-json\/wp\/v2\/media?parent=120650"}],"wp:term":[{"taxonomy":"product_brand","embeddable":true,"href":"https:\/\/gpl-love.com\/es\/wp-json\/wp\/v2\/product_brand?post=120650"},{"taxonomy":"product_cat","embeddable":true,"href":"https:\/\/gpl-love.com\/es\/wp-json\/wp\/v2\/product_cat?post=120650"},{"taxonomy":"product_tag","embeddable":true,"href":"https:\/\/gpl-love.com\/es\/wp-json\/wp\/v2\/product_tag?post=120650"}],"curies":[{"name":"wp","href":"https:\/\/api.w.org\/{rel}","templated":true}]}}