{"id":120648,"date":"2025-09-16T00:00:00","date_gmt":"2025-09-16T05:00:00","guid":{"rendered":"https:\/\/gpl-love.com\/es\/?post_type=product&#038;p=120648"},"modified":"2026-03-09T08:30:52","modified_gmt":"2026-03-09T13:30:52","slug":"wpforms-campaign-monitor","status":"publish","type":"product","link":"https:\/\/gpl-love.com\/es\/producto\/wpforms-campaign-monitor\/","title":{"rendered":"WPForms Campaign Monitor 1.4.0"},"content":{"rendered":"<h3>WPForms Campaign Monitor Caracteristicas<\/h3>\n<p>La integraci\u00f3n del monitor de campa\u00f1a WPFORMS es una herramienta robusta y altamente capaz que permite la conexi\u00f3n perfecta entre su cuenta WPForms y el monitor de campa\u00f1a. Esta integraci\u00f3n ofrece una gran cantidad de beneficios, lo que le permite generar campa\u00f1as de correo electr\u00f3nico visualmente atractivas y altamente efectivas directamente desde su cuenta WPFORMS. Adem\u00e1s, tambi\u00e9n proporciona acceso a funcionalidades avanzadas como la automatizaci\u00f3n, la segmentaci\u00f3n y el an\u00e1lisis, todos los cuales contribuyen a mejorar la calidad y el impacto de sus campa\u00f1as, as\u00ed como a fomentar un mayor compromiso con su p\u00fablico objetivo. Independientemente de si usted es propietario de una peque\u00f1a empresa, vendedor o blogger, WPForms Campaign Monitor es un recurso invaluable que puede optimizar significativamente sus esfuerzos de marketing por correo electr\u00f3nico y ofrecer resultados superiores. Por lo tanto, si est\u00e1 en busca de una soluci\u00f3n de marketing por correo electr\u00f3nico que sea comandante y f\u00e1cil de usar, WPForms Campaign Monitor deber\u00eda estar sin duda en la parte superior de su lista.<\/p>\n<ul>\n<li>F\u00e1cil integraci\u00f3n de WPForms con el monitor de campa\u00f1a<\/li>\n<li>Sincroniza autom\u00e1ticamente nuevos env\u00edos de formularios con su cuenta de monitor de campa\u00f1a<\/li>\n<li>Notificaciones de correo electr\u00f3nico personalizables para nuevos env\u00edos de formularios<\/li>\n<li>Opci\u00f3n para agregar suscriptores a listas espec\u00edficas de correo electr\u00f3nico del monitor de campa\u00f1a<\/li>\n<li>Seguimiento en tiempo real de los env\u00edos de formularios y el rendimiento de la campa\u00f1a de correo electr\u00f3nico<\/li>\n<li>Interfaz f\u00e1cil de usar para administrar env\u00edos de formularios y campa\u00f1as de correo electr\u00f3nico<\/li>\n<li>Documentaci\u00f3n integral y atenci\u00f3n al cliente para la resoluci\u00f3n de problemas y asistencia.<\/li>\n<\/ul>\n","protected":false},"excerpt":{"rendered":"<p>La integraci\u00f3n de WPFORMS y Campaign Monitor es una herramienta extremadamente s\u00f3lida que le brinda la capacidad de recopilar datos sin esfuerzo a trav\u00e9s de sus formularios en l\u00ednea y transmitir de inmediato esos datos a la plataforma de marketing por correo electr\u00f3nico de su monitor de campa\u00f1a. Al facilitar esta integraci\u00f3n, puede ahorrar una cantidad significativa de tiempo al obviar la necesidad de importar manualmente sus datos de formulario. En consecuencia, esto garantiza que sus listas de contactos permanezcan perpetuamente actualizadas, simplificando as\u00ed sus procesos. Adem\u00e1s, con la inclusi\u00f3n de opciones de personalizaci\u00f3n avanzadas y caracter\u00edsticas de informes potentes, tiene la oportunidad de monitorear sin esfuerzo el progreso de sus campa\u00f1as de correo electr\u00f3nico y evaluar las tasas de participaci\u00f3n. Adem\u00e1s, esta integraci\u00f3n le permite construir campa\u00f1as de correo electr\u00f3nico espec\u00edficas basadas en los datos del usuario, mejorando as\u00ed sus esfuerzos de marketing exponencialmente. No pierda tiempo y se embarque en su viaje hacia la elevaci\u00f3n de su destreza de marketing por correo electr\u00f3nico adoptando f\u00e1cilmente la integraci\u00f3n del monitor de campa\u00f1a WPFORMS.<\/p>\n","protected":false},"featured_media":168492,"comment_status":"open","ping_status":"open","template":"","meta":[],"product_brand":[2628],"product_cat":[1232,1206,1211],"product_tag":[1440],"class_list":{"0":"post-120648","1":"product","2":"type-product","3":"status-publish","4":"has-post-thumbnail","6":"product_brand-wp-forms","7":"product_cat-marketing-wordpress-plugins","8":"product_cat-plugins","9":"product_cat-wordpress-plugins","10":"product_tag-wp-forms","11":"member-discount","12":"discount-restricted","14":"first","15":"instock","16":"sale","17":"downloadable","18":"virtual","19":"sold-individually","20":"purchasable","21":"product-type-simple"},"_links":{"self":[{"href":"https:\/\/gpl-love.com\/es\/wp-json\/wp\/v2\/product\/120648","targetHints":{"allow":["GET"]}}],"collection":[{"href":"https:\/\/gpl-love.com\/es\/wp-json\/wp\/v2\/product"}],"about":[{"href":"https:\/\/gpl-love.com\/es\/wp-json\/wp\/v2\/types\/product"}],"replies":[{"embeddable":true,"href":"https:\/\/gpl-love.com\/es\/wp-json\/wp\/v2\/comments?post=120648"}],"wp:featuredmedia":[{"embeddable":true,"href":"https:\/\/gpl-love.com\/es\/wp-json\/wp\/v2\/media\/168492"}],"wp:attachment":[{"href":"https:\/\/gpl-love.com\/es\/wp-json\/wp\/v2\/media?parent=120648"}],"wp:term":[{"taxonomy":"product_brand","embeddable":true,"href":"https:\/\/gpl-love.com\/es\/wp-json\/wp\/v2\/product_brand?post=120648"},{"taxonomy":"product_cat","embeddable":true,"href":"https:\/\/gpl-love.com\/es\/wp-json\/wp\/v2\/product_cat?post=120648"},{"taxonomy":"product_tag","embeddable":true,"href":"https:\/\/gpl-love.com\/es\/wp-json\/wp\/v2\/product_tag?post=120648"}],"curies":[{"name":"wp","href":"https:\/\/api.w.org\/{rel}","templated":true}]}}