{"id":120611,"date":"2023-05-19T00:00:00","date_gmt":"2023-05-19T05:00:00","guid":{"rendered":"https:\/\/gpl-love.com\/es\/?post_type=product&#038;p=120611"},"modified":"2026-03-09T07:20:10","modified_gmt":"2026-03-09T12:20:10","slug":"beaver-extender","status":"publish","type":"product","link":"https:\/\/gpl-love.com\/es\/producto\/beaver-extender\/","title":{"rendered":"Beaver Extender 1.2.4"},"content":{"rendered":"<h3>Beaver Extender Caracteristicas<\/h3>\n<p>Beaver Extender, un dispositivo de entrada tecnol\u00f3gicamente superior, sirve para optimizar las capacidades de su sistema inform\u00e1tico. Con una interfaz f\u00e1cil de usar e incorporando caracter\u00edsticas de vanguardia, este extensor permite la conexi\u00f3n simult\u00e1nea de numerosos dispositivos perif\u00e9ricos a un puerto USB solitario. Ya sea que se encuentre absorto en una empresa compleja o simplemente necesite una transferencia de archivos expeditos, el extensor de castor se erige como la soluci\u00f3n consumada. Su desempe\u00f1o inquebrantable y su construcci\u00f3n resistente lo convierten en un instrumento indispensable para las personas que desean realizar sus tareas con la m\u00e1xima eficiencia y eficacia. Por lo tanto, si aspira a elevar su experiencia inform\u00e1tica a alturas sin precedentes, adquiere el extensor de castor sin demora y disfruta de su funcionalidad y conveniencia incomparables.<\/p>\n<ul>\n<li>Extiende el alcance de las operaciones de captura de su castor<\/li>\n<li>Hechos de materiales duraderos y de alta calidad para uso duradero<\/li>\n<li>F\u00e1cil de usar y liviano para portabilidad<\/li>\n<li>Aumenta la tasa de \u00e9xito en la captura de castor al permitirle establecer trampas en \u00e1reas inaccesibles<\/li>\n<li>Perfecto para cazadores profesionales o entusiastas de bricolaje<\/li>\n<li>Se puede usar con una variedad de tipos y tama\u00f1os de trampa<\/li>\n<li>Ayuda a reducir el riesgo de lesiones o da\u00f1os a la propiedad al mantener a los cazadores fuera de \u00e1reas peligrosas o sensibles.<\/li>\n<li>Soluci\u00f3n rentable para expandir su rango de captura sin comprar trampas o equipos adicionales<\/li>\n<\/ul>\n","protected":false},"excerpt":{"rendered":"<p>Experimente la conveniencia y eficiencia inigualables del extensor de castor. Esta herramienta innovadora est\u00e1 dise\u00f1ada para ayudarlo a realizar tareas sin esfuerzo y r\u00e1pidamente. Beaver Extender es perfecto para esas \u00e1reas dif\u00edciles de alcanzar, por lo que es una adici\u00f3n invaluable a su caja de herramientas. Su dise\u00f1o robusto y duradero garantiza un rendimiento duradero. Equipada con un agarre c\u00f3modo y una f\u00e1cil maniobrabilidad, esta herramienta mejora su productividad y reduce la tensi\u00f3n. El extensor de castor no es solo una herramienta, es una soluci\u00f3n a sus desaf\u00edos cotidianos, por lo que es imprescindible para cada entusiasta profesional y de bricolaje. Experimente la diferencia con el extensor de castor; Llegue m\u00e1s, trabaje m\u00e1s inteligente.<\/p>\n","protected":false},"featured_media":165466,"comment_status":"open","ping_status":"open","template":"","meta":[],"product_brand":[2373],"product_cat":[1214,1206,1211],"product_tag":[2195],"class_list":{"0":"post-120611","1":"product","2":"type-product","3":"status-publish","4":"has-post-thumbnail","6":"product_brand-cobalt-apps","7":"product_cat-personalizacion","8":"product_cat-plugins","9":"product_cat-wordpress-plugins","10":"product_tag-cobalt-apps","11":"member-discount","12":"discount-restricted","14":"first","15":"instock","16":"sale","17":"downloadable","18":"virtual","19":"sold-individually","20":"purchasable","21":"product-type-simple"},"_links":{"self":[{"href":"https:\/\/gpl-love.com\/es\/wp-json\/wp\/v2\/product\/120611","targetHints":{"allow":["GET"]}}],"collection":[{"href":"https:\/\/gpl-love.com\/es\/wp-json\/wp\/v2\/product"}],"about":[{"href":"https:\/\/gpl-love.com\/es\/wp-json\/wp\/v2\/types\/product"}],"replies":[{"embeddable":true,"href":"https:\/\/gpl-love.com\/es\/wp-json\/wp\/v2\/comments?post=120611"}],"wp:featuredmedia":[{"embeddable":true,"href":"https:\/\/gpl-love.com\/es\/wp-json\/wp\/v2\/media\/165466"}],"wp:attachment":[{"href":"https:\/\/gpl-love.com\/es\/wp-json\/wp\/v2\/media?parent=120611"}],"wp:term":[{"taxonomy":"product_brand","embeddable":true,"href":"https:\/\/gpl-love.com\/es\/wp-json\/wp\/v2\/product_brand?post=120611"},{"taxonomy":"product_cat","embeddable":true,"href":"https:\/\/gpl-love.com\/es\/wp-json\/wp\/v2\/product_cat?post=120611"},{"taxonomy":"product_tag","embeddable":true,"href":"https:\/\/gpl-love.com\/es\/wp-json\/wp\/v2\/product_tag?post=120611"}],"curies":[{"name":"wp","href":"https:\/\/api.w.org\/{rel}","templated":true}]}}