{"id":120602,"date":"2026-02-06T00:00:00","date_gmt":"2026-02-06T05:00:00","guid":{"rendered":"https:\/\/gpl-love.com\/es\/?post_type=product&#038;p=120602"},"modified":"2026-03-13T17:16:26","modified_gmt":"2026-03-13T22:16:26","slug":"beaver-builder-theme","status":"publish","type":"product","link":"https:\/\/gpl-love.com\/es\/producto\/beaver-builder-theme\/","title":{"rendered":"Beaver Builder Theme 1.7.19.2"},"content":{"rendered":"<h3>Beaver Builder Theme Caracteristicas<\/h3>\n<p>El tema de Beaver Builder, que es un tema de WordPress notablemente robusto, permite a los usuarios crear sitios web visualmente impresionantes sin esfuerzo. Este tema altamente adaptable ha sido meticulosamente elaborado para satisfacer los requisitos espec\u00edficos no solo de los desarrolladores y dise\u00f1adores web, sino tambi\u00e9n de las personas que aspiran a construir sitios web de grado profesional sin poseer habilidades de codificaci\u00f3n avanzadas. Una de las caracter\u00edsticas destacadas de este tema es su creador de p\u00e1ginas de arrastrar y soltar, que otorga a los usuarios la capacidad de personalizar sin problemas el dise\u00f1o, el dise\u00f1o y la funcionalidad general de su sitio web. Adem\u00e1s, el tema de Beaver Builder cuenta con total capacidad de respuesta, garantizando que los sitios web dise\u00f1ados con \u00e9l poseen capacidades amigables para dispositivos m\u00f3viles y se puede acceder f\u00e1cilmente a una amplia gama de dispositivos. Adem\u00e1s, este tema excepcional es totalmente compatible con una gran cantidad de complementos populares de WordPress, lo que brinda a los usuarios la oportunidad de integrar caracter\u00edsticas avanzadas en sus sitios. Gracias al tema de Beaver Builder, los usuarios pueden crear sitios web exquisitamente hermosos de manera expedita, sin tener que sacrificar la calidad o la funcionalidad.<\/p>\n<ul>\n<li>Tema premium de WordPress dise\u00f1ado para profesionales y principiantes por igual<\/li>\n<li>Viene con un constructor de p\u00e1ginas de arrastrar y soltar para una f\u00e1cil personalizaci\u00f3n<\/li>\n<li>Incluye m\u00e1s de 30 plantillas dise\u00f1adas profesionalmente para impulsar su sitio web<\/li>\n<li>Totalmente receptivo y m\u00f3vil optimizado para una experiencia de usuario perfecta en cualquier dispositivo<\/li>\n<li>Caracter\u00edsticas avanzadas como etiquetado blanco, integraci\u00f3n de WooCommerce y tipos de publicaciones personalizadas<\/li>\n<li>Flexible y escalable, lo que permite infinitas posibilidades de dise\u00f1o e integraci\u00f3n con herramientas de terceros<\/li>\n<li>Actualizaciones regulares y atenci\u00f3n al cliente dedicada para garantizar un proceso fluido de creaci\u00f3n de sitios web<\/li>\n<li>Opciones de precios asequibles para uso personal, comercial y de agencia.<\/li>\n<\/ul>\n","protected":false},"excerpt":{"rendered":"<p>Experimente la mejor experiencia de construcci\u00f3n de sitios web con el tema de Beaver Builder. Esta plataforma de vanguardia y f\u00e1cil de usar est\u00e1 dise\u00f1ada para ofrecer una personalizaci\u00f3n completa, lo que le permite crear un sitio web \u00fanico y llamativo que refleje la identidad de su marca. Con su interfaz intuitiva, de arrastrar y soltar, puede manipular cada elemento en su p\u00e1gina, no se requieren habilidades de codificaci\u00f3n. Adem\u00e1s, es totalmente receptivo, asegurando que su sitio web se vea mejor en cada dispositivo. Este tema tambi\u00e9n es amigable con SEO, lo que ayuda a aumentar su visibilidad en l\u00ednea. Con el tema de Beaver Builder, disfrutar\u00e1 de la construcci\u00f3n y mantenimiento de los sitios web sin problemas, lo que le brinda m\u00e1s tiempo para concentrarse en hacer crecer su negocio.<\/p>\n","protected":false},"featured_media":165464,"comment_status":"open","ping_status":"open","template":"","meta":[],"product_brand":[2372],"product_cat":[1239,1237,1238],"product_tag":[1244],"class_list":{"0":"post-120602","1":"product","2":"type-product","3":"status-publish","4":"has-post-thumbnail","6":"product_brand-beaver-builder","7":"product_cat-de-multiples-fines","8":"product_cat-temas","9":"product_cat-wordpress-temas","10":"product_tag-beaver-builder","11":"member-discount","12":"discount-restricted","14":"first","15":"instock","16":"sale","17":"downloadable","18":"virtual","19":"sold-individually","20":"purchasable","21":"product-type-simple"},"_links":{"self":[{"href":"https:\/\/gpl-love.com\/es\/wp-json\/wp\/v2\/product\/120602","targetHints":{"allow":["GET"]}}],"collection":[{"href":"https:\/\/gpl-love.com\/es\/wp-json\/wp\/v2\/product"}],"about":[{"href":"https:\/\/gpl-love.com\/es\/wp-json\/wp\/v2\/types\/product"}],"replies":[{"embeddable":true,"href":"https:\/\/gpl-love.com\/es\/wp-json\/wp\/v2\/comments?post=120602"}],"wp:featuredmedia":[{"embeddable":true,"href":"https:\/\/gpl-love.com\/es\/wp-json\/wp\/v2\/media\/165464"}],"wp:attachment":[{"href":"https:\/\/gpl-love.com\/es\/wp-json\/wp\/v2\/media?parent=120602"}],"wp:term":[{"taxonomy":"product_brand","embeddable":true,"href":"https:\/\/gpl-love.com\/es\/wp-json\/wp\/v2\/product_brand?post=120602"},{"taxonomy":"product_cat","embeddable":true,"href":"https:\/\/gpl-love.com\/es\/wp-json\/wp\/v2\/product_cat?post=120602"},{"taxonomy":"product_tag","embeddable":true,"href":"https:\/\/gpl-love.com\/es\/wp-json\/wp\/v2\/product_tag?post=120602"}],"curies":[{"name":"wp","href":"https:\/\/api.w.org\/{rel}","templated":true}]}}