{"id":120600,"date":"2026-04-07T00:00:00","date_gmt":"2026-04-07T05:00:00","guid":{"rendered":"https:\/\/gpl-love.com\/es\/?post_type=product&#038;p=120600"},"modified":"2026-04-07T17:15:15","modified_gmt":"2026-04-07T22:15:15","slug":"darklup","status":"publish","type":"product","link":"https:\/\/gpl-love.com\/es\/producto\/darklup\/","title":{"rendered":"Beaver Builder Themer 2.10.1.5"},"content":{"rendered":"<h3>Beaver Builder Themer Caracteristicas<\/h3>\n<p>Beaver Builder Themer, una herramienta incre\u00edblemente robusta, presenta la oportunidad de alterar los aspectos visuales de su sitio web sin necesitar ninguna experiencia de codificaci\u00f3n. Gracias a su interfaz intuitiva de arrastrar y soltar, forjar sin esfuerzo encabezados, pies y plantillas personalizados para las p\u00e1ginas y las publicaciones de su sitio se convierte en una brisa absoluta. Este notable complemento se integra sin problemas con el complemento de Beaver Builder Builder de Beaver, que le otorga un nivel de autoridad aumentado en el dise\u00f1o de su sitio web. Independientemente de si se identifica como un desarrollador web competente o un \u00e1gil propietario de una peque\u00f1a empresa, la indispensabilidad de Beaver Builder Themer en la falsificaci\u00f3n de sitios web que exuden profesionalismo no puede ser exagerado.<\/p>\n<ul>\n<li>Un constructor de temas de WordPress que funciona con el complemento Beaver Builder<\/li>\n<li>Permite a los usuarios crear temas personalizados de WordPress sin codificar el conocimiento<\/li>\n<li>Proporciona una interfaz f\u00e1cil de usar para la personalizaci\u00f3n de dise\u00f1o y dise\u00f1o<\/li>\n<li>Admite encabezados, pies y plantillas personalizables<\/li>\n<li>Ofrece plantillas y elementos de dise\u00f1o preconstruidos para una f\u00e1cil implementaci\u00f3n<\/li>\n<li>Permite el control sobre la tipograf\u00eda, los colores y el espacio en todo el sitio web<\/li>\n<li>Se puede utilizar para crear dise\u00f1os receptivos para dispositivos m\u00f3viles y de tabletas<\/li>\n<li>Se integra con complementos populares de WordPress para una funcionalidad adicional<\/li>\n<li>Ofrece atenci\u00f3n al cliente r\u00e1pido y confiable<\/li>\n<li>Se puede usar en un n\u00famero ilimitado de sitios web con una sola compra de licencia.<\/li>\n<\/ul>\n","protected":false},"excerpt":{"rendered":"<p>Desatara todo el potencial del dise\u00f1o de su sitio web con Beaver Builder Themer. Este complemento vers\u00e1til es su clave para crear dise\u00f1os impresionantes y \u00fanicos en todo su sitio web, sin tocar una sola l\u00ednea de c\u00f3digo. Themer ofrece una compatibilidad completa con WooCommerce y descargas digitales f\u00e1ciles, por lo que es muy f\u00e1cil administrar y personalizar su tienda en l\u00ednea. Con su interfaz de usuario intuitiva, puede personalizar f\u00e1cilmente encabezados, pies de p\u00e1gina, p\u00e1ginas de archivo e incluso publicaciones individuales. Experimente una flexibilidad incomparable en la creaci\u00f3n y modificaci\u00f3n de dise\u00f1os, controlando todos los aspectos de su dise\u00f1o, desde la tipograf\u00eda hasta los colores. Adem\u00e1s, la potente funci\u00f3n de conexi\u00f3n de campo de Themer le permite integrar y mostrar informaci\u00f3n sin problemas de campos personalizados y publicar metadatos. Con Beaver Builder Themer, convierta su visi\u00f3n en realidad y cree un sitio web que realmente se destaque. Descubra la ventaja de la libertad del dise\u00f1o hoy.<\/p>\n","protected":false},"featured_media":165465,"comment_status":"open","ping_status":"open","template":"","meta":[],"product_brand":[2372],"product_cat":[1214,1206,1211],"product_tag":[1244],"class_list":{"0":"post-120600","1":"product","2":"type-product","3":"status-publish","4":"has-post-thumbnail","6":"product_brand-beaver-builder","7":"product_cat-personalizacion","8":"product_cat-plugins","9":"product_cat-wordpress-plugins","10":"product_tag-beaver-builder","11":"member-discount","12":"discount-restricted","14":"first","15":"instock","16":"sale","17":"downloadable","18":"virtual","19":"sold-individually","20":"purchasable","21":"product-type-simple"},"_links":{"self":[{"href":"https:\/\/gpl-love.com\/es\/wp-json\/wp\/v2\/product\/120600","targetHints":{"allow":["GET"]}}],"collection":[{"href":"https:\/\/gpl-love.com\/es\/wp-json\/wp\/v2\/product"}],"about":[{"href":"https:\/\/gpl-love.com\/es\/wp-json\/wp\/v2\/types\/product"}],"replies":[{"embeddable":true,"href":"https:\/\/gpl-love.com\/es\/wp-json\/wp\/v2\/comments?post=120600"}],"wp:featuredmedia":[{"embeddable":true,"href":"https:\/\/gpl-love.com\/es\/wp-json\/wp\/v2\/media\/165465"}],"wp:attachment":[{"href":"https:\/\/gpl-love.com\/es\/wp-json\/wp\/v2\/media?parent=120600"}],"wp:term":[{"taxonomy":"product_brand","embeddable":true,"href":"https:\/\/gpl-love.com\/es\/wp-json\/wp\/v2\/product_brand?post=120600"},{"taxonomy":"product_cat","embeddable":true,"href":"https:\/\/gpl-love.com\/es\/wp-json\/wp\/v2\/product_cat?post=120600"},{"taxonomy":"product_tag","embeddable":true,"href":"https:\/\/gpl-love.com\/es\/wp-json\/wp\/v2\/product_tag?post=120600"}],"curies":[{"name":"wp","href":"https:\/\/api.w.org\/{rel}","templated":true}]}}