{"id":120598,"date":"2021-12-13T00:00:00","date_gmt":"2021-12-13T05:00:00","guid":{"rendered":"https:\/\/gpl-love.com\/es\/?post_type=product&#038;p=120598"},"modified":"2026-03-13T17:34:58","modified_gmt":"2026-03-13T22:34:58","slug":"yith-remy-food-y-restaurant-wordpress-theme","status":"publish","type":"product","link":"https:\/\/gpl-love.com\/es\/producto\/yith-remy-food-y-restaurant-wordpress-theme\/","title":{"rendered":"YITH Remy Food y Restaurant WordPress Theme 1.2.3"},"content":{"rendered":"<h3>YITH Remy Food y Restaurant WordPress Theme Caracteristicas<\/h3>\n<p>El tema de WordPress de Remy Remy Food and Restaurant es un tema incre\u00edblemente vers\u00e1til y rico en funciones meticulosamente elaborado para satisfacer espec\u00edficamente las necesidades de las empresas y restaurantes de alimentos. Aprovechando el poder y la flexibilidad de la famosa plataforma de WordPress, este tema ofrece una gran cantidad de caracter\u00edsticas avanzadas y opciones de personalizaci\u00f3n que le permiten dise\u00f1ar un sitio web extraordinario que exhiba sin problemas la esencia de su negocio. Con un dise\u00f1o elegante y contempor\u00e1neo, una tipograf\u00eda impresionante y un dise\u00f1o personalizable, Remy sirve como el recipiente perfecto para exhibir su delicioso men\u00fa, servicios excepcionales y promociones atractivas. Adem\u00e1s, este tema es totalmente receptivo, asegurando que su sitio web exude excelencia y mantenga su atractivo visual en todos los dispositivos. Independientemente de la escala de su restaurante, ya sea peque\u00f1o o grande, su tema de WordPress Remy Food and Restaurant demuestra ser una elecci\u00f3n excepcional que sin duda catapultar\u00e1 su negocio al \u00e9xito colosal y le permitir\u00e1 cautivar a un p\u00fablico m\u00e1s amplio.<\/p>\n<ul>\n<li>Dise\u00f1o totalmente receptivo y amigable para m\u00f3viles<\/li>\n<li>M\u00faltiples dise\u00f1os de p\u00e1gina de inicio para elegir<\/li>\n<li>Secciones de encabezado y pie de p\u00e1gina personalizables<\/li>\n<li>Integraci\u00f3n con complementos populares de reservas y reservas<\/li>\n<li>Sistema de pedidos en l\u00ednea incorporado con opciones de pago<\/li>\n<li>P\u00e1ginas de men\u00fa con varios dise\u00f1os y opciones<\/li>\n<li>Testimonio y revisi\u00f3n de secciones de comentarios de los clientes<\/li>\n<li>Integraci\u00f3n con plataformas de redes sociales para compartir f\u00e1cilmente<\/li>\n<li>Traducci\u00f3n y multiling\u00fce listo para uso global<\/li>\n<li>Actualizaciones y soporte regulares de los desarrolladores de temas.<\/li>\n<\/ul>\n","protected":false},"excerpt":{"rendered":"<p>Es un tema de WordPress de Remy Food and Restaurant, reconocido por su profesionalismo y sofisticaci\u00f3n, cuenta con un dise\u00f1o exquisito hecho a medida para sitios web centrados en alimentos y restaurantes. Este tema, con su multitud de opciones para la personalizaci\u00f3n, permite a los usuarios dise\u00f1ar una presencia en l\u00ednea visualmente llamativa que encarna sin problemas su marca y muestra su delicioso men\u00fa. Ofreciendo numerosas opciones de dise\u00f1o, esquemas de color y fuentes personalizables, as\u00ed como un editor de arrastrar y soltar sin esfuerzo, yith Remy simplifica el proceso de dise\u00f1ar un sitio web que sea est\u00e9ticamente agradable y altamente funcional. Adem\u00e1s, est\u00e1 equipado con p\u00e1ginas predise\u00f1adas dedicadas a men\u00fas, testimonios y galer\u00edas, asegurando que los usuarios tengan todas las herramientas necesarias a su disposici\u00f3n. Adem\u00e1s, este tema es totalmente receptivo, lo que garantiza que su sitio web exude la magnificencia independientemente del dispositivo desde el que se acceda.<\/p>\n","protected":false},"featured_media":168664,"comment_status":"open","ping_status":"open","template":"","meta":[],"product_brand":[2391],"product_cat":[1646,1237,1238],"product_tag":[1462],"class_list":{"0":"post-120598","1":"product","2":"type-product","3":"status-publish","4":"has-post-thumbnail","6":"product_brand-yith","7":"product_cat-alimentacion-y-restaurante","8":"product_cat-temas","9":"product_cat-wordpress-temas","10":"product_tag-yith","11":"member-discount","12":"discount-restricted","14":"first","15":"instock","16":"sale","17":"downloadable","18":"virtual","19":"sold-individually","20":"purchasable","21":"product-type-simple"},"_links":{"self":[{"href":"https:\/\/gpl-love.com\/es\/wp-json\/wp\/v2\/product\/120598","targetHints":{"allow":["GET"]}}],"collection":[{"href":"https:\/\/gpl-love.com\/es\/wp-json\/wp\/v2\/product"}],"about":[{"href":"https:\/\/gpl-love.com\/es\/wp-json\/wp\/v2\/types\/product"}],"replies":[{"embeddable":true,"href":"https:\/\/gpl-love.com\/es\/wp-json\/wp\/v2\/comments?post=120598"}],"wp:featuredmedia":[{"embeddable":true,"href":"https:\/\/gpl-love.com\/es\/wp-json\/wp\/v2\/media\/168664"}],"wp:attachment":[{"href":"https:\/\/gpl-love.com\/es\/wp-json\/wp\/v2\/media?parent=120598"}],"wp:term":[{"taxonomy":"product_brand","embeddable":true,"href":"https:\/\/gpl-love.com\/es\/wp-json\/wp\/v2\/product_brand?post=120598"},{"taxonomy":"product_cat","embeddable":true,"href":"https:\/\/gpl-love.com\/es\/wp-json\/wp\/v2\/product_cat?post=120598"},{"taxonomy":"product_tag","embeddable":true,"href":"https:\/\/gpl-love.com\/es\/wp-json\/wp\/v2\/product_tag?post=120598"}],"curies":[{"name":"wp","href":"https:\/\/api.w.org\/{rel}","templated":true}]}}