{"id":120596,"date":"2024-08-21T00:00:00","date_gmt":"2024-08-21T05:00:00","guid":{"rendered":"https:\/\/gpl-love.com\/es\/?post_type=product&#038;p=120596"},"modified":"2026-03-09T07:31:45","modified_gmt":"2026-03-09T12:31:45","slug":"email-address-encoder-premium","status":"publish","type":"product","link":"https:\/\/gpl-love.com\/es\/producto\/email-address-encoder-premium\/","title":{"rendered":"Email Address Encoder Premium 0.3.11"},"content":{"rendered":"<h3>Email Address Encoder Premium Caracteristicas<\/h3>\n<p>Direcci\u00f3n de correo electr\u00f3nico El codificador Premium, una herramienta de protecci\u00f3n por correo electr\u00f3nico altamente efectiva y f\u00e1cil de usar, ofrece la capacidad de cifrar las direcciones de correo electr\u00f3nico de su sitio web, frustrando as\u00ed a los spammers de extraerlos. Esta notable herramienta se integra perfectamente en el c\u00f3digo de su sitio web, codificando autom\u00e1ticamente todas las direcciones de correo electr\u00f3nico, lo que las hace indescifrables a los bots malevolentes, al tiempo que permite que sus visitantes hagan clic sin esfuerzo en ellos e inicie la correspondencia por correo electr\u00f3nico con usted. Con atributos avanzados como preferencias de codificaci\u00f3n personalizadas y compatibilidad vers\u00e1til en m\u00faltiples plataformas, el codificador de direcci\u00f3n de correo electr\u00f3nico Premium sirve como la soluci\u00f3n ideal para fortalecer su sitio web contra la insidiosa invasi\u00f3n de spam por correo electr\u00f3nico, asegurando la preservaci\u00f3n de la integridad e imperabilidad de su comunicaci\u00f3n.<\/p>\n<ul>\n<li>Asegura direcciones de correo electr\u00f3nico de bots de cosecha de correo electr\u00f3nico<\/li>\n<li>Codifica direcciones de correo electr\u00f3nico de una manera que preserva su funcionalidad en las p\u00e1ginas web<\/li>\n<li>Utiliza algoritmos avanzados para ofuscar direcciones de correo electr\u00f3nico sin comprometer su accesibilidad a los usuarios humanos<\/li>\n<li>Protege la privacidad del usuario y evita el spam<\/li>\n<li>F\u00e1cil de instalar y usar en diferentes plataformas (WordPress, Joomla, Drupal, etc.)<\/li>\n<li>Proporciona opciones de personalizaci\u00f3n para ajustar las necesidades y preferencias individuales<\/li>\n<li>Altamente compatible con diferentes clientes y navegadores de correo electr\u00f3nico<\/li>\n<li>Admite m\u00faltiples m\u00e9todos de codificaci\u00f3n (ASCII, Unicode, JavaScript, etc.)<\/li>\n<li>Proporciona documentaci\u00f3n y soporte integrales para garantizar un rendimiento \u00f3ptimo<\/li>\n<li>Asequible y lleno de valor con caracter\u00edsticas premium<\/li>\n<\/ul>\n","protected":false},"excerpt":{"rendered":"<p>El codificador de la direcci\u00f3n de correo electr\u00f3nico Premium, una herramienta altamente indispensable, tiene el prop\u00f3sito vital de salvaguardar su direcci\u00f3n de correo electr\u00f3nico contra los bots de spam maliciosos. Empleando la tecnolog\u00eda de cifrado de vanguardia, esta herramienta notablemente potente encripta efectivamente su direcci\u00f3n de correo electr\u00f3nico, lo que la hace impermeable a los ojos indiscretos de los bots de spam, asegurando as\u00ed la limpieza pr\u00edstina y la libertad de spam en su bandeja de entrada. Con un proceso de instalaci\u00f3n notablemente f\u00e1cil de usar y una compatibilidad perfecta con todos los clientes de correo electr\u00f3nico l\u00edderes, la direcci\u00f3n de direcci\u00f3n de correo electr\u00f3nico Premium no ejerce un impacto perjudicial en la funcionalidad de su direcci\u00f3n de correo electr\u00f3nico. Escude su estimada direcci\u00f3n de correo electr\u00f3nico y se despido de la perenne molestia de spam adoptando la protecci\u00f3n inigualable que ofrece la prima del codificador de la direcci\u00f3n de correo electr\u00f3nico.<\/p>\n","protected":false},"featured_media":165975,"comment_status":"open","ping_status":"open","template":"","meta":[],"product_brand":[2440],"product_cat":[1212,1206,1211],"product_tag":[2240],"class_list":{"0":"post-120596","1":"product","2":"type-product","3":"status-publish","4":"has-post-thumbnail","6":"product_brand-encoder","7":"product_cat-administracion-wordpress-plugins","8":"product_cat-plugins","9":"product_cat-wordpress-plugins","10":"product_tag-encoder","11":"member-discount","12":"discount-restricted","14":"first","15":"instock","16":"sale","17":"downloadable","18":"virtual","19":"sold-individually","20":"purchasable","21":"product-type-simple"},"_links":{"self":[{"href":"https:\/\/gpl-love.com\/es\/wp-json\/wp\/v2\/product\/120596","targetHints":{"allow":["GET"]}}],"collection":[{"href":"https:\/\/gpl-love.com\/es\/wp-json\/wp\/v2\/product"}],"about":[{"href":"https:\/\/gpl-love.com\/es\/wp-json\/wp\/v2\/types\/product"}],"replies":[{"embeddable":true,"href":"https:\/\/gpl-love.com\/es\/wp-json\/wp\/v2\/comments?post=120596"}],"wp:featuredmedia":[{"embeddable":true,"href":"https:\/\/gpl-love.com\/es\/wp-json\/wp\/v2\/media\/165975"}],"wp:attachment":[{"href":"https:\/\/gpl-love.com\/es\/wp-json\/wp\/v2\/media?parent=120596"}],"wp:term":[{"taxonomy":"product_brand","embeddable":true,"href":"https:\/\/gpl-love.com\/es\/wp-json\/wp\/v2\/product_brand?post=120596"},{"taxonomy":"product_cat","embeddable":true,"href":"https:\/\/gpl-love.com\/es\/wp-json\/wp\/v2\/product_cat?post=120596"},{"taxonomy":"product_tag","embeddable":true,"href":"https:\/\/gpl-love.com\/es\/wp-json\/wp\/v2\/product_tag?post=120596"}],"curies":[{"name":"wp","href":"https:\/\/api.w.org\/{rel}","templated":true}]}}