{"id":120594,"date":"2024-08-10T00:00:00","date_gmt":"2024-08-10T05:00:00","guid":{"rendered":"https:\/\/gpl-love.com\/es\/?post_type=product&#038;p=120594"},"modified":"2026-03-09T08:30:59","modified_gmt":"2026-03-09T13:30:59","slug":"wpforms-form-lock","status":"publish","type":"product","link":"https:\/\/gpl-love.com\/es\/producto\/wpforms-form-lock\/","title":{"rendered":"WPForms Form Locker 2.8.0"},"content":{"rendered":"<h3>WPForms Form Locker Caracteristicas<\/h3>\n<p>WPForms Form Locker es una herramienta incre\u00edblemente robusta y poderosa que proporciona a los propietarios de sitios web la capacidad incomparable para restringir y regular el acceso a formularios espec\u00edficos que se encuentran en su sitio web. Al ofrecer este complemento invaluable, los usuarios pueden generar e implementar formularios de inicio de sesi\u00f3n \u00fanicos y personalizados o formularios protegidos con contrase\u00f1a a las que se les ha otorgado exclusivamente la autorizaci\u00f3n expl\u00edcita. La implementaci\u00f3n de este complemento no solo refuerza las medidas de seguridad generales de su sitio web, sino que tambi\u00e9n garantiza que cualquier informaci\u00f3n confidencial permanezca al alcance de quienes poseen los permisos apropiados. Adem\u00e1s, la belleza de WPForms Form Locker radica en su dise\u00f1o y funcionalidad f\u00e1cil de usar, ya que elimina la necesidad de cualquier conocimiento o experiencia avanzada de codificaci\u00f3n. Para cosechar los inmensos beneficios de esta herramienta excepcional, todo lo que necesita hacer es instalar sin problemas el complemento, crear los formularios deseados y restringidos y proceder a establecer a las personas aprobadas que se les otorga acceso a ellos. Al utilizar efectivamente esta herramienta incomparable, puede proteger y proteger sus datos invaluables, inculcando as\u00ed un profundo sentido de tranquilidad y serenidad dentro de los corazones y mentes de sus estimados usuarios.<\/p>\n<ul>\n<li>Bloquear de forma segura WPFORMS utilizando protecci\u00f3n de contrase\u00f1a<\/li>\n<li>Controlar qui\u00e9n puede acceder a ciertos formularios y a los datos de formulario<\/li>\n<li>Agregue f\u00e1cilmente una capa adicional de seguridad a su sitio web<\/li>\n<li>Proteger la informaci\u00f3n confidencial del acceso no autorizado<\/li>\n<li>Evite los env\u00edos de spam restringiendo el acceso al formulario<\/li>\n<li>Personalice el formulario de inicio de sesi\u00f3n y la mensajer\u00eda para adaptarse a su marca<\/li>\n<li>Instalaci\u00f3n r\u00e1pida y f\u00e1cil con instrucciones paso a paso<\/li>\n<li>Compatible con todas las versiones principales de WPForms<\/li>\n<li>Atenci\u00f3n al cliente 24\/7 disponible para cualquier pregunta o problema<\/li>\n<\/ul>\n","protected":false},"excerpt":{"rendered":"<p>WPForms Form Locker es un complemento de WordPress muy robusto y eficiente que se ha dise\u00f1ado meticulosamente para satisfacer las necesidades de los usuarios que desean imponer restricciones al acceso a formularios espec\u00edficos en sus sitios web. Este complemento faculta a los usuarios fortificar sus formularios con una capa adicional de seguridad, en consecuencia, frustrando cualquier posible acceso no autorizado a informaci\u00f3n vital y confidencial. Al configurar contrase\u00f1as, roles de usuario y otras complejas configuraciones de control de acceso, los usuarios pueden determinar un sistema de protecci\u00f3n integral. Configurar y operar un casillero de formulario es muy f\u00e1cil, gracias a su interfaz f\u00e1cil de usar e integraci\u00f3n perfecta con WPFORMS, un famosa generador de formularios para WordPress. Si salvaguardar sus datos y preservar la integridad de sus formularios es de suma importancia, entonces WPForms Form Locker es inequ\u00edvocamente la soluci\u00f3n por excelencia para su sitio web.<\/p>\n","protected":false},"featured_media":168497,"comment_status":"open","ping_status":"closed","template":"","meta":[],"product_brand":[2628],"product_cat":[1214,1206,1211],"product_tag":[1440],"class_list":{"0":"post-120594","1":"product","2":"type-product","3":"status-publish","4":"has-post-thumbnail","6":"product_brand-wp-forms","7":"product_cat-personalizacion","8":"product_cat-plugins","9":"product_cat-wordpress-plugins","10":"product_tag-wp-forms","11":"member-discount","12":"discount-restricted","14":"first","15":"instock","16":"sale","17":"downloadable","18":"virtual","19":"sold-individually","20":"purchasable","21":"product-type-simple"},"_links":{"self":[{"href":"https:\/\/gpl-love.com\/es\/wp-json\/wp\/v2\/product\/120594","targetHints":{"allow":["GET"]}}],"collection":[{"href":"https:\/\/gpl-love.com\/es\/wp-json\/wp\/v2\/product"}],"about":[{"href":"https:\/\/gpl-love.com\/es\/wp-json\/wp\/v2\/types\/product"}],"replies":[{"embeddable":true,"href":"https:\/\/gpl-love.com\/es\/wp-json\/wp\/v2\/comments?post=120594"}],"wp:featuredmedia":[{"embeddable":true,"href":"https:\/\/gpl-love.com\/es\/wp-json\/wp\/v2\/media\/168497"}],"wp:attachment":[{"href":"https:\/\/gpl-love.com\/es\/wp-json\/wp\/v2\/media?parent=120594"}],"wp:term":[{"taxonomy":"product_brand","embeddable":true,"href":"https:\/\/gpl-love.com\/es\/wp-json\/wp\/v2\/product_brand?post=120594"},{"taxonomy":"product_cat","embeddable":true,"href":"https:\/\/gpl-love.com\/es\/wp-json\/wp\/v2\/product_cat?post=120594"},{"taxonomy":"product_tag","embeddable":true,"href":"https:\/\/gpl-love.com\/es\/wp-json\/wp\/v2\/product_tag?post=120594"}],"curies":[{"name":"wp","href":"https:\/\/api.w.org\/{rel}","templated":true}]}}