{"id":120590,"date":"2025-06-06T00:00:00","date_gmt":"2025-06-06T05:00:00","guid":{"rendered":"https:\/\/gpl-love.com\/es\/?post_type=product&#038;p=120590"},"modified":"2026-03-28T17:15:47","modified_gmt":"2026-03-28T22:15:47","slug":"mainwp-pro-reports","status":"publish","type":"product","link":"https:\/\/gpl-love.com\/es\/producto\/mainwp-pro-reports\/","title":{"rendered":"MainWP Pro Reports 5.1"},"content":{"rendered":"<h3>MainWP Pro Reports Caracteristicas<\/h3>\n<p>MainWP Pro Reports, una herramienta incre\u00edblemente robusta, ofrece a los usuarios un m\u00e9todo simple y altamente eficiente para generar informes en profundidad para sus sitios web de WordPress. Este complemento excepcional permite a los usuarios generar r\u00e1pidamente informes que abarcan una amplia gama de aspectos cr\u00edticos, incluidas las preocupaciones de seguridad y los valiosos datos de Google Analytics. En consecuencia, sirve como un activo indispensable para todos los propietarios y gerentes de sitios web. Independientemente de si su objetivo es monitorear de cerca el rendimiento de su sitio, rastrear posibles amenazas de seguridad o mejorar su comprensi\u00f3n de su p\u00fablico objetivo, MainWP Pro Reports proporciona todas las caracter\u00edsticas necesarias para facilitar la toma de decisiones bien informadas y garantizar la operaci\u00f3n perfecta de su sitio web. Por lo tanto, si est\u00e1 en busca de una soluci\u00f3n de informes confiable y f\u00e1cil de usar, MainWP Pro Reports es, sin duda, la opci\u00f3n ideal para usted.<\/p>\n<ul>\n<li>Herramienta de informes integral para la gesti\u00f3n del sitio web.<\/li>\n<li>Se integra con MainWP Pro, el complemento de administraci\u00f3n de WordPress l\u00edder.<\/li>\n<li>Genera informes detallados y personalizables sobre el rendimiento del sitio web, la seguridad, el contenido y m\u00e1s.<\/li>\n<li>Proporciona un tablero centralizado para que los usuarios puedan ver y administrar todos los informes.<\/li>\n<li>Exportable a PDF o CSV para facilitar el intercambio y el an\u00e1lisis.<\/li>\n<li>Ofrece una variedad de plantillas de informes para casos de uso comunes, como informes del cliente o auditor\u00edas del sitio.<\/li>\n<li>Permite a los usuarios crear informes personalizados con un constructor de informes de arrastrar y soltar.<\/li>\n<li>Incluye opciones de automatizaci\u00f3n para programar y enviar informes a clientes o miembros del equipo.<\/li>\n<li>Admite informes de varios sitios para usuarios que administran m\u00faltiples sitios de WordPress.<\/li>\n<li>Actualizado continuamente para incluir nuevas caracter\u00edsticas y mejoras.<\/li>\n<li>Proporciona una excelente atenci\u00f3n al cliente a trav\u00e9s del equipo dedicado de MainWP.<\/li>\n<\/ul>\n","protected":false},"excerpt":{"rendered":"<p>MainWP Pro Reports, una herramienta incre\u00edblemente robusta y efectiva, ha sido meticulosamente elaborada para satisfacer las necesidades de los propietarios de sitios web y desarrolladores que anhelan informes integrales y profundos que ofrecen ideas invaluables sobre el intrincado funcionamiento de sus queridos sitios de WordPress. Equipado con esta herramienta excepcional, se le otorga la capacidad de modelar informes a medida que abarcan una variedad de aspectos cr\u00edticos relacionados con el rendimiento general de su sitio, que abarca actualizaciones, copias de seguridad, seguridad y una variedad de otros factores fundamentales. Estos informes meticulosamente elaborados no solo son una brisa para generar, sino tambi\u00e9n una delicia absoluta para leer, facilitando as\u00ed el monitoreo sin interrupciones del rendimiento de su estimado sitio web y capacit\u00e1ndole para tomar decisiones bien informadas basadas en la riqueza de datos invaluables y meticulosamente organizados que son f\u00e1cilmente a su disposici\u00f3n. Independientemente de si usted es un desarrollador solitario o un supervisor astuto de m\u00faltiples sitios web, la verdad innegable sigue siendo que MainWP Pro informa es una herramienta indispensable y no negociable que indudablemente contribuir\u00e1 a la optimizaci\u00f3n \u00f3ptima de sus apreciados sitios de WordPress.<\/p>\n","protected":false},"featured_media":166676,"comment_status":"open","ping_status":"open","template":"","meta":[],"product_brand":[2491],"product_cat":[1212,1206,1211],"product_tag":[1324],"class_list":{"0":"post-120590","1":"product","2":"type-product","3":"status-publish","4":"has-post-thumbnail","6":"product_brand-main-wp","7":"product_cat-administracion-wordpress-plugins","8":"product_cat-plugins","9":"product_cat-wordpress-plugins","10":"product_tag-main-wp","11":"member-discount","12":"discount-restricted","14":"first","15":"instock","16":"sale","17":"downloadable","18":"virtual","19":"sold-individually","20":"purchasable","21":"product-type-simple"},"_links":{"self":[{"href":"https:\/\/gpl-love.com\/es\/wp-json\/wp\/v2\/product\/120590","targetHints":{"allow":["GET"]}}],"collection":[{"href":"https:\/\/gpl-love.com\/es\/wp-json\/wp\/v2\/product"}],"about":[{"href":"https:\/\/gpl-love.com\/es\/wp-json\/wp\/v2\/types\/product"}],"replies":[{"embeddable":true,"href":"https:\/\/gpl-love.com\/es\/wp-json\/wp\/v2\/comments?post=120590"}],"wp:featuredmedia":[{"embeddable":true,"href":"https:\/\/gpl-love.com\/es\/wp-json\/wp\/v2\/media\/166676"}],"wp:attachment":[{"href":"https:\/\/gpl-love.com\/es\/wp-json\/wp\/v2\/media?parent=120590"}],"wp:term":[{"taxonomy":"product_brand","embeddable":true,"href":"https:\/\/gpl-love.com\/es\/wp-json\/wp\/v2\/product_brand?post=120590"},{"taxonomy":"product_cat","embeddable":true,"href":"https:\/\/gpl-love.com\/es\/wp-json\/wp\/v2\/product_cat?post=120590"},{"taxonomy":"product_tag","embeddable":true,"href":"https:\/\/gpl-love.com\/es\/wp-json\/wp\/v2\/product_tag?post=120590"}],"curies":[{"name":"wp","href":"https:\/\/api.w.org\/{rel}","templated":true}]}}