{"id":120588,"date":"2021-12-13T00:00:00","date_gmt":"2021-12-13T05:00:00","guid":{"rendered":"https:\/\/gpl-love.com\/es\/?post_type=product&#038;p=120588"},"modified":"2026-03-09T07:29:04","modified_gmt":"2026-03-09T12:29:04","slug":"easy-digital-downloads-featured-downloads","status":"publish","type":"product","link":"https:\/\/gpl-love.com\/es\/producto\/easy-digital-downloads-featured-downloads\/","title":{"rendered":"Easy Digital Downloads Featured Downloads 1.0.5"},"content":{"rendered":"<h3>Easy Digital Downloads Featured Downloads Caracteristicas<\/h3>\n<p>Easy Digital Downloads Sense Downloads es una herramienta altamente eficiente y efectiva que proporciona una inmensa asistencia a los propietarios de sitios web en la promoci\u00f3n y la exhibici\u00f3n de sus productos digitales m\u00e1s solicitados. Este notable complemento otorga a los usuarios la capacidad de curar y compilar una lista exclusiva de descargas destacadas, que se pueden exhibir convenientemente en la p\u00e1gina de inicio o en cualquier p\u00e1gina deseada de su sitio web. La versatilidad de este complemento permite la personalizaci\u00f3n sin esfuerzo de estas descargas presentadas a trav\u00e9s de la inclusi\u00f3n de im\u00e1genes personalizadas, descripciones integrales y detalles de precios precisos. Adem\u00e1s, los propietarios de sitios web tambi\u00e9n pueden mejorar la visibilidad de sus descargas destacadas incorporando un widget en la barra lateral de su sitio web. Sin lugar a dudas, este complemento excepcional sirve como una opci\u00f3n \u00f3ptima para los propietarios de sitios web que aspiran a acentuar sus productos digitales m\u00e1s vendidos y aumentar sus cifras generales de ventas. La interfaz de usuario perfecta y las opciones de personalizaci\u00f3n notablemente adaptables que ofrecen descargas digitales f\u00e1ciles presentan descargas que la convierten en una herramienta indispensable y esencial para cada negocio en l\u00ednea que se especialice en la venta de productos digitales.<\/p>\n<ul>\n<li>Muestra una lista de descargas destacadas en su tienda f\u00e1cil de descargas digitales<\/li>\n<li>Le permite asignar productos como aparecen con solo unos pocos clics<\/li>\n<li>Se puede personalizar f\u00e1cilmente para que coincida con la marca y el estilo de su tienda<\/li>\n<li>Proporciona una excelente manera de resaltar sus productos m\u00e1s populares o m\u00e1s nuevos<\/li>\n<li>Ayuda a aumentar las ventas llamando la atenci\u00f3n sobre productos espec\u00edficos<\/li>\n<li>Funciona sin problemas con descargas digitales f\u00e1ciles y no requiere software o conocimiento adicional de programaci\u00f3n<\/li>\n<li>Proporciona un dise\u00f1o receptivo que se ve muy bien en todos los dispositivos y tama\u00f1os de pantalla<\/li>\n<li>Le da control completo sobre qu\u00e9 productos se presentan y cuando aparecen en su tienda<\/li>\n<li>Aumenta la participaci\u00f3n del cliente present\u00e1ndoles contenido visualmente atractivo y llamativo.<\/li>\n<\/ul>\n","protected":false},"excerpt":{"rendered":"<p>El complemento f\u00e1cil de descargas digitales de descargas demuestra ser una herramienta muy ventajosa, ya que acent\u00faa efectivamente sus productos digitales m\u00e1s vendidos y excepcionalmente populares. Al otorgarle la capacidad de mostrar las descargas elegidas como elementos destacados en su sitio web, le otorga la flexibilidad para personalizar la cantidad de art\u00edculos destacados y sus respectivos pedidos de visualizaci\u00f3n. Con este invaluable complemento a su disposici\u00f3n, los clientes est\u00e1n permitidos para tropezar sin esfuerzo en sus productos mejor calificados, fomentando en \u00faltima instancia una mayor propensi\u00f3n para mayores tasas de ventas y conversi\u00f3n en su estimado sitio web.<\/p>\n","protected":false},"featured_media":165858,"comment_status":"open","ping_status":"open","template":"","meta":[],"product_brand":[2427],"product_cat":[1207,1248,1206],"product_tag":[1280],"class_list":{"0":"post-120588","1":"product","2":"type-product","3":"status-publish","4":"has-post-thumbnail","6":"product_brand-easy-digital-downloads","7":"product_cat-comercio-electronico-plugins","8":"product_cat-personalizacion-comercio-electronico-plugins","9":"product_cat-plugins","10":"product_tag-easy-digital-downloads","11":"member-discount","12":"discount-restricted","14":"first","15":"instock","16":"sale","17":"downloadable","18":"virtual","19":"sold-individually","20":"purchasable","21":"product-type-simple"},"_links":{"self":[{"href":"https:\/\/gpl-love.com\/es\/wp-json\/wp\/v2\/product\/120588","targetHints":{"allow":["GET"]}}],"collection":[{"href":"https:\/\/gpl-love.com\/es\/wp-json\/wp\/v2\/product"}],"about":[{"href":"https:\/\/gpl-love.com\/es\/wp-json\/wp\/v2\/types\/product"}],"replies":[{"embeddable":true,"href":"https:\/\/gpl-love.com\/es\/wp-json\/wp\/v2\/comments?post=120588"}],"wp:featuredmedia":[{"embeddable":true,"href":"https:\/\/gpl-love.com\/es\/wp-json\/wp\/v2\/media\/165858"}],"wp:attachment":[{"href":"https:\/\/gpl-love.com\/es\/wp-json\/wp\/v2\/media?parent=120588"}],"wp:term":[{"taxonomy":"product_brand","embeddable":true,"href":"https:\/\/gpl-love.com\/es\/wp-json\/wp\/v2\/product_brand?post=120588"},{"taxonomy":"product_cat","embeddable":true,"href":"https:\/\/gpl-love.com\/es\/wp-json\/wp\/v2\/product_cat?post=120588"},{"taxonomy":"product_tag","embeddable":true,"href":"https:\/\/gpl-love.com\/es\/wp-json\/wp\/v2\/product_tag?post=120588"}],"curies":[{"name":"wp","href":"https:\/\/api.w.org\/{rel}","templated":true}]}}