{"id":120587,"date":"2023-01-30T00:00:00","date_gmt":"2023-01-30T05:00:00","guid":{"rendered":"https:\/\/gpl-love.com\/es\/producto\/css-igniter-nico-wordpress-theme\/"},"modified":"2026-03-13T17:18:32","modified_gmt":"2026-03-13T22:18:32","slug":"css-igniter-nico-wordpress-theme","status":"publish","type":"product","link":"https:\/\/gpl-love.com\/es\/producto\/css-igniter-nico-wordpress-theme\/","title":{"rendered":"CSS Igniter Nico WordPress Theme 2.7.1"},"content":{"rendered":"<h3>CSS Igniter Nico WordPress Theme Caracteristicas<\/h3>\n<p>El tema CSS Igniter Nico WordPress, con su naturaleza multifac\u00e9tica y refinada, sirve como una soluci\u00f3n impecable para aquellos que buscan dise\u00f1ar un sitio web visualmente llamativo. Con una est\u00e9tica optimizada y contempor\u00e1nea, este tema proporciona una v\u00eda sin esfuerzo para la personalizaci\u00f3n, lo que permite a los usuarios adaptarla a sus preferencias y requisitos espec\u00edficos. Adem\u00e1s, con su diversa variedad de plantillas predise\u00f1adas y dise\u00f1os de p\u00e1ginas, las personas pueden dise\u00f1ar r\u00e1pidamente un sitio web que exude un sentido de profesionalismo y sofisticaci\u00f3n. Adem\u00e1s, la capacidad de respuesta completa del tema garantiza que su sitio web ser\u00e1 visualmente cautivador y fluido en todos los dispositivos. Independientemente de si se identifica como blogger, propietario de negocios o profesional creativo, el tema CSS Igniter Nico WordPress emerge indudablemente como una opci\u00f3n ejemplar para aquellos que desean erigir un sitio web que se distingue sin problemas del resto.<\/p>\n<ul>\n<li>Dise\u00f1o moderno y elegante que es perfecto para bloggers, trabajadores independientes y profesionales creativos<\/li>\n<li>Dise\u00f1o totalmente receptivo que se ve muy bien en todos los dispositivos<\/li>\n<li>Tipograf\u00eda personalizable y opciones de color para que coincidan con su marca o estilo personal<\/li>\n<li>Arrastre y suelte el constructor de p\u00e1ginas de inicio para crear f\u00e1cilmente su dise\u00f1o ideal<\/li>\n<li>Integraci\u00f3n de redes sociales incorporadas para ayudarlo a hacer crecer sus seguidores y mejorar el compromiso<\/li>\n<li>SEO optimizado para ayudar a su sitio web a clasificar m\u00e1s alto en los resultados del motor de b\u00fasqueda<\/li>\n<li>Importaci\u00f3n de demostraci\u00f3n de un solo clic para que su sitio web se ejecute r\u00e1pidamente<\/li>\n<li>Soporte para m\u00faltiples formatos de publicaci\u00f3n que incluyen video, audio y galer\u00edas<\/li>\n<li>Compatible con complementos populares de WordPress como WooCommerce y WPFORMS<\/li>\n<li>Actualizaciones regulares y acceso a un equipo de soporte \u00fatil para garantizar que su sitio web funcione sin problemas.<\/li>\n<\/ul>\n","protected":false},"excerpt":{"rendered":"<p>El tema CSS Igniter Nico WordPress es una herramienta incre\u00edble para cualquier desarrollador de sitios web. Ofrece un dise\u00f1o limpio, m\u00ednimo y receptivo, perfecto para mostrar su cartera de manera profesional y elegante. El tema es totalmente personalizable, lo que le permite ajustar colores, fuentes y dise\u00f1os para que coincida con la identidad de su marca. Mostrar su trabajo se convierte en una brisa con el uso de galer\u00edas hermosas y suaves. El tema de NICO WordPress tambi\u00e9n viene con caracter\u00edsticas avanzadas de SEO que garantiza que su sitio web llegue a un p\u00fablico m\u00e1s amplio. Con su interfaz f\u00e1cil de usar y su documentaci\u00f3n completa, incluso los principiantes les resultar\u00e1 f\u00e1cil navegar. El tema tambi\u00e9n es compatible con las \u00faltimas versiones de WordPress, que proporciona una experiencia de usuario perfecta e ininterrumpida. Por lo tanto, convierta su sitio web en una impresionante cartera digital con el tema CSS Igniter Nico WordPress.<\/p>\n","protected":false},"featured_media":165708,"comment_status":"open","ping_status":"open","template":"","meta":[],"product_brand":[2403],"product_cat":[1267,1237,1238],"product_tag":[2134],"class_list":{"0":"post-120587","1":"product","2":"type-product","3":"status-publish","4":"has-post-thumbnail","6":"product_brand-css-igniter","7":"product_cat-creativo","8":"product_cat-temas","9":"product_cat-wordpress-temas","10":"product_tag-css-igniter","11":"member-discount","12":"discount-restricted","14":"first","15":"instock","16":"sale","17":"downloadable","18":"virtual","19":"sold-individually","20":"purchasable","21":"product-type-simple"},"_links":{"self":[{"href":"https:\/\/gpl-love.com\/es\/wp-json\/wp\/v2\/product\/120587","targetHints":{"allow":["GET"]}}],"collection":[{"href":"https:\/\/gpl-love.com\/es\/wp-json\/wp\/v2\/product"}],"about":[{"href":"https:\/\/gpl-love.com\/es\/wp-json\/wp\/v2\/types\/product"}],"replies":[{"embeddable":true,"href":"https:\/\/gpl-love.com\/es\/wp-json\/wp\/v2\/comments?post=120587"}],"wp:featuredmedia":[{"embeddable":true,"href":"https:\/\/gpl-love.com\/es\/wp-json\/wp\/v2\/media\/165708"}],"wp:attachment":[{"href":"https:\/\/gpl-love.com\/es\/wp-json\/wp\/v2\/media?parent=120587"}],"wp:term":[{"taxonomy":"product_brand","embeddable":true,"href":"https:\/\/gpl-love.com\/es\/wp-json\/wp\/v2\/product_brand?post=120587"},{"taxonomy":"product_cat","embeddable":true,"href":"https:\/\/gpl-love.com\/es\/wp-json\/wp\/v2\/product_cat?post=120587"},{"taxonomy":"product_tag","embeddable":true,"href":"https:\/\/gpl-love.com\/es\/wp-json\/wp\/v2\/product_tag?post=120587"}],"curies":[{"name":"wp","href":"https:\/\/api.w.org\/{rel}","templated":true}]}}