{"id":120569,"date":"2022-02-28T00:00:00","date_gmt":"2022-02-28T05:00:00","guid":{"rendered":"https:\/\/gpl-love.com\/es\/?post_type=product&#038;p=120569"},"modified":"2026-04-10T11:18:11","modified_gmt":"2026-04-10T16:18:11","slug":"mythemeshop-newsonline-wordpress-theme","status":"publish","type":"product","link":"https:\/\/gpl-love.com\/es\/producto\/mythemeshop-newsonline-wordpress-theme\/","title":{"rendered":"MyThemeShop NewsOnline WordPress Theme 1.2.9"},"content":{"rendered":"<h3>MyThemeShop NewsOnline WordPress Theme Caracteristicas<\/h3>\n<p>El tema Mythemeshop NewsOnline WordPress es un tema excepcionalmente contempor\u00e1neo y est\u00e9ticamente agradable, lo que lo convierte en una opci\u00f3n ideal para las personas que buscan establecer sitios web de noticias, revistas en l\u00ednea o blogs. Este tema cuenta con un dise\u00f1o totalmente receptivo impecablemente dise\u00f1ado que se adapta perfectamente a cualquier dispositivo, garantizando as\u00ed una experiencia ininterrumpida y f\u00e1cil de usar. Adem\u00e1s, ofrece una variedad de opciones potentes que permiten a los usuarios personalizar el dise\u00f1o, los colores y las fuentes de acuerdo con sus preferencias, lo que facilita la creaci\u00f3n de un sitio web verdaderamente distintivo y a medida. Al emplear NewsOnline, uno puede mostrar efectivamente su contenido en diversos formatos, abarcar galer\u00edas de audio, video e im\u00e1genes para una mayor participaci\u00f3n e interactividad. Adem\u00e1s, el tema se ha optimizado meticulosamente tanto para los tiempos de carga r\u00e1pidos como para los prop\u00f3sitos de SEO, lo que posteriormente garantiza que los sitios web que lo utilicen puedan cargar r\u00e1pidamente y alcanzar una clasificaci\u00f3n m\u00e1s alta en motores de b\u00fasqueda prominentes. En general, el tema Mythemeshop Newsonline WordPress indudablemente representa una selecci\u00f3n excepcional para las personas que aspiran a establecer un sitio web o revista de noticias o revistas de manera competente.<\/p>\n<ul>\n<li>Dise\u00f1o moderno, limpio e intuitivo que es totalmente receptivo y amigable para los dispositivos m\u00f3viles<\/li>\n<li>Optimizado para velocidades de p\u00e1gina r\u00e1pidas y mejores pr\u00e1cticas de SEO<\/li>\n<li>Sistema de gesti\u00f3n de anuncios incorporado para monetizar su sitio web con facilidad<\/li>\n<li>Widgets y c\u00f3digos cortos personalizados para una f\u00e1cil creaci\u00f3n y personalizaci\u00f3n de contenido<\/li>\n<li>Panel de opciones robustas para una f\u00e1cil personalizaci\u00f3n del tema sin tocar ning\u00fan c\u00f3digo<\/li>\n<li>Compatibilidad con complementos populares de WordPress, como WooCommerce y MailChimp<\/li>\n<li>Actualizaciones regulares y apoyo dedicado de un equipo de desarrolladores experimentados<\/li>\n<li>Listo para la traducci\u00f3n y admite idiomas RTL<\/li>\n<li>M\u00faltiples dise\u00f1os de p\u00e1gina de inicio, que incluyen un ticker de noticias de \u00faltima hora y una secci\u00f3n de publicaci\u00f3n destacada<\/li>\n<li>Viene con una opci\u00f3n de importaci\u00f3n de demostraci\u00f3n completa para configurar f\u00e1cilmente su sitio como la demostraci\u00f3n.<\/li>\n<\/ul>\n","protected":false},"excerpt":{"rendered":"<p>El tema de WordPress de NewsOnline, desarrollado por Mythemeshop, presenta una resoluci\u00f3n que lo abarca todo para satisfacer las necesidades de los bloggers, sitios web de noticias y revistas en l\u00ednea que buscan un dise\u00f1o elegante y contempor\u00e1neo. Su amplia gama de opciones personalizables, widgets f\u00e1ciles de usar y dise\u00f1o adaptable garantiza una experiencia de usuario sin problemas en varios dispositivos. Adem\u00e1s, este tema excepcional abarca la funcionalidad integrada de las redes sociales, la gesti\u00f3n eficiente del espacio publicitario y una variedad de herramientas dedicadas a optimizar el rendimiento del motor de b\u00fasqueda. Eleve su presencia en l\u00ednea y cautive a un p\u00fablico m\u00e1s amplio con el notable poder y potencial del tema de WordPress de Newsonline de los estimados desarrolladores de Mythemeshop.<\/p>\n","protected":false},"featured_media":166916,"comment_status":"open","ping_status":"open","template":"","meta":[],"product_brand":[2505],"product_cat":[1267,1237,1238],"product_tag":[1334],"class_list":{"0":"post-120569","1":"product","2":"type-product","3":"status-publish","4":"has-post-thumbnail","6":"product_brand-my-theme-shop","7":"product_cat-creativo","8":"product_cat-temas","9":"product_cat-wordpress-temas","10":"product_tag-my-theme-shop","11":"member-discount","12":"discount-restricted","14":"first","15":"instock","16":"sale","17":"downloadable","18":"virtual","19":"sold-individually","20":"purchasable","21":"product-type-simple"},"_links":{"self":[{"href":"https:\/\/gpl-love.com\/es\/wp-json\/wp\/v2\/product\/120569","targetHints":{"allow":["GET"]}}],"collection":[{"href":"https:\/\/gpl-love.com\/es\/wp-json\/wp\/v2\/product"}],"about":[{"href":"https:\/\/gpl-love.com\/es\/wp-json\/wp\/v2\/types\/product"}],"replies":[{"embeddable":true,"href":"https:\/\/gpl-love.com\/es\/wp-json\/wp\/v2\/comments?post=120569"}],"wp:featuredmedia":[{"embeddable":true,"href":"https:\/\/gpl-love.com\/es\/wp-json\/wp\/v2\/media\/166916"}],"wp:attachment":[{"href":"https:\/\/gpl-love.com\/es\/wp-json\/wp\/v2\/media?parent=120569"}],"wp:term":[{"taxonomy":"product_brand","embeddable":true,"href":"https:\/\/gpl-love.com\/es\/wp-json\/wp\/v2\/product_brand?post=120569"},{"taxonomy":"product_cat","embeddable":true,"href":"https:\/\/gpl-love.com\/es\/wp-json\/wp\/v2\/product_cat?post=120569"},{"taxonomy":"product_tag","embeddable":true,"href":"https:\/\/gpl-love.com\/es\/wp-json\/wp\/v2\/product_tag?post=120569"}],"curies":[{"name":"wp","href":"https:\/\/api.w.org\/{rel}","templated":true}]}}