{"id":120567,"date":"2022-03-04T00:00:00","date_gmt":"2022-03-04T05:00:00","guid":{"rendered":"https:\/\/gpl-love.com\/es\/?post_type=product&#038;p=120567"},"modified":"2026-04-10T11:18:11","modified_gmt":"2026-04-10T16:18:11","slug":"mythemeshop-myportfolio-wordpress-theme","status":"publish","type":"product","link":"https:\/\/gpl-love.com\/es\/producto\/mythemeshop-myportfolio-wordpress-theme\/","title":{"rendered":"MyThemeShop MyPortfolio WordPress Theme 1.3.10"},"content":{"rendered":"<h3>MyThemeShop MyPortfolio WordPress Theme Caracteristicas<\/h3>\n<p>El tema de MyPortfolio WordPress, desarrollado por Mythemeshop, se presenta como la soluci\u00f3n \u00f3ptima para las personas que buscan exhibir su cartera en l\u00ednea. Con un dise\u00f1o elegante y contempor\u00e1neo, este tema otorga a sus usuarios una amplia gama de opciones de personalizaci\u00f3n, facilitando la creaci\u00f3n de una apariencia distintiva y profesional para sus sitios web. Adem\u00e1s, su dise\u00f1o receptivo garantiza que su cartera exude excelencia en todos los dispositivos, mientras que las herramientas integradas de optimizaci\u00f3n de SEO aseguran que su contenido sea descubierto f\u00e1cilmente por los motores de b\u00fasqueda. Adem\u00e1s, el tema abarca una variedad de plantillas de p\u00e1gina, c\u00f3digos cortos y widgets, que est\u00e1n a su disposici\u00f3n para ayudarlo en la creaci\u00f3n de una cartera impecable. Ya sea que se identifique como un profesional independiente, artista o fot\u00f3grafo, Myportfolio se destaca como una elecci\u00f3n excepcional para exhibir sus esfuerzos art\u00edsticos en la esfera digital.<\/p>\n<ul>\n<li>Dise\u00f1o de cartera bellamente dise\u00f1ado que muestra su trabajo de manera profesional<\/li>\n<li>Dise\u00f1o totalmente receptivo y amigable para dispositivos m\u00f3viles que se adapta a todos los tama\u00f1os y dispositivos de pantalla<\/li>\n<li>Opciones de personalizaci\u00f3n f\u00e1cil con un panel de opciones de tema intuitivos<\/li>\n<li>M\u00faltiples dise\u00f1os de la p\u00e1gina de inicio para elegir incluir un control deslizante, fondo de video y m\u00e1s<\/li>\n<li>Iconos de redes sociales integrados para promover sus perfiles sociales<\/li>\n<li>Formulario de contacto incorporado para permitir que los clientes potenciales se pongan en contacto con facilidad<\/li>\n<li>C\u00f3digo optimizado de SEO y velocidades de carga r\u00e1pidas para una mejor clasificaci\u00f3n de motores de b\u00fasqueda<\/li>\n<li>Compatible con complementos populares como WooCommerce, formas de gravedad y m\u00e1s<\/li>\n<li>Actualizaciones regulares con correcciones de errores y nuevas funciones para mantener su sitio web funcionando sin problemas<\/li>\n<li>Atenci\u00f3n al cliente de primer nivel del equipo Mythemeshop para ayudar con cualquier pregunta o problema.<\/li>\n<\/ul>\n","protected":false},"excerpt":{"rendered":"<p>El tema Mythemeshop MyPortfolio WordPress es un tema sofisticado y altamente refinado que ha sido dise\u00f1ado espec\u00edficamente para mostrar efectivamente su cartera o proyectos creativos. Con una amplia gama de caracter\u00edsticas asombrosas que le otorgan la capacidad de personalizar y adaptar su sitio web a sus preferencias precisas, este tema provoca una navegaci\u00f3n perfecta y sin esfuerzo, un dise\u00f1o adaptable y receptivo, as\u00ed como una amplia gama de posibilidades de personalizaci\u00f3n. Al seleccionar el tema Mythemeshop MyPortfolio WordPress, puede exhibir sin esfuerzo su trabajo en una plataforma visualmente cautivadora e impresionante, que, a su vez, aumentar\u00e1 y elevar\u00e1 en gran medida su imagen profesional.<\/p>\n","protected":false},"featured_media":166915,"comment_status":"open","ping_status":"open","template":"","meta":[],"product_brand":[2505],"product_cat":[1267,1237,1238],"product_tag":[1334],"class_list":{"0":"post-120567","1":"product","2":"type-product","3":"status-publish","4":"has-post-thumbnail","6":"product_brand-my-theme-shop","7":"product_cat-creativo","8":"product_cat-temas","9":"product_cat-wordpress-temas","10":"product_tag-my-theme-shop","11":"member-discount","12":"discount-restricted","14":"first","15":"instock","16":"sale","17":"downloadable","18":"virtual","19":"sold-individually","20":"purchasable","21":"product-type-simple"},"_links":{"self":[{"href":"https:\/\/gpl-love.com\/es\/wp-json\/wp\/v2\/product\/120567","targetHints":{"allow":["GET"]}}],"collection":[{"href":"https:\/\/gpl-love.com\/es\/wp-json\/wp\/v2\/product"}],"about":[{"href":"https:\/\/gpl-love.com\/es\/wp-json\/wp\/v2\/types\/product"}],"replies":[{"embeddable":true,"href":"https:\/\/gpl-love.com\/es\/wp-json\/wp\/v2\/comments?post=120567"}],"wp:featuredmedia":[{"embeddable":true,"href":"https:\/\/gpl-love.com\/es\/wp-json\/wp\/v2\/media\/166915"}],"wp:attachment":[{"href":"https:\/\/gpl-love.com\/es\/wp-json\/wp\/v2\/media?parent=120567"}],"wp:term":[{"taxonomy":"product_brand","embeddable":true,"href":"https:\/\/gpl-love.com\/es\/wp-json\/wp\/v2\/product_brand?post=120567"},{"taxonomy":"product_cat","embeddable":true,"href":"https:\/\/gpl-love.com\/es\/wp-json\/wp\/v2\/product_cat?post=120567"},{"taxonomy":"product_tag","embeddable":true,"href":"https:\/\/gpl-love.com\/es\/wp-json\/wp\/v2\/product_tag?post=120567"}],"curies":[{"name":"wp","href":"https:\/\/api.w.org\/{rel}","templated":true}]}}