{"id":120565,"date":"2022-02-28T00:00:00","date_gmt":"2022-02-28T05:00:00","guid":{"rendered":"https:\/\/gpl-love.com\/es\/?post_type=product&#038;p=120565"},"modified":"2026-04-10T11:18:10","modified_gmt":"2026-04-10T16:18:10","slug":"mythemeshop-myblog-wordpress-theme","status":"publish","type":"product","link":"https:\/\/gpl-love.com\/es\/producto\/mythemeshop-myblog-wordpress-theme\/","title":{"rendered":"MyThemeShop MyBlog WordPress Theme 1.2.11"},"content":{"rendered":"<h3>MyThemeShop MyBlog WordPress Theme Caracteristicas<\/h3>\n<p>El tema MyBlog WordPress, desarrollado por Mythemeshop, presenta una soluci\u00f3n \u00f3ptima para los bloggers que est\u00e1n interesados \u200b\u200ben elevar tanto el atractivo est\u00e9tico como la funcionalidad de sus sitios web. Con su dise\u00f1o elegante y contempor\u00e1neo, junto con sus caracter\u00edsticas altamente personalizables, a los usuarios se les otorga la capacidad de dise\u00f1ar sin esfuerzo un sitio web distintivo y de aspecto profesional sin cualquier conocimiento de codificaci\u00f3n de requisitos previos. Para aumentar a\u00fan m\u00e1s la experiencia del usuario, este tema cuenta con plena capacidad de respuesta y optimizaci\u00f3n de velocidad, asegurando as\u00ed un encuentro sin problemas y sin obst\u00e1culos en todos los dispositivos. Adem\u00e1s, MyBlog proporciona una gran cantidad de dise\u00f1os posteriores, adem\u00e1s de integrar plataformas de redes sociales y proporcionar herramientas de optimizaci\u00f3n de motores de b\u00fasqueda, lo que le convierte en la opci\u00f3n por excelencia para los bloggers que anhelan amplificar su presencia virtual. Independientemente de si uno es un blogger experimentado o uno incipiente, est\u00e1 garantizado que MyBlog impulsar\u00e1 su sitio web al pr\u00f3ximo escal\u00f3n.<\/p>\n<ul>\n<li>Un tema de WordPress receptivo y visualmente atractivo dise\u00f1ado espec\u00edficamente para bloggers<\/li>\n<li>Opciones de personalizaci\u00f3n f\u00e1ciles con un panel de control f\u00e1cilmente f\u00e1cil de usar<\/li>\n<li>M\u00faltiples opciones de dise\u00f1o de p\u00e1gina de inicio y dise\u00f1o de blog para elegir<\/li>\n<li>Sistema de gesti\u00f3n de anuncios incorporado para la monetizaci\u00f3n<\/li>\n<li>Integraci\u00f3n de las redes sociales para f\u00e1cil compartir y promoci\u00f3n de publicaciones de blog<\/li>\n<li>C\u00f3digo optimizado de SEO para una mayor visibilidad en los motores de b\u00fasqueda<\/li>\n<li>Velocidad r\u00e1pida de carga del sitio web para una mejor experiencia de usuario<\/li>\n<li>Compatible con complementos populares como WooCommerce y el Formulario de contacto 7<\/li>\n<li>Actualizaciones gratuitas de por vida y soporte dedicado del equipo de Mythemeshop<\/li>\n<li>Proceso de instalaci\u00f3n de un solo clic para la configuraci\u00f3n sin problemas.<\/li>\n<\/ul>\n","protected":false},"excerpt":{"rendered":"<p>El tema Mythemeshop MyBlog WordPress es un producto excepcional, que cuenta con una interfaz contempor\u00e1nea y f\u00e1cil de usar que sirve como una opci\u00f3n ideal para los bloggers con el objetivo de establecer una presencia en l\u00ednea sofisticada y refinada. Este tema sin esfuerzo permite la personalizaci\u00f3n perfecta, lo que permite a los usuarios adaptar su sitio web de acuerdo con sus preferencias espec\u00edficas. Adem\u00e1s, el tema Mythemeshop MyBlog WordPress est\u00e1 equipado con una variedad de funcionalidades avanzadas, que incluyen, entre otros, dise\u00f1os m\u00faltiples, widgets personalizados, botones de intercambio social y optimizaci\u00f3n de SEO finamente ajustada. Independientemente de si uno es un blogger aficionado o experimentado, este tema es indudablemente invaluable para facilitar la creaci\u00f3n de un sitio web visualmente impresionante y altamente funcional que no solo cautiva sino que tambi\u00e9n involucra activamente al p\u00fablico objetivo.<\/p>\n","protected":false},"featured_media":166914,"comment_status":"open","ping_status":"open","template":"","meta":[],"product_brand":[2505],"product_cat":[1245,1237,1238],"product_tag":[1334],"class_list":{"0":"post-120565","1":"product","2":"type-product","3":"status-publish","4":"has-post-thumbnail","6":"product_brand-my-theme-shop","7":"product_cat-blog-revista","8":"product_cat-temas","9":"product_cat-wordpress-temas","10":"product_tag-my-theme-shop","11":"member-discount","12":"discount-restricted","14":"first","15":"instock","16":"sale","17":"downloadable","18":"virtual","19":"sold-individually","20":"purchasable","21":"product-type-simple"},"_links":{"self":[{"href":"https:\/\/gpl-love.com\/es\/wp-json\/wp\/v2\/product\/120565","targetHints":{"allow":["GET"]}}],"collection":[{"href":"https:\/\/gpl-love.com\/es\/wp-json\/wp\/v2\/product"}],"about":[{"href":"https:\/\/gpl-love.com\/es\/wp-json\/wp\/v2\/types\/product"}],"replies":[{"embeddable":true,"href":"https:\/\/gpl-love.com\/es\/wp-json\/wp\/v2\/comments?post=120565"}],"wp:featuredmedia":[{"embeddable":true,"href":"https:\/\/gpl-love.com\/es\/wp-json\/wp\/v2\/media\/166914"}],"wp:attachment":[{"href":"https:\/\/gpl-love.com\/es\/wp-json\/wp\/v2\/media?parent=120565"}],"wp:term":[{"taxonomy":"product_brand","embeddable":true,"href":"https:\/\/gpl-love.com\/es\/wp-json\/wp\/v2\/product_brand?post=120565"},{"taxonomy":"product_cat","embeddable":true,"href":"https:\/\/gpl-love.com\/es\/wp-json\/wp\/v2\/product_cat?post=120565"},{"taxonomy":"product_tag","embeddable":true,"href":"https:\/\/gpl-love.com\/es\/wp-json\/wp\/v2\/product_tag?post=120565"}],"curies":[{"name":"wp","href":"https:\/\/api.w.org\/{rel}","templated":true}]}}