{"id":120563,"date":"2021-12-12T00:00:00","date_gmt":"2021-12-12T05:00:00","guid":{"rendered":"https:\/\/gpl-love.com\/es\/?post_type=product&#038;p=120563"},"modified":"2026-03-13T17:25:34","modified_gmt":"2026-03-13T22:25:34","slug":"mythemeshop-monospace-wordpress-theme","status":"publish","type":"product","link":"https:\/\/gpl-love.com\/es\/producto\/mythemeshop-monospace-wordpress-theme\/","title":{"rendered":"MyThemeShop Monospace WordPress Theme 1.91"},"content":{"rendered":"<h3>MyThemeShop Monospace WordPress Theme Caracteristicas<\/h3>\n<p>El tema Mythemeshop monoespace WordPress se presenta como una alternativa minimalista y contempor\u00e1nea para las personas en busca de un dise\u00f1o no esclarado y sin complicaciones. Con su p\u00e1gina de inicio flexible, los usuarios tienen la comodidad de exhibir su contenido y im\u00e1genes de manera experta pulida y de moda. Este tema no solo prioriza los tiempos de carga expeditos, sino que tambi\u00e9n garantiza la clasificaci\u00f3n encomiable de los motores de b\u00fasqueda, cortes\u00eda de sus capacidades de optimizaci\u00f3n de motores de b\u00fasqueda (SEO). Adem\u00e1s, una gran cantidad de caracter\u00edsticas pr\u00e1cticas est\u00e1n a su disposici\u00f3n, incluido un sistema de revisi\u00f3n incorporado, una integraci\u00f3n perfecta con plataformas de redes sociales y un dise\u00f1o receptivo que exuda brillante en cualquier dispositivo. Ya sea que se encuentre dentro de los \u00e1mbitos de los blogs, el trabajo independiente o la administraci\u00f3n de una empresa a peque\u00f1a escala, el tema monoespacial de la mitadmentaci\u00f3n se demuestra como una excelente opci\u00f3n para aquellos que aprecian las virtudes de simplicidad y refinamiento dentro del \u00e1mbito del dise\u00f1o del sitio web.<\/p>\n<ul>\n<li>Dise\u00f1o limpio y minimalista, perfecto para bloggers y escritores<\/li>\n<li>Totalmente receptivo y amigable para los dispositivos m\u00f3viles, asegurando que su sitio web se vea muy bien en todos los dispositivos<\/li>\n<li>Esquemas de color personalizables y opciones de tipograf\u00eda, lo que le brinda un control completo sobre la apariencia visual de su sitio web<\/li>\n<li>Integraci\u00f3n de redes sociales incorporadas, lo que facilita a sus lectores compartir su contenido<\/li>\n<li>Caracter\u00edsticas amigables con SEO, ayudando a su sitio web a clasificar m\u00e1s alto en las p\u00e1ginas de resultados de los motores de b\u00fasqueda<\/li>\n<li>Instalaci\u00f3n de un solo clic y opciones de personalizaci\u00f3n f\u00e1cil de usar, ahorr\u00e1ndole tiempo y molestias<\/li>\n<li>Listo para la traducci\u00f3n, lo que le permite llegar a una audiencia global<\/li>\n<li>Atenci\u00f3n al cliente dedicada de Mythemeshop, asegurando que obtenga la ayuda que necesita cuando la necesita.<\/li>\n<\/ul>\n","protected":false},"excerpt":{"rendered":"<p>El tema monoespacial de WordPress de Mythemeshop es una plantilla visualmente atractiva y contempor\u00e1nea que es ideal para las personas en la esfera de blogs y escritura que desean una est\u00e9tica minimalista. Su tipograf\u00eda ordenada y su amplio espacio en blanco crean un entorno donde su contenido ocupa el centro del escenario, mientras que su dise\u00f1o adaptativo garantiza una experiencia visual excepcional en varios dispositivos. Este tema ofrece una multitud de posibilidades de personalizaci\u00f3n, que abarca widgets personalizados, una gama ilimitada de opciones de color y una gran cantidad de opciones de dise\u00f1o, lo que le permite dise\u00f1ar un sitio web notable que se distingue de las masas. Adem\u00e1s, llega con una amplia documentaci\u00f3n y servicios de apoyo excepcionales para garantizar un viaje sin problemas y sin estr\u00e9s en el desarrollo de su sitio web.<\/p>\n","protected":false},"featured_media":166913,"comment_status":"open","ping_status":"open","template":"","meta":[],"product_brand":[2505],"product_cat":[1267,1237,1238],"product_tag":[1334],"class_list":{"0":"post-120563","1":"product","2":"type-product","3":"status-publish","4":"has-post-thumbnail","6":"product_brand-my-theme-shop","7":"product_cat-creativo","8":"product_cat-temas","9":"product_cat-wordpress-temas","10":"product_tag-my-theme-shop","11":"member-discount","12":"discount-restricted","14":"first","15":"instock","16":"sale","17":"downloadable","18":"virtual","19":"sold-individually","20":"purchasable","21":"product-type-simple"},"_links":{"self":[{"href":"https:\/\/gpl-love.com\/es\/wp-json\/wp\/v2\/product\/120563","targetHints":{"allow":["GET"]}}],"collection":[{"href":"https:\/\/gpl-love.com\/es\/wp-json\/wp\/v2\/product"}],"about":[{"href":"https:\/\/gpl-love.com\/es\/wp-json\/wp\/v2\/types\/product"}],"replies":[{"embeddable":true,"href":"https:\/\/gpl-love.com\/es\/wp-json\/wp\/v2\/comments?post=120563"}],"wp:featuredmedia":[{"embeddable":true,"href":"https:\/\/gpl-love.com\/es\/wp-json\/wp\/v2\/media\/166913"}],"wp:attachment":[{"href":"https:\/\/gpl-love.com\/es\/wp-json\/wp\/v2\/media?parent=120563"}],"wp:term":[{"taxonomy":"product_brand","embeddable":true,"href":"https:\/\/gpl-love.com\/es\/wp-json\/wp\/v2\/product_brand?post=120563"},{"taxonomy":"product_cat","embeddable":true,"href":"https:\/\/gpl-love.com\/es\/wp-json\/wp\/v2\/product_cat?post=120563"},{"taxonomy":"product_tag","embeddable":true,"href":"https:\/\/gpl-love.com\/es\/wp-json\/wp\/v2\/product_tag?post=120563"}],"curies":[{"name":"wp","href":"https:\/\/api.w.org\/{rel}","templated":true}]}}