{"id":120561,"date":"2022-03-22T00:00:00","date_gmt":"2022-03-22T05:00:00","guid":{"rendered":"https:\/\/gpl-love.com\/es\/?post_type=product&#038;p=120561"},"modified":"2026-04-10T11:18:09","modified_gmt":"2026-04-10T16:18:09","slug":"mythemeshop-moneyflow-wordpress-theme","status":"publish","type":"product","link":"https:\/\/gpl-love.com\/es\/producto\/mythemeshop-moneyflow-wordpress-theme\/","title":{"rendered":"MyThemeShop MoneyFlow WordPress Theme 1.2.11"},"content":{"rendered":"<h3>MyThemeShop MoneyFlow WordPress Theme Caracteristicas<\/h3>\n<p>El tema Mythemeshop Moneyflow WordPress es un tema incre\u00edblemente robusto y multifac\u00e9tico, meticulosamente elaborado con el \u00fanico prop\u00f3sito de optimizar la monetizaci\u00f3n del sitio web. Este tema extraordinario cuenta con una extensa variedad de caracter\u00edsticas indispensables, meticulosamente dise\u00f1adas para mejorar exponencialmente sus ganancias en l\u00ednea. Entre sus ofertas excepcionales se encuentran sus innumerables opciones de colocaci\u00f3n de anuncios, meticulosamente seleccionadas para amplificar sin problemas la generaci\u00f3n de ingresos. Adem\u00e1s, este tema extraordinario cuenta con un sistema de gesti\u00f3n de anuncios de vanguardia, ingeniosamente dise\u00f1ado para racionalizar sin esfuerzo y optimizar sus espacios publicitarios. Adem\u00e1s, el tema Mythemeshop Moneyflow WordPress se integra perfectamente con las redes publicitarias m\u00e1s populares, ampliando exponencialmente su potencial de ingresos. Adem\u00e1s, este notable tema es totalmente receptivo, se desarrolla meticulosamente para garantizar un atractivo visual impecable en todos los dispositivos. Con su notable gama de opciones perfectamente personalizables y su interfaz notablemente f\u00e1cil de usar, el tema Mythemeshop Moneyflow WordPress se destaca descaradamente como la opci\u00f3n por excelencia para cualquier persona que busque maximizar sus ingresos en l\u00ednea.<\/p>\n<ul>\n<li>Dise\u00f1o moderno y profesional para sitios web de finanzas y negocios<\/li>\n<li>Dise\u00f1o totalmente receptivo y amigable para m\u00f3viles<\/li>\n<li>P\u00e1gina de inicio personalizable con widgets de arrastrar y soltar<\/li>\n<li>Panel de opciones avanzadas para una f\u00e1cil personalizaci\u00f3n de colores, fuentes y dise\u00f1o<\/li>\n<li>Sistema de gesti\u00f3n de anuncios incorporado para monetizar f\u00e1cilmente su sitio web<\/li>\n<li>M\u00faltiples dise\u00f1os y formatos de post para mostrar diferentes tipos de contenido<\/li>\n<li>Widgets personalizados para mostrar publicaciones populares, enlaces de redes sociales y m\u00e1s<\/li>\n<li>Integraci\u00f3n f\u00e1cil con complementos populares como WooCommerce y el Formulario de contacto 7<\/li>\n<li>Optimizado para la velocidad y el SEO para mejorar el rendimiento y la clasificaci\u00f3n del sitio web<\/li>\n<li>Actualizaciones de por vida y soporte dedicado del equipo de Mythemeshop.<\/li>\n<\/ul>\n","protected":false},"excerpt":{"rendered":"<p>El tema de MoneyFlow WordPress de Mythemeshop es un tema extremadamente vers\u00e1til y f\u00e1cil de usar que ha sido dise\u00f1ado espec\u00edficamente para satisfacer las necesidades de los bloggers y empresarios en l\u00ednea que buscan monetizar sus sitios web. Al ofrecer una variedad de dise\u00f1os visualmente cautivadores y una variedad de caracter\u00edsticas potentes, este tema le permite integrar sin esfuerzo anuncios, enlaces de afiliados y contenido patrocinado en su plataforma. Adem\u00e1s, le proporciona una gran cantidad de opciones de personalizaci\u00f3n, otorg\u00e1ndole la capacidad de elegir entre numerosos esquemas de color, fuentes y ubicaciones de widgets, lo que le otorg\u00f3 la autoridad completa sobre la est\u00e9tica y el ambiente de su sitio web. Independientemente de si usted es un novato en el campo o un profesional experimentado con el objetivo de llevar su empresa en l\u00ednea a mayores alturas, el tema Mythemeshop Moneyflow WordPress est\u00e1 equipado con todas las herramientas y recursos esenciales necesarios para crear un sitio web visualmente impresionante y lucrativo.<\/p>\n","protected":false},"featured_media":166912,"comment_status":"open","ping_status":"open","template":"","meta":[],"product_brand":[2505],"product_cat":[1267,1237,1238],"product_tag":[1334],"class_list":{"0":"post-120561","1":"product","2":"type-product","3":"status-publish","4":"has-post-thumbnail","6":"product_brand-my-theme-shop","7":"product_cat-creativo","8":"product_cat-temas","9":"product_cat-wordpress-temas","10":"product_tag-my-theme-shop","11":"member-discount","12":"discount-restricted","14":"first","15":"instock","16":"sale","17":"downloadable","18":"virtual","19":"sold-individually","20":"purchasable","21":"product-type-simple"},"_links":{"self":[{"href":"https:\/\/gpl-love.com\/es\/wp-json\/wp\/v2\/product\/120561","targetHints":{"allow":["GET"]}}],"collection":[{"href":"https:\/\/gpl-love.com\/es\/wp-json\/wp\/v2\/product"}],"about":[{"href":"https:\/\/gpl-love.com\/es\/wp-json\/wp\/v2\/types\/product"}],"replies":[{"embeddable":true,"href":"https:\/\/gpl-love.com\/es\/wp-json\/wp\/v2\/comments?post=120561"}],"wp:featuredmedia":[{"embeddable":true,"href":"https:\/\/gpl-love.com\/es\/wp-json\/wp\/v2\/media\/166912"}],"wp:attachment":[{"href":"https:\/\/gpl-love.com\/es\/wp-json\/wp\/v2\/media?parent=120561"}],"wp:term":[{"taxonomy":"product_brand","embeddable":true,"href":"https:\/\/gpl-love.com\/es\/wp-json\/wp\/v2\/product_brand?post=120561"},{"taxonomy":"product_cat","embeddable":true,"href":"https:\/\/gpl-love.com\/es\/wp-json\/wp\/v2\/product_cat?post=120561"},{"taxonomy":"product_tag","embeddable":true,"href":"https:\/\/gpl-love.com\/es\/wp-json\/wp\/v2\/product_tag?post=120561"}],"curies":[{"name":"wp","href":"https:\/\/api.w.org\/{rel}","templated":true}]}}