{"id":120559,"date":"2022-03-06T00:00:00","date_gmt":"2022-03-06T05:00:00","guid":{"rendered":"https:\/\/gpl-love.com\/es\/?post_type=product&#038;p=120559"},"modified":"2026-04-10T11:18:08","modified_gmt":"2026-04-10T16:18:08","slug":"mythemeshop-mobileapp-wordpress-theme","status":"publish","type":"product","link":"https:\/\/gpl-love.com\/es\/producto\/mythemeshop-mobileapp-wordpress-theme\/","title":{"rendered":"MyThemeShop Mobileapp WordPress Theme 1.1.6"},"content":{"rendered":"<h3>MyThemeShop Mobileapp WordPress Theme Caracteristicas<\/h3>\n<p>El tema Mythemeshop MobileApp WordPress se presenta como una opci\u00f3n vers\u00e1til y f\u00e1cil de usar para las personas que buscan construir un sitio web que muestre su aplicaci\u00f3n m\u00f3vil. Este tema ha sido meticulosamente dise\u00f1ado para ser totalmente receptivo y proporciona una amplia gama de opciones de personalizaci\u00f3n, lo que permite a los usuarios elaborar sin esfuerzo un sitio de aspecto profesional que posee un estilo \u00fanico y se destaca sin esfuerzo en medio del vasto mar de contenido web. Con un impresionante repertorio de funcionalidades como widgets personalizables, integraci\u00f3n perfecta con varias plataformas de redes sociales y una gama integral de opciones de temas que son robustas y poderosas, este tema indudablemente surge como una opci\u00f3n excepcional para las personas que anhelan manifestar un sitio web que no solo es funcional sino tambi\u00e9n visualmente cautivador. Ya sea que se encuentre en medio de la agon\u00eda de lanzar una nueva aplicaci\u00f3n m\u00f3vil o simplemente se encuentre necesitando un tema de WordPress que incorpore el tema de potencia, facilidad de uso y versatilidad para su sitio web, tenga la seguridad de que el tema Mythemeshop MobileApp WordPress No decepcionado.<\/p>\n<ul>\n<li>Dise\u00f1o totalmente receptivo, optimizado para todos los dispositivos m\u00f3viles<\/li>\n<li>Dise\u00f1o limpio y moderno, perfecto para mostrar su contenido<\/li>\n<li>Tiempos de carga r\u00e1pida para una experiencia de usuario perfecta<\/li>\n<li>P\u00e1gina de inicio personalizable con secciones de arrastre y ca\u00edda<\/li>\n<li>Esquemas de color ilimitados y opciones de fuentes<\/li>\n<li>Iconos de redes sociales integrados para compartir f\u00e1cilmente<\/li>\n<li>Optimizaci\u00f3n de SEO incorporada para una mayor visibilidad en los motores de b\u00fasqueda<\/li>\n<li>Integraci\u00f3n de WooCommerce para una f\u00e1cil integraci\u00f3n de comercio electr\u00f3nico<\/li>\n<li>Documentaci\u00f3n integral y equipo de apoyo dedicado para asistencia<\/li>\n<li>Precios asequibles con un pago \u00fanico para el acceso de por vida.<\/li>\n<\/ul>\n","protected":false},"excerpt":{"rendered":"<p>El tema Mythemeshop MobileApp WordPress es una soluci\u00f3n excepcional que atiende a la creaci\u00f3n de un sitio web de aplicaciones m\u00f3viles excepcionalmente impresionantes. Con su dise\u00f1o elegante y contempor\u00e1neo, este tema sirve como ep\u00edtome de la perfecci\u00f3n cuando se trata de la pantalla y exhibici\u00f3n de su aplicaci\u00f3n m\u00f3vil y todas sus caracter\u00edsticas notables para la clientela potencial. Adem\u00e1s, este tema posee el notable atributo de ser totalmente receptivo, lo que esencialmente significa que exuda sin esfuerzo un aura visualmente atractiva en todo tipo de dispositivos, que abarca incluso a los gustos de tel\u00e9fonos m\u00f3viles y tabletas. Adem\u00e1s, es importante tener en cuenta que este tema se acompa\u00f1a de un proceso de personalizaci\u00f3n sin esfuerzo que permite una adaptaci\u00f3n perfecta de su sitio web de acuerdo con sus requisitos y preferencias espec\u00edficas. Independientemente de si se identifica como un desarrollador de aplicaciones m\u00f3viles, un vendedor o incluso un emprendedor, el tema Mythemeshop MobileApp WordPress indudablemente es la mejor opci\u00f3n para la exhibici\u00f3n de su aplicaci\u00f3n m\u00f3vil y la posterior generaci\u00f3n de conversiones.<\/p>\n","protected":false},"featured_media":166911,"comment_status":"open","ping_status":"open","template":"","meta":[],"product_brand":[2505],"product_cat":[1267,1237,1238],"product_tag":[1334],"class_list":{"0":"post-120559","1":"product","2":"type-product","3":"status-publish","4":"has-post-thumbnail","6":"product_brand-my-theme-shop","7":"product_cat-creativo","8":"product_cat-temas","9":"product_cat-wordpress-temas","10":"product_tag-my-theme-shop","11":"member-discount","12":"discount-restricted","14":"first","15":"instock","16":"sale","17":"downloadable","18":"virtual","19":"sold-individually","20":"purchasable","21":"product-type-simple"},"_links":{"self":[{"href":"https:\/\/gpl-love.com\/es\/wp-json\/wp\/v2\/product\/120559","targetHints":{"allow":["GET"]}}],"collection":[{"href":"https:\/\/gpl-love.com\/es\/wp-json\/wp\/v2\/product"}],"about":[{"href":"https:\/\/gpl-love.com\/es\/wp-json\/wp\/v2\/types\/product"}],"replies":[{"embeddable":true,"href":"https:\/\/gpl-love.com\/es\/wp-json\/wp\/v2\/comments?post=120559"}],"wp:featuredmedia":[{"embeddable":true,"href":"https:\/\/gpl-love.com\/es\/wp-json\/wp\/v2\/media\/166911"}],"wp:attachment":[{"href":"https:\/\/gpl-love.com\/es\/wp-json\/wp\/v2\/media?parent=120559"}],"wp:term":[{"taxonomy":"product_brand","embeddable":true,"href":"https:\/\/gpl-love.com\/es\/wp-json\/wp\/v2\/product_brand?post=120559"},{"taxonomy":"product_cat","embeddable":true,"href":"https:\/\/gpl-love.com\/es\/wp-json\/wp\/v2\/product_cat?post=120559"},{"taxonomy":"product_tag","embeddable":true,"href":"https:\/\/gpl-love.com\/es\/wp-json\/wp\/v2\/product_tag?post=120559"}],"curies":[{"name":"wp","href":"https:\/\/api.w.org\/{rel}","templated":true}]}}