{"id":120557,"date":"2022-01-10T00:00:00","date_gmt":"2022-01-10T05:00:00","guid":{"rendered":"https:\/\/gpl-love.com\/es\/?post_type=product&#038;p=120557"},"modified":"2026-04-10T11:18:07","modified_gmt":"2026-04-10T16:18:07","slug":"mythemeshop-magxp-wordpress-theme","status":"publish","type":"product","link":"https:\/\/gpl-love.com\/es\/producto\/mythemeshop-magxp-wordpress-theme\/","title":{"rendered":"MyThemeShop MagXP WordPress Theme 3.2.12"},"content":{"rendered":"<h3>MyThemeShop MagXP WordPress Theme Caracteristicas<\/h3>\n<p>Mythemeshop Magxp WordPress Tema, reconocido por su versatilidad y abundancia de caracter\u00edsticas, es un tema extraordinario que atiende a la creaci\u00f3n de sitios web visualmente cautivadores. Con un dise\u00f1o elegante y contempor\u00e1neo, este tema ofrece una variedad de opciones de personalizaci\u00f3n que capacitan a los usuarios para dise\u00f1ar un sitio web que exude la singularidad y la individualidad. Lo que distingue a este tema es su inclusi\u00f3n de un panel de opciones robusto, una herramienta f\u00e1cil de usar que facilita la personalizaci\u00f3n sin esfuerzo de cada aspecto de su sitio web, sin la necesidad de cualquier destreza de codificaci\u00f3n. Adem\u00e1s, este tema est\u00e1 equipado con una gran cantidad de plantillas preconstruidas, widgets y c\u00f3digos cortos, subrayando su compromiso inquebrantable para facilitar la creaci\u00f3n perfecta de varios tipos de p\u00e1ginas. Las caracter\u00edsticas notables de este tema incluyen su optimizaci\u00f3n de optimizaci\u00f3n, capacidad de respuesta y compatibilidad de su motor de b\u00fasqueda con los siempre populares complementos de WooCommerce, SEO y WPFORMS. En resumen, el tema Mythemeshop MagXP WordPress es una opci\u00f3n ejemplar para aquellas personas en busca de un tema flexible y formidable para iluminar la presencia en l\u00ednea de su sitio web.<\/p>\n<ul>\n<li>Dise\u00f1o moderno y visualmente atractivo<\/li>\n<li>Dise\u00f1o totalmente receptivo y amigable para m\u00f3viles<\/li>\n<li>M\u00faltiples dise\u00f1os de p\u00e1gina de inicio para elegir<\/li>\n<li>Widgets y c\u00f3digos cortos personalizados para una funcionalidad adicional<\/li>\n<li>Sistema de revisi\u00f3n incorporado para exhibir calificaciones de productos o servicios<\/li>\n<li>Panel de opciones de temas f\u00e1ciles de usar para la personalizaci\u00f3n<\/li>\n<li>Optimizaci\u00f3n de SEO para mejorar las clasificaciones de b\u00fasqueda<\/li>\n<li>Velocidades de carga r\u00e1pida para una experiencia de usuario optimizada<\/li>\n<li>Opciones de gesti\u00f3n de anuncios para la monetizaci\u00f3n<\/li>\n<li>Compatible con complementos populares de WordPress para una funcionalidad adicional<\/li>\n<li>Equipo de apoyo dedicado para asistencia con cualquier pregunta o problema<\/li>\n<\/ul>\n","protected":false},"excerpt":{"rendered":"<p>El tema Mythemeshop MagXP WordPress es un tema innovador y multifac\u00e9tico que est\u00e1 meticulosamente elaborado para satisfacer las diversas necesidades de cualquier sitio web. Ya sea que usted sea el propietario de un blog, un emporio de comercio electr\u00f3nico, una plataforma de estilo de revista o cualquier otra forma de empresa en l\u00ednea, tenga la seguridad de que MAGXP es la soluci\u00f3n \u00f3ptima para usted. Este tema excepcional est\u00e1 lleno de una variedad de caracter\u00edsticas de vanguardia, como un dise\u00f1o altamente adaptable que se ajusta perfectamente a varios dispositivos, una variedad de dise\u00f1os vers\u00e1tiles, un repertorio impresionante de widgets personalizables y la integraci\u00f3n perfecta de los botones de intercambio de redes sociales.<\/p>\n","protected":false},"featured_media":166910,"comment_status":"open","ping_status":"open","template":"","meta":[],"product_brand":[2505],"product_cat":[1267,1237,1238],"product_tag":[1334],"class_list":{"0":"post-120557","1":"product","2":"type-product","3":"status-publish","4":"has-post-thumbnail","6":"product_brand-my-theme-shop","7":"product_cat-creativo","8":"product_cat-temas","9":"product_cat-wordpress-temas","10":"product_tag-my-theme-shop","11":"member-discount","12":"discount-restricted","14":"first","15":"instock","16":"sale","17":"downloadable","18":"virtual","19":"sold-individually","20":"purchasable","21":"product-type-simple"},"_links":{"self":[{"href":"https:\/\/gpl-love.com\/es\/wp-json\/wp\/v2\/product\/120557","targetHints":{"allow":["GET"]}}],"collection":[{"href":"https:\/\/gpl-love.com\/es\/wp-json\/wp\/v2\/product"}],"about":[{"href":"https:\/\/gpl-love.com\/es\/wp-json\/wp\/v2\/types\/product"}],"replies":[{"embeddable":true,"href":"https:\/\/gpl-love.com\/es\/wp-json\/wp\/v2\/comments?post=120557"}],"wp:featuredmedia":[{"embeddable":true,"href":"https:\/\/gpl-love.com\/es\/wp-json\/wp\/v2\/media\/166910"}],"wp:attachment":[{"href":"https:\/\/gpl-love.com\/es\/wp-json\/wp\/v2\/media?parent=120557"}],"wp:term":[{"taxonomy":"product_brand","embeddable":true,"href":"https:\/\/gpl-love.com\/es\/wp-json\/wp\/v2\/product_brand?post=120557"},{"taxonomy":"product_cat","embeddable":true,"href":"https:\/\/gpl-love.com\/es\/wp-json\/wp\/v2\/product_cat?post=120557"},{"taxonomy":"product_tag","embeddable":true,"href":"https:\/\/gpl-love.com\/es\/wp-json\/wp\/v2\/product_tag?post=120557"}],"curies":[{"name":"wp","href":"https:\/\/api.w.org\/{rel}","templated":true}]}}