{"id":120555,"date":"2022-02-09T00:00:00","date_gmt":"2022-02-09T05:00:00","guid":{"rendered":"https:\/\/gpl-love.com\/es\/?post_type=product&#038;p=120555"},"modified":"2026-04-10T11:18:07","modified_gmt":"2026-04-10T16:18:07","slug":"mythemeshop-magnus-wordpress-theme","status":"publish","type":"product","link":"https:\/\/gpl-love.com\/es\/producto\/mythemeshop-magnus-wordpress-theme\/","title":{"rendered":"MyThemeShop Magnus WordPress Theme 1.1.4"},"content":{"rendered":"<h3>MyThemeShop Magnus WordPress Theme Caracteristicas<\/h3>\n<p>El tema Mythemeshop Magnus WordPress cuenta con una gran cantidad de opciones de personalizaci\u00f3n y un alto nivel de capacidad de respuesta, por lo que es una elecci\u00f3n excepcional para aquellos que buscan una experiencia de usuario intuitiva. Su intrincado dise\u00f1o abarca numerosas posibilidades de dise\u00f1o, esquemas de color personalizables y una variedad de widgets y c\u00f3digos cortos, todos los cuales contribuyen a la creaci\u00f3n de un sitio web que exuda profesionalismo en cuesti\u00f3n de minutos. Adem\u00e1s, este tema es compatible con todos los navegadores y dispositivos prominentes, y abarca una amplia gama de caracter\u00edsticas, como widgets personalizados, integraci\u00f3n perfecta con plataformas de redes sociales y un sistema integrado de gesti\u00f3n de anuncios. Adem\u00e1s, se ha optimizado diligentemente para los motores de b\u00fasqueda, garantizando as\u00ed que su sitio web asegurar\u00e1 una posici\u00f3n elevada en la clasificaci\u00f3n de motores de b\u00fasqueda. Dados estos atributos notables, es innegable que el tema Mythemeshop Magnus WordPress sirve como una elecci\u00f3n excepcional para los bloggers, empresas e individuos por igual, ya que les permite construir sin esfuerzo un sitio web pulido y sofisticado.<\/p>\n<ul>\n<li>Dise\u00f1o profesional y moderno perfecto para empresas, nuevas empresas y bloggers<\/li>\n<li>Totalmente receptivo y amigable para los dispositivos m\u00f3viles para una visualizaci\u00f3n \u00f3ptima en todos los dispositivos<\/li>\n<li>Esquemas de color y fuentes personalizables para que coincidan con su marca y estilo<\/li>\n<li>Incluye m\u00faltiples opciones de dise\u00f1o de blogs y blog para la flexibilidad<\/li>\n<li>SEO optimizado para mejorar la clasificaci\u00f3n del motor de b\u00fasqueda<\/li>\n<li>Integraci\u00f3n de redes sociales incorporadas para conectarse con su audiencia<\/li>\n<li>Traducci\u00f3n lista para una audiencia global<\/li>\n<li>Importar demostraci\u00f3n de un solo clic para configurar f\u00e1cilmente su sitio web<\/li>\n<li>R\u00e1pido y liviano para un rendimiento \u00f3ptimo del sitio web<\/li>\n<li>Equipo de apoyo dedicado para ayudar con cualquier pregunta o problema<\/li>\n<\/ul>\n","protected":false},"excerpt":{"rendered":"<p>Al utilizar el tema excepcional de Mythemeshop Magnus WordPress, las personas pueden dise\u00f1ar un sitio web exquisito que posee no solo un atractivo visual atractivo sino tambi\u00e9n una funcionalidad primordial. Con un dise\u00f1o de vanguardia, Magnus est\u00e1 equipado con opciones de personalizaci\u00f3n integrales para alinearse perfectamente con la esencia de la marca. Adem\u00e1s, este tema notable se ha optimizado meticulosamente para mejorar la rapidez y la eficiencia, asegurando as\u00ed que el sitio web de uno se clasifica de manera \u00f3ptima dentro de los resultados del motor de b\u00fasqueda y proporciona a los usuarios una experiencia en l\u00ednea perfecta. Adem\u00e1s de estos atributos impresionantes, Magnus tambi\u00e9n abarca una variedad de caracter\u00edsticas ventajosas, como un constructor de p\u00e1ginas de arrastrar y soltar f\u00e1cilmente de usar, una colecci\u00f3n diversa de widgets personalizados, integraci\u00f3n de redes sociales sin problemas y una gran cantidad de otros elementos, todos, todos, todos de los cuales facilitan colectivamente la creaci\u00f3n sin esfuerzo de un sitio web extremadamente profesional, todo al tiempo que elude la necesidad de cualquier competencia de codificaci\u00f3n.<\/p>\n","protected":false},"featured_media":166909,"comment_status":"open","ping_status":"open","template":"","meta":[],"product_brand":[2505],"product_cat":[1267,1237,1238],"product_tag":[1334],"class_list":{"0":"post-120555","1":"product","2":"type-product","3":"status-publish","4":"has-post-thumbnail","6":"product_brand-my-theme-shop","7":"product_cat-creativo","8":"product_cat-temas","9":"product_cat-wordpress-temas","10":"product_tag-my-theme-shop","11":"member-discount","12":"discount-restricted","14":"first","15":"instock","16":"sale","17":"downloadable","18":"virtual","19":"sold-individually","20":"purchasable","21":"product-type-simple"},"_links":{"self":[{"href":"https:\/\/gpl-love.com\/es\/wp-json\/wp\/v2\/product\/120555","targetHints":{"allow":["GET"]}}],"collection":[{"href":"https:\/\/gpl-love.com\/es\/wp-json\/wp\/v2\/product"}],"about":[{"href":"https:\/\/gpl-love.com\/es\/wp-json\/wp\/v2\/types\/product"}],"replies":[{"embeddable":true,"href":"https:\/\/gpl-love.com\/es\/wp-json\/wp\/v2\/comments?post=120555"}],"wp:featuredmedia":[{"embeddable":true,"href":"https:\/\/gpl-love.com\/es\/wp-json\/wp\/v2\/media\/166909"}],"wp:attachment":[{"href":"https:\/\/gpl-love.com\/es\/wp-json\/wp\/v2\/media?parent=120555"}],"wp:term":[{"taxonomy":"product_brand","embeddable":true,"href":"https:\/\/gpl-love.com\/es\/wp-json\/wp\/v2\/product_brand?post=120555"},{"taxonomy":"product_cat","embeddable":true,"href":"https:\/\/gpl-love.com\/es\/wp-json\/wp\/v2\/product_cat?post=120555"},{"taxonomy":"product_tag","embeddable":true,"href":"https:\/\/gpl-love.com\/es\/wp-json\/wp\/v2\/product_tag?post=120555"}],"curies":[{"name":"wp","href":"https:\/\/api.w.org\/{rel}","templated":true}]}}