{"id":120553,"date":"2021-12-12T00:00:00","date_gmt":"2021-12-12T05:00:00","guid":{"rendered":"https:\/\/gpl-love.com\/es\/?post_type=product&#038;p=120553"},"modified":"2026-03-13T17:25:28","modified_gmt":"2026-03-13T22:25:28","slug":"mythemeshop-lawyer-wordpress-theme","status":"publish","type":"product","link":"https:\/\/gpl-love.com\/es\/producto\/mythemeshop-lawyer-wordpress-theme\/","title":{"rendered":"MyThemeShop Lawyer WordPress Theme 1.1.0"},"content":{"rendered":"<h3>MyThemeShop Lawyer WordPress Theme Caracteristicas<\/h3>\n<p>El tema del abogado WordPress ofrecido por Mythemeshop es un tema excepcionalmente f\u00e1cil de usar y sin problemas que ha sido dise\u00f1ado espec\u00edficamente para satisfacer las necesidades y requisitos de los profesionales legales. Con un dise\u00f1o elegante y contempor\u00e1neo, este tema abarca una multitud de caracter\u00edsticas y funcionalidades impresionantes, todas las cuales tienen como objetivo ayudarlo a establecer una presencia en l\u00ednea altamente pulida e inmensamente efectiva. Las caracter\u00edsticas distintivas de este tema incluyen la capacidad de personalizar su p\u00e1gina de inicio de acuerdo con sus preferencias, un dise\u00f1o que responde totalmente en varios dispositivos, una variedad de plantillas de p\u00e1gina diversas, widgets personalizables y una variedad de otros atributos notables. Independientemente de si opera como un profesional individual o como parte de un bufete de abogados m\u00e1s grande, el tema del abogado de Mythemeshop WordPress ofrece una soluci\u00f3n perfecta que se adapta para cumplir con todas sus exigencias en l\u00ednea. Facilitando un proceso de instalaci\u00f3n sin esfuerzo, junto con su documentaci\u00f3n integral, se encontrar\u00e1 r\u00e1pidamente en funcionamiento, f\u00e1cilmente preparado para exhibir su destreza y atraer una nueva afluencia de clientes.<\/p>\n<ul>\n<li>Dise\u00f1o profesional y moderno dise\u00f1ado espec\u00edficamente para firmas de abogados y profesionales legales<\/li>\n<li>Personalizable con varios esquemas de color y opciones de dise\u00f1o para adaptarse a su marca y necesidades<\/li>\n<li>C\u00f3digo limpio y optimizado para tiempos de carga m\u00e1s r\u00e1pidos y SEO mejorado<\/li>\n<li>Incluye p\u00e1ginas preconstruidas como Acerca de nosotros, \u00e1reas de pr\u00e1ctica y cont\u00e1ctenos para una f\u00e1cil configuraci\u00f3n<\/li>\n<li>Dise\u00f1o receptivo m\u00f3vil asegurando que su sitio web se vea muy bien en cualquier dispositivo<\/li>\n<li>Integraci\u00f3n de redes sociales incorporadas para una f\u00e1cil promoci\u00f3n y compartir su contenido<\/li>\n<li>Admite complementos populares de WordPress como WooCommerce y el Formulario de contacto 7 para una funcionalidad adicional<\/li>\n<li>Documentaci\u00f3n y apoyo integral del equipo de Mythemeshop para ayudar con cualquier pregunta o problema<\/li>\n<li>Actualizaciones y mejoras regulares para garantizar la compatibilidad con la \u00faltima versi\u00f3n de WordPress y los est\u00e1ndares web actuales.<\/li>\n<\/ul>\n","protected":false},"excerpt":{"rendered":"<p>El tema del abogado de Mythemeshop WordPress, un tema de WordPress de alta calidad meticulosamente elaborado para firmas y abogados legales, se destaca con su dise\u00f1o sofisticado y refinado. Este tema est\u00e1 equipado con una variedad de caracter\u00edsticas impresionantes, que incluyen widgets personalizables, \u00fatiles con c\u00f3digos cortos y un conjunto robusto de opciones de temas, lo que le permite dise\u00f1ar un sitio web visualmente sorprendente que incorpora impecablemente la identidad de marca \u00fanica de su firma de abogados. Adem\u00e1s, el tema del abogado Mythemeshop WordPress se adapta perfectamente a varios tama\u00f1os de pantalla, asegurando una experiencia de usuario perfecta en todos los dispositivos. Adem\u00e1s, este tema est\u00e1 meticulosamente optimizado para la optimizaci\u00f3n de motores de b\u00fasqueda (SEO) y posee la capacidad de traducirse sin esfuerzo, por lo que es una opci\u00f3n ideal para las firmas de abogados que buscan establecer una presencia formidable en l\u00ednea.<\/p>\n","protected":false},"featured_media":166906,"comment_status":"open","ping_status":"open","template":"","meta":[],"product_brand":[2505],"product_cat":[1307,1237,1238],"product_tag":[1334],"class_list":{"0":"post-120553","1":"product","2":"type-product","3":"status-publish","4":"has-post-thumbnail","6":"product_brand-my-theme-shop","7":"product_cat-negocio-wordpress-temas","8":"product_cat-temas","9":"product_cat-wordpress-temas","10":"product_tag-my-theme-shop","11":"member-discount","12":"discount-restricted","14":"first","15":"instock","16":"sale","17":"downloadable","18":"virtual","19":"sold-individually","20":"purchasable","21":"product-type-simple"},"_links":{"self":[{"href":"https:\/\/gpl-love.com\/es\/wp-json\/wp\/v2\/product\/120553","targetHints":{"allow":["GET"]}}],"collection":[{"href":"https:\/\/gpl-love.com\/es\/wp-json\/wp\/v2\/product"}],"about":[{"href":"https:\/\/gpl-love.com\/es\/wp-json\/wp\/v2\/types\/product"}],"replies":[{"embeddable":true,"href":"https:\/\/gpl-love.com\/es\/wp-json\/wp\/v2\/comments?post=120553"}],"wp:featuredmedia":[{"embeddable":true,"href":"https:\/\/gpl-love.com\/es\/wp-json\/wp\/v2\/media\/166906"}],"wp:attachment":[{"href":"https:\/\/gpl-love.com\/es\/wp-json\/wp\/v2\/media?parent=120553"}],"wp:term":[{"taxonomy":"product_brand","embeddable":true,"href":"https:\/\/gpl-love.com\/es\/wp-json\/wp\/v2\/product_brand?post=120553"},{"taxonomy":"product_cat","embeddable":true,"href":"https:\/\/gpl-love.com\/es\/wp-json\/wp\/v2\/product_cat?post=120553"},{"taxonomy":"product_tag","embeddable":true,"href":"https:\/\/gpl-love.com\/es\/wp-json\/wp\/v2\/product_tag?post=120553"}],"curies":[{"name":"wp","href":"https:\/\/api.w.org\/{rel}","templated":true}]}}