{"id":120551,"date":"2022-03-04T00:00:00","date_gmt":"2022-03-04T05:00:00","guid":{"rendered":"https:\/\/gpl-love.com\/es\/?post_type=product&#038;p=120551"},"modified":"2026-04-10T11:18:04","modified_gmt":"2026-04-10T16:18:04","slug":"mythemeshop-interactive-wordpress-theme","status":"publish","type":"product","link":"https:\/\/gpl-love.com\/es\/producto\/mythemeshop-interactive-wordpress-theme\/","title":{"rendered":"MyThemeShop Interactive WordPress Theme 2.1.10"},"content":{"rendered":"<h3>MyThemeShop Interactive WordPress Theme Caracteristicas<\/h3>\n<p>El tema de WordPress interactivo Mythemeshop, que es un tema de calidad premium, ha sido meticulosamente dise\u00f1ado para ofrecer una experiencia extremadamente interactiva y atractiva para los visitantes de su sitio web. Este tema cuenta con un dise\u00f1o receptivo y una variedad de amplias opciones de personalizaci\u00f3n, lo que le permite crear un sitio web impresionante sin esfuerzo que realmente se distingue del resto. Adem\u00e1s, abarca una multitud de caracter\u00edsticas notables, incluida una p\u00e1gina de inicio totalmente personalizable, varios dise\u00f1os posteriores e incluso un sistema de revisi\u00f3n incorporado, lo que lo convierte en la selecci\u00f3n ideal para blogueros, empresas y editores en l\u00ednea por igual. Adem\u00e1s, el tema de WordPress interactivo de Mythemeshop se acompa\u00f1a de un panel de opciones de temas inmensamente potentes, lo que lo permite modificar sin esfuerzo la apariencia y la funcionalidad de su sitio web a su gusto, todo sin la necesidad de ninguna experiencia de codificaci\u00f3n. En resumen, este tema es inequ\u00edvocamente una opci\u00f3n sobresaliente para cualquier persona que busque establecer una presencia en l\u00ednea profesional y visualmente cautivadora.<\/p>\n<ul>\n<li>Tema de WordPress interactivo y f\u00e1cil de usar<\/li>\n<li>Constructor de p\u00e1ginas de arrastre y suelto incorporado para una f\u00e1cil personalizaci\u00f3n<\/li>\n<li>Dise\u00f1o totalmente receptivo para una visualizaci\u00f3n \u00f3ptima en cualquier dispositivo<\/li>\n<li>SEO optimizado para una mejor clasificaci\u00f3n de motores de b\u00fasqueda<\/li>\n<li>Opciones de dise\u00f1o m\u00faltiples que incluyen ancho en caja y completo<\/li>\n<li>Widgets personalizados para la funcionalidad adicional y las opciones de dise\u00f1o<\/li>\n<li>Integraci\u00f3n de las redes sociales para f\u00e1cil compartir y seguir<\/li>\n<li>Integraci\u00f3n de Google Fonts para opciones de tipograf\u00eda ilimitada<\/li>\n<li>Importaci\u00f3n de demostraci\u00f3n de un solo clic para comenzar r\u00e1pidamente<\/li>\n<li>Equipo de apoyo dedicado para cualquier pregunta o problema.<\/li>\n<\/ul>\n","protected":false},"excerpt":{"rendered":"<p>Mythemeshop Interactive, un tema de WordPress incre\u00edblemente vers\u00e1til, presenta una pl\u00e9tora de caracter\u00edsticas interactivas que realmente cautivan y absorben sus estimados visitantes del sitio web. Al ofrecer una deliciosa variedad de opciones de dise\u00f1o personalizables y estilo moderno, este tema demuestra ser la elecci\u00f3n por excelencia para bloggers, tiendas en l\u00ednea y todos los sitios web basados \u200b\u200ben el contenido. Adem\u00e1s, su p\u00e1gina de inicio din\u00e1mica cuenta con la capacidad de incorporar a la perfecci\u00f3n elementos animados, contenido destacado e integraci\u00f3n de redes sociales, asegurando as\u00ed que su audiencia invaluable permanezca cautivada y conectada. Adem\u00e1s, Mythemeshop Interactive se enorgullece de su optimizaci\u00f3n impecable tanto para la velocidad como para el SEO, lo que lo convierte en una opci\u00f3n inequ\u00edvocamente impecable para mejorar el rendimiento general de su sitio web. \u00a1No pierda tiempo y comience cautivando y hipnotizando a su audiencia con este tema de WordPress incomparable, vers\u00e1til y moderno sin m\u00e1s pre\u00e1mbulos!<\/p>\n","protected":false},"featured_media":166904,"comment_status":"open","ping_status":"open","template":"","meta":[],"product_brand":[2505],"product_cat":[1267,1237,1238],"product_tag":[1334],"class_list":{"0":"post-120551","1":"product","2":"type-product","3":"status-publish","4":"has-post-thumbnail","6":"product_brand-my-theme-shop","7":"product_cat-creativo","8":"product_cat-temas","9":"product_cat-wordpress-temas","10":"product_tag-my-theme-shop","11":"member-discount","12":"discount-restricted","14":"first","15":"instock","16":"sale","17":"downloadable","18":"virtual","19":"sold-individually","20":"purchasable","21":"product-type-simple"},"_links":{"self":[{"href":"https:\/\/gpl-love.com\/es\/wp-json\/wp\/v2\/product\/120551","targetHints":{"allow":["GET"]}}],"collection":[{"href":"https:\/\/gpl-love.com\/es\/wp-json\/wp\/v2\/product"}],"about":[{"href":"https:\/\/gpl-love.com\/es\/wp-json\/wp\/v2\/types\/product"}],"replies":[{"embeddable":true,"href":"https:\/\/gpl-love.com\/es\/wp-json\/wp\/v2\/comments?post=120551"}],"wp:featuredmedia":[{"embeddable":true,"href":"https:\/\/gpl-love.com\/es\/wp-json\/wp\/v2\/media\/166904"}],"wp:attachment":[{"href":"https:\/\/gpl-love.com\/es\/wp-json\/wp\/v2\/media?parent=120551"}],"wp:term":[{"taxonomy":"product_brand","embeddable":true,"href":"https:\/\/gpl-love.com\/es\/wp-json\/wp\/v2\/product_brand?post=120551"},{"taxonomy":"product_cat","embeddable":true,"href":"https:\/\/gpl-love.com\/es\/wp-json\/wp\/v2\/product_cat?post=120551"},{"taxonomy":"product_tag","embeddable":true,"href":"https:\/\/gpl-love.com\/es\/wp-json\/wp\/v2\/product_tag?post=120551"}],"curies":[{"name":"wp","href":"https:\/\/api.w.org\/{rel}","templated":true}]}}