{"id":120549,"date":"2021-11-25T00:00:00","date_gmt":"2021-11-25T05:00:00","guid":{"rendered":"https:\/\/gpl-love.com\/es\/producto\/mythemeshop-apptheme-wordpress-theme\/"},"modified":"2026-03-13T17:25:07","modified_gmt":"2026-03-13T22:25:07","slug":"mythemeshop-apptheme-wordpress-theme","status":"publish","type":"product","link":"https:\/\/gpl-love.com\/es\/producto\/mythemeshop-apptheme-wordpress-theme\/","title":{"rendered":"MyThemeShop Apptheme WordPress Theme 1.2.9"},"content":{"rendered":"<h3>MyThemeShop Apptheme WordPress Theme Caracteristicas<\/h3>\n<p>El tema Mythemeshop Apptheme WordPress es una opci\u00f3n excepcional para las personas que buscan construir sin esfuerzo un sitio web profesional y eficiente. Su interfaz f\u00e1cil de usar permite que la personalizaci\u00f3n perfecta satisfaga las necesidades y preferencias espec\u00edficas de uno. El tema cuenta con una extensa variedad de caracter\u00edsticas, que abarca una p\u00e1gina de inicio personalizable, numerosas plantillas de p\u00e1gina y un dise\u00f1o receptivo que garantiza una apariencia est\u00e9ticamente agradable en todos los dispositivos. Adem\u00e1s, la optimizaci\u00f3n de SEO del tema garantiza una mayor visibilidad en la clasificaci\u00f3n de motores de b\u00fasqueda. En resumen, el tema Mythemeshop Apptheme WordPress presenta una oportunidad extraordinaria para cualquiera que desee elaborar un sitio web visualmente impresionante y altamente funcional que se distingue sin esfuerzo de la competencia.<\/p>\n<ul>\n<li>Tema de WordPress bellamente dise\u00f1ado adecuado para crear un sitio web o una aplicaci\u00f3n m\u00f3vil elegante y de aspecto profesional<\/li>\n<li>Viene con 6 dise\u00f1os de p\u00e1gina de inicio diferentes para elegir, cada uno con su propio estilo y funcionalidad \u00fanicos<\/li>\n<li>Totalmente personalizable con una amplia gama de opciones de personalizaci\u00f3n, incluidos esquemas de color, fuentes y opciones de dise\u00f1o<\/li>\n<li>Soporte incorporado para WooCommerce, lo que facilita la venta de productos y servicios directamente desde su sitio web o aplicaci\u00f3n.<\/li>\n<li>Incluye un poderoso constructor de p\u00e1ginas visual, que le permite crear dise\u00f1os y dise\u00f1os personalizados sin ning\u00fan conocimiento de codificaci\u00f3n<\/li>\n<li>Optimizado para motores de b\u00fasqueda y tiempos de carga r\u00e1pidas, asegurando que su sitio web o aplicaci\u00f3n sea f\u00e1cil de encontrar y usar<\/li>\n<li>Incluye una gama de widgets y c\u00f3digos cortos preconstruidos, lo que facilita agregar funcionalidad adicional a su sitio web o aplicaci\u00f3n.<\/li>\n<li>Se proporcionan documentaci\u00f3n y soporte completos, incluidos videos tutoriales y un equipo de soporte dedicado para ayudarlo con cualquier problema o pregunta que pueda tener<\/li>\n<li>Actualizado regularmente con nuevas funciones y actualizaciones de seguridad, asegurando que su sitio web o aplicaci\u00f3n se mantenga actualizado y seguro<\/li>\n<li>Compatible con todos los principales navegadores y dispositivos, asegurando que su sitio web o aplicaci\u00f3n se vea muy bien sin importar c\u00f3mo sus usuarios accedan a \u00e9l.<\/li>\n<\/ul>\n","protected":false},"excerpt":{"rendered":"<p>El tema Apptheme WordPress, ofrecido por Mythemeshop, surge como una selecci\u00f3n ideal para aquellos que buscan fabricar un sitio web contempor\u00e1neo y utilitario para promover su aplicaci\u00f3n o software m\u00f3vil. Mostrando un dise\u00f1o pr\u00edstino junto con una variedad de opciones personalizables, este tema le permite presentar su producto de manera incomparable, asegurando as\u00ed una experiencia de usuario simplificada e inmersiva para sus estimados visitantes. Adem\u00e1s, este tema se integra sin esfuerzo con complementos prevalentes, cuenta con funcionalidades de personalizaci\u00f3n convenientes y cuenta con un dise\u00f1o receptivo que garantiza una visualizaci\u00f3n \u00f3ptima en varios dispositivos. Eleve la visibilidad de su estimada aplicaci\u00f3n adoptando este exquisito tema de WordPress, exclusivamente de Mythemeshop.<\/p>\n","protected":false},"featured_media":166879,"comment_status":"open","ping_status":"open","template":"","meta":[],"product_brand":[2505],"product_cat":[1267,1237,1238],"product_tag":[1334],"class_list":{"0":"post-120549","1":"product","2":"type-product","3":"status-publish","4":"has-post-thumbnail","6":"product_brand-my-theme-shop","7":"product_cat-creativo","8":"product_cat-temas","9":"product_cat-wordpress-temas","10":"product_tag-my-theme-shop","11":"member-discount","12":"discount-restricted","14":"first","15":"instock","16":"sale","17":"downloadable","18":"virtual","19":"sold-individually","20":"purchasable","21":"product-type-simple"},"_links":{"self":[{"href":"https:\/\/gpl-love.com\/es\/wp-json\/wp\/v2\/product\/120549","targetHints":{"allow":["GET"]}}],"collection":[{"href":"https:\/\/gpl-love.com\/es\/wp-json\/wp\/v2\/product"}],"about":[{"href":"https:\/\/gpl-love.com\/es\/wp-json\/wp\/v2\/types\/product"}],"replies":[{"embeddable":true,"href":"https:\/\/gpl-love.com\/es\/wp-json\/wp\/v2\/comments?post=120549"}],"wp:featuredmedia":[{"embeddable":true,"href":"https:\/\/gpl-love.com\/es\/wp-json\/wp\/v2\/media\/166879"}],"wp:attachment":[{"href":"https:\/\/gpl-love.com\/es\/wp-json\/wp\/v2\/media?parent=120549"}],"wp:term":[{"taxonomy":"product_brand","embeddable":true,"href":"https:\/\/gpl-love.com\/es\/wp-json\/wp\/v2\/product_brand?post=120549"},{"taxonomy":"product_cat","embeddable":true,"href":"https:\/\/gpl-love.com\/es\/wp-json\/wp\/v2\/product_cat?post=120549"},{"taxonomy":"product_tag","embeddable":true,"href":"https:\/\/gpl-love.com\/es\/wp-json\/wp\/v2\/product_tag?post=120549"}],"curies":[{"name":"wp","href":"https:\/\/api.w.org\/{rel}","templated":true}]}}