{"id":120547,"date":"2026-03-02T00:00:00","date_gmt":"2026-03-02T05:00:00","guid":{"rendered":"https:\/\/gpl-love.com\/es\/?post_type=product&#038;p=120547"},"modified":"2026-03-09T07:48:30","modified_gmt":"2026-03-09T12:48:30","slug":"mainwp-wordfence","status":"publish","type":"product","link":"https:\/\/gpl-love.com\/es\/producto\/mainwp-wordfence\/","title":{"rendered":"MainWP WordFence 5.1.1"},"content":{"rendered":"<h3>MainWP WordFence Caracteristicas<\/h3>\n<p>Mainwp WordFence es un complemento de seguridad extraordinariamente poderoso que proporciona una gama integral de mecanismos de protecci\u00f3n para su sitio web. Cuenta con un dise\u00f1o meticulosamente elaborado destinado a salvaguardar su sitio web de las incesantes amenazas planteadas por los piratas inform\u00e1ticos, el software malicioso y otros peligros que acechan en l\u00ednea. Este complemento no solo es extremadamente f\u00e1cil de instalar y utilizar, sino que tambi\u00e9n desarrolla una amplia gama de caracter\u00edsticas de vanguardia, que incluye, entre otros, escaneo de malware en tiempo real, fortificaci\u00f3n contra ataques de fuerza bruta, un sistema de firewall robusto y la capacidad Para bloquear direcciones IP espec\u00edficas. Al aprovechar las notables capacidades de MainWP WordFence, puede estar seguro de que su sitio web sigue siendo impermeable a cualquier posible violaci\u00f3n de seguridad o infiltraciones no autorizadas. Adem\u00e1s, este complemento altamente estimado le otorga acceder a actualizaciones regulares y un soporte inquebrantable, fortificando perpetuamente las defensas de su sitio web. Encarnando la m\u00e1xima compatibilidad con WordPress Multisites, Mainwp Wordfence surge como una herramienta indispensable para cualquier persona que busque garantizar la mayor seguridad de sus apreciadas plataformas en l\u00ednea.<\/p>\n<ul>\n<li>Protecci\u00f3n de seguridad de WordPress de vanguardia del complemento de WordFence altamente confiable<\/li>\n<li>Integrado sin problemas en su tablero de Mainwp para una f\u00e1cil gesti\u00f3n de todos sus sitios<\/li>\n<li>Escaneo de malware integral y detecci\u00f3n de amenazas en tiempo real para mantener sus sitios a salvo de los ataques<\/li>\n<li>Protecci\u00f3n avanzada de firewall con reglas personalizadas y mecanismos de bloqueo para evitar el acceso no autorizado<\/li>\n<li>Opciones de seguridad altamente configurables y configuraciones avanzadas para la m\u00e1xima personalizaci\u00f3n<\/li>\n<li>Actualizaciones de seguridad autom\u00e1ticas y compatibilidad perfecta con las \u00faltimas versiones de WordPress<\/li>\n<li>Ver registros y an\u00e1lisis de actividad detallados para rastrear las amenazas de seguridad y monitorear la salud general de seguridad de su sitio<\/li>\n<li>Interfaz f\u00e1cil de usar y proceso de instalaci\u00f3n f\u00e1cil, incluso para usuarios no t\u00e9cnicos.<\/li>\n<\/ul>\n","protected":false},"excerpt":{"rendered":"<p>Mainwp Wordfence, una soluci\u00f3n de seguridad altamente robusta y confiable adaptada espec\u00edficamente para sitios web de WordPress, se erige como un protector incondicional contra una variedad de posibles amenazas que incluyen, entre otros, hacks, malware y virus. Este notable complemento ofrece a sus usuarios un medio sin esfuerzo para salvaguardar sus sitios web al otorgarles la capacidad de supervisar eficientemente el estado de seguridad de todos sus sitios de WordPress a trav\u00e9s de un tablero singular, al tiempo que recibe notificaciones instant\u00e1neas cada vez que se detecta cualquier forma de actividad sospechosa. Adem\u00e1s, MainWP WordFence viene equipado con una variedad de caracter\u00edsticas avanzadas, que abarca la protecci\u00f3n de firewall, el escaneo de malware en tiempo real y la adici\u00f3n de la autenticaci\u00f3n de dos factores; Asegurando as\u00ed la seguridad perpetua de su sitio web en su totalidad. Independientemente de si usted es un ne\u00f3fito o un usuario experto, Mainwp Wordfence atiende perfectamente a todos los niveles de habilidad, lo que lo convierte en el instrumento por excelencia para preservar la m\u00e1xima seguridad de su estimado sitio web de WordPress.<\/p>\n","protected":false},"featured_media":166684,"comment_status":"open","ping_status":"open","template":"","meta":[],"product_brand":[2491],"product_cat":[1212,1206,1211],"product_tag":[1324],"class_list":{"0":"post-120547","1":"product","2":"type-product","3":"status-publish","4":"has-post-thumbnail","6":"product_brand-main-wp","7":"product_cat-administracion-wordpress-plugins","8":"product_cat-plugins","9":"product_cat-wordpress-plugins","10":"product_tag-main-wp","11":"member-discount","12":"discount-restricted","14":"first","15":"instock","16":"sale","17":"downloadable","18":"virtual","19":"sold-individually","20":"purchasable","21":"product-type-simple"},"_links":{"self":[{"href":"https:\/\/gpl-love.com\/es\/wp-json\/wp\/v2\/product\/120547","targetHints":{"allow":["GET"]}}],"collection":[{"href":"https:\/\/gpl-love.com\/es\/wp-json\/wp\/v2\/product"}],"about":[{"href":"https:\/\/gpl-love.com\/es\/wp-json\/wp\/v2\/types\/product"}],"replies":[{"embeddable":true,"href":"https:\/\/gpl-love.com\/es\/wp-json\/wp\/v2\/comments?post=120547"}],"wp:featuredmedia":[{"embeddable":true,"href":"https:\/\/gpl-love.com\/es\/wp-json\/wp\/v2\/media\/166684"}],"wp:attachment":[{"href":"https:\/\/gpl-love.com\/es\/wp-json\/wp\/v2\/media?parent=120547"}],"wp:term":[{"taxonomy":"product_brand","embeddable":true,"href":"https:\/\/gpl-love.com\/es\/wp-json\/wp\/v2\/product_brand?post=120547"},{"taxonomy":"product_cat","embeddable":true,"href":"https:\/\/gpl-love.com\/es\/wp-json\/wp\/v2\/product_cat?post=120547"},{"taxonomy":"product_tag","embeddable":true,"href":"https:\/\/gpl-love.com\/es\/wp-json\/wp\/v2\/product_tag?post=120547"}],"curies":[{"name":"wp","href":"https:\/\/api.w.org\/{rel}","templated":true}]}}