{"id":120545,"date":"2026-03-02T00:00:00","date_gmt":"2026-03-02T05:00:00","guid":{"rendered":"https:\/\/gpl-love.com\/es\/?post_type=product&#038;p=120545"},"modified":"2026-03-09T07:48:28","modified_gmt":"2026-03-09T12:48:28","slug":"mainwp-woocommerce-status","status":"publish","type":"product","link":"https:\/\/gpl-love.com\/es\/producto\/mainwp-woocommerce-status\/","title":{"rendered":"MainWP WooCommerce Status 5.0.5"},"content":{"rendered":"<h3>MainWP WooCommerce Status Caracteristicas<\/h3>\n<p>El estado de MainWP WooCommerce es un complemento extremadamente robusto que ofrece una gran cantidad de caracter\u00edsticas potentes destinadas a racionalizar y mejorar la gesti\u00f3n de sus tiendas WooCommerce, todas convenientemente ubicadas en una sola plataforma centralizada. Este complemento le otorga la capacidad de supervisar sin esfuerzo el estado de sus tiendas, que abarca una descripci\u00f3n completa de los pedidos, productos y niveles de inventario. Adem\u00e1s, le permite la capacidad de profundizar en informes intrincados e integrales relacionados con el rendimiento de su tienda, lo que le permite monitorear meticulosamente sus ventas y rastrear meticulosamente a sus clientes. Al facilitar la gesti\u00f3n perfecta de m\u00faltiples tiendas simult\u00e1neamente, el estado de WooCommerce de Mainwp le ahorra significativamente el tiempo y el esfuerzo. Independientemente de si est\u00e1 operando una tienda en l\u00ednea o productos de venta ampliamente a trav\u00e9s de un sitio web, este complemento indudablemente califica como una herramienta indispensable para cualquier usuario de WooCommerce. Le imploramos que aproveche la oportunidad de experimentar los m\u00faltiples beneficios del estado de WooCommerce de MainWP de primera mano prob\u00e1ndolo hoy, y presenciar la mejora sustancial que puede generar en el rendimiento de su tienda, que finalmente culmin\u00f3 en un marcado aumento en sus cifras de ventas.<\/p>\n<ul>\n<li>Proporciona una manera f\u00e1cil de monitorear y administrar el estado de sus tiendas WooCommerce desde un solo tablero<\/li>\n<li>Le permite ver la informaci\u00f3n del pedido y el producto en tiempo real para cada tienda, incluidas las ventas totales, los ingresos y el valor promedio de pedidos<\/li>\n<li>Rastrea el estado de los productos, incluidos los niveles de stock y la disponibilidad, para ayudarlo a mantenerse al tanto de la gesti\u00f3n de inventario<\/li>\n<li>Proporciona alertas y notificaciones para cualquier problema o cambio de estado, asegurando que siempre tenga la informaci\u00f3n m\u00e1s actualizada.<\/li>\n<li>Se integra a la perfecci\u00f3n con su tablero de MainWP existente, para que pueda administrar todos sus sitios de WordPress y tiendas de WooCommerce desde una ubicaci\u00f3n centralizada<\/li>\n<li>Ahorra tiempo y elimina la necesidad de iniciar sesi\u00f3n en cada tienda individual para verificar el estado o realizar actualizaciones, simplificando su proceso de gesti\u00f3n de comercio electr\u00f3nico.<\/li>\n<\/ul>\n","protected":false},"excerpt":{"rendered":"<p>El estado de MainWP WooCommerce es un complemento excepcionalmente robusto que ha sido meticulosamente elaborado para proporcionar a los usuarios actualizaciones actualizadas relacionadas con el estado actual de su estimada tienda de WooCommerce. Independientemente de si est\u00e1 involucrado en la venta de productos tangibles o descargas digitales, este complemento extraordinario est\u00e1 hecho a medida para satisfacer sus necesidades al proporcionarle una herramienta invaluable para permanecer a la vanguardia de su gesti\u00f3n de inventario, seguimiento de ventas y cliente consultas. Aumentada con una gran cantidad de alertas y notificaciones personalizables, este complemento fenomenal garantiza que usted, como propietario de una tienda concienzudo, nunca se encontrar\u00e1 sin conocimiento sobre el estado actual de su tienda, independientemente de su paradero geogr\u00e1fico. Dadas estas ventajas convincentes, \u00bfpor qu\u00e9 demorarse en aprovechar la oportunidad de mejorar su experiencia general de WooCommerce integrando el estado incomparable de WooCommerce de MainWP en su negocio en l\u00ednea sin m\u00e1s ADO?<\/p>\n","protected":false},"featured_media":166683,"comment_status":"open","ping_status":"open","template":"","meta":[],"product_brand":[2491],"product_cat":[1212,1206,1211],"product_tag":[1324],"class_list":{"0":"post-120545","1":"product","2":"type-product","3":"status-publish","4":"has-post-thumbnail","6":"product_brand-main-wp","7":"product_cat-administracion-wordpress-plugins","8":"product_cat-plugins","9":"product_cat-wordpress-plugins","10":"product_tag-main-wp","11":"member-discount","12":"discount-restricted","14":"first","15":"instock","16":"sale","17":"downloadable","18":"virtual","19":"sold-individually","20":"purchasable","21":"product-type-simple"},"_links":{"self":[{"href":"https:\/\/gpl-love.com\/es\/wp-json\/wp\/v2\/product\/120545","targetHints":{"allow":["GET"]}}],"collection":[{"href":"https:\/\/gpl-love.com\/es\/wp-json\/wp\/v2\/product"}],"about":[{"href":"https:\/\/gpl-love.com\/es\/wp-json\/wp\/v2\/types\/product"}],"replies":[{"embeddable":true,"href":"https:\/\/gpl-love.com\/es\/wp-json\/wp\/v2\/comments?post=120545"}],"wp:featuredmedia":[{"embeddable":true,"href":"https:\/\/gpl-love.com\/es\/wp-json\/wp\/v2\/media\/166683"}],"wp:attachment":[{"href":"https:\/\/gpl-love.com\/es\/wp-json\/wp\/v2\/media?parent=120545"}],"wp:term":[{"taxonomy":"product_brand","embeddable":true,"href":"https:\/\/gpl-love.com\/es\/wp-json\/wp\/v2\/product_brand?post=120545"},{"taxonomy":"product_cat","embeddable":true,"href":"https:\/\/gpl-love.com\/es\/wp-json\/wp\/v2\/product_cat?post=120545"},{"taxonomy":"product_tag","embeddable":true,"href":"https:\/\/gpl-love.com\/es\/wp-json\/wp\/v2\/product_tag?post=120545"}],"curies":[{"name":"wp","href":"https:\/\/api.w.org\/{rel}","templated":true}]}}