{"id":120543,"date":"2025-02-17T00:00:00","date_gmt":"2025-02-17T05:00:00","guid":{"rendered":"https:\/\/gpl-love.com\/es\/?post_type=product&#038;p=120543"},"modified":"2026-03-09T07:48:27","modified_gmt":"2026-03-09T12:48:27","slug":"mainwp-url-extractor","status":"publish","type":"product","link":"https:\/\/gpl-love.com\/es\/producto\/mainwp-url-extractor\/","title":{"rendered":"MainWP URL Extractor 5.0.1"},"content":{"rendered":"<h3>MainWP URL Extractor Caracteristicas<\/h3>\n<p>El extractor de URL de MainWP es una herramienta incre\u00edblemente robusta que extrae sin esfuerzo todas las URL de su tablero MainWP, racionalizando el proceso. Con solo unos pocos clics, puede extraer sin esfuerzo todas las URL de los sitios de su hijo, ofreci\u00e9ndole una mayor comodidad para monitorear y administrar efectivamente su variedad de sitios web. Esta herramienta ha sido dise\u00f1ada meticulosamente para atender a individuos de todas las competencias t\u00e9cnicas, eliminando la necesidad de cualquier conocimiento t\u00e9cnico extenso. Adem\u00e1s, va m\u00e1s all\u00e1 del suministro de precisi\u00f3n y confiabilidad incomparables en t\u00e9rminos de datos, asegurando que posee acceso sin restricciones a toda la informaci\u00f3n imperativa necesaria para tomar decisiones bien informadas. No importa si usted es un blogger dedicado, un vendedor astuto o incluso un propietario de un sitio web, ya que el extractor de URL de MainWP es un recurso verdaderamente invaluable que puede optimizar y optimizar efectivamente el tiempo y el esfuerzo invertido en la gesti\u00f3n de su conjunto diverso de sitios web.<\/p>\n<ul>\n<li>MainWP URL Extractor es una herramienta poderosa para extraer URL de su tablero de Mainwp.<\/li>\n<li>Con esta herramienta, puede extraer URL de todos los sitios para ni\u00f1os en su red MainWP con solo unos pocos clics.<\/li>\n<li>Las URL extra\u00eddas se pueden utilizar para una variedad de fines, incluso para la investigaci\u00f3n de SEO, la construcci\u00f3n de enlaces y el an\u00e1lisis de contenido.<\/li>\n<li>El extractor de URL de MainWP es f\u00e1cil de usar y no requiere conocimientos t\u00e9cnicos. Simplemente instale el complemento y comience a extraer URL.<\/li>\n<li>La herramienta es compatible con todos los temas y complementos de WordPress, lo que la convierte en una soluci\u00f3n flexible y vers\u00e1til para las necesidades de su sitio web.<\/li>\n<li>El extractor de URL de MainWP est\u00e1 dise\u00f1ado para ser r\u00e1pido y eficiente, con la capacidad de extraer miles de URL en solo cuesti\u00f3n de minutos.<\/li>\n<li>El complemento se actualiza regularmente con nuevas funciones y correcciones de errores para garantizar que siempre tenga acceso a la mejor herramienta posible.<\/li>\n<li>Con una compra \u00fanica, puede disfrutar de un uso ilimitado del extractor de URL MainWP con actualizaciones y soporte de por vida.<\/li>\n<\/ul>\n","protected":false},"excerpt":{"rendered":"<p>El extractor de URL MainWP es una herramienta inmensamente potente que le otorga la capacidad de extraer sin esfuerzo URL desde su tablero de Mainwp. Si requiere la exportaci\u00f3n de una lista completa de sus sitios web, o se encuentra en la necesidad de recopilar URL precisas con el fin de realizar un an\u00e1lisis m\u00e1s detallado, esta herramienta excepcional simplifica con precisi\u00f3n todo el proceso, proporcion\u00e1ndole as\u00ed con resultados precisos y confiable. Al aprovechar el poder del extractor de URL MainWP, puede economizar de manera efectiva su tiempo y aumentar su eficacia en el dominio de la gesti\u00f3n de sitios web.<\/p>\n","protected":false},"featured_media":166682,"comment_status":"open","ping_status":"open","template":"","meta":[],"product_brand":[2491],"product_cat":[1212,1206,1211],"product_tag":[1324],"class_list":{"0":"post-120543","1":"product","2":"type-product","3":"status-publish","4":"has-post-thumbnail","6":"product_brand-main-wp","7":"product_cat-administracion-wordpress-plugins","8":"product_cat-plugins","9":"product_cat-wordpress-plugins","10":"product_tag-main-wp","11":"member-discount","12":"discount-restricted","14":"first","15":"instock","16":"sale","17":"downloadable","18":"virtual","19":"sold-individually","20":"purchasable","21":"product-type-simple"},"_links":{"self":[{"href":"https:\/\/gpl-love.com\/es\/wp-json\/wp\/v2\/product\/120543","targetHints":{"allow":["GET"]}}],"collection":[{"href":"https:\/\/gpl-love.com\/es\/wp-json\/wp\/v2\/product"}],"about":[{"href":"https:\/\/gpl-love.com\/es\/wp-json\/wp\/v2\/types\/product"}],"replies":[{"embeddable":true,"href":"https:\/\/gpl-love.com\/es\/wp-json\/wp\/v2\/comments?post=120543"}],"wp:featuredmedia":[{"embeddable":true,"href":"https:\/\/gpl-love.com\/es\/wp-json\/wp\/v2\/media\/166682"}],"wp:attachment":[{"href":"https:\/\/gpl-love.com\/es\/wp-json\/wp\/v2\/media?parent=120543"}],"wp:term":[{"taxonomy":"product_brand","embeddable":true,"href":"https:\/\/gpl-love.com\/es\/wp-json\/wp\/v2\/product_brand?post=120543"},{"taxonomy":"product_cat","embeddable":true,"href":"https:\/\/gpl-love.com\/es\/wp-json\/wp\/v2\/product_cat?post=120543"},{"taxonomy":"product_tag","embeddable":true,"href":"https:\/\/gpl-love.com\/es\/wp-json\/wp\/v2\/product_tag?post=120543"}],"curies":[{"name":"wp","href":"https:\/\/api.w.org\/{rel}","templated":true}]}}