{"id":120521,"date":"2021-12-12T00:00:00","date_gmt":"2021-12-12T05:00:00","guid":{"rendered":"https:\/\/gpl-love.com\/es\/?post_type=product&#038;p=120521"},"modified":"2026-03-09T07:38:12","modified_gmt":"2026-03-09T12:38:12","slug":"givewp-email-reports","status":"publish","type":"product","link":"https:\/\/gpl-love.com\/es\/producto\/givewp-email-reports\/","title":{"rendered":"GiveWP Email Reports 1.1.4"},"content":{"rendered":"<h3>GiveWP Email Reports Caracteristicas<\/h3>\n<p>La herramienta de informes de correo electr\u00f3nico GiveWP ofrece a las organizaciones sin fines de lucro una capacidad potente para generar informes de correo electr\u00f3nico automatizados con respecto a su actividad de donaci\u00f3n, proporcion\u00e1ndoles as\u00ed con valiosas ideas relacionadas con su rendimiento de recaudaci\u00f3n de fondos. A trav\u00e9s de la utilizaci\u00f3n de esta herramienta, a los usuarios se les otorga la capacidad de programar informes semanales o mensuales sin esfuerzo, adaptarlos a sus requisitos espec\u00edficos de marca y mensajes, y transmitirlos a las partes interesadas vitales como miembros de la junta, donantes y personal. Estos informes proporcionan datos integrales que abarcan los montos de donaci\u00f3n, la demograf\u00eda de los donantes y los detalles de la transacci\u00f3n, lo que permite a las organizaciones monitorear de manera efectiva su progreso hacia los objetivos de recaudaci\u00f3n de fondos y tomar decisiones informadas con respecto a la estrategia y los esfuerzos de divulgaci\u00f3n. Al hacer uso de los informes de correo electr\u00f3nico GiveWP, las organizaciones sin fines de lucro pueden optimizar su proceso de informes, economizar el tiempo y los recursos, y administrar efectivamente sus esfuerzos de recaudaci\u00f3n de fondos.<\/p>\n<ul>\n<li>Informes mensuales detallados sobre campa\u00f1as de correo electr\u00f3nico enviadas a trav\u00e9s de GiveWP<\/li>\n<li>Res\u00famenes f\u00e1ciles de leer de las m\u00e9tricas clave, como las tasas de apertura, las tasas de clics y los montos de donaci\u00f3n.<\/li>\n<li>Comparaci\u00f3n del rendimiento actual con los datos hist\u00f3ricos<\/li>\n<li>Configuraci\u00f3n de informes personalizables para satisfacer las necesidades de las organizaciones individuales<\/li>\n<li>Capacidad para identificar r\u00e1pidamente las tendencias y tomar decisiones basadas en datos para futuros esfuerzos de recaudaci\u00f3n de fondos<\/li>\n<li>Automatizaci\u00f3n de ahorro de tiempo de la generaci\u00f3n y entrega<\/li>\n<li>Integraci\u00f3n con otras herramientas como Google Analytics para una visi\u00f3n m\u00e1s completa del rendimiento de la campa\u00f1a<\/li>\n<li>Apoyo dedicado para ayudar con cualquier pregunta o problema t\u00e9cnico<\/li>\n<\/ul>\n","protected":false},"excerpt":{"rendered":"<p>Ahora tiene la oportunidad de recibir informes de correo electr\u00f3nico completos que proporcionan informaci\u00f3n detallada sobre la actividad de donaci\u00f3n en su sitio web de GiveWP a trav\u00e9s de la caracter\u00edstica innovadora conocida como informes de correo electr\u00f3nico GiveWP. Al aprovechar esta herramienta, obtendr\u00e1 ideas valiosas sobre varios aspectos, como las identidades de los nuevos donantes, las cantidades exactas de sus donaciones, la popularidad de diferentes campa\u00f1as y mucho m\u00e1s, todo se entrega convenientemente directamente a su bandeja de entrada. Adem\u00e1s, tiene la flexibilidad de elegir la frecuencia de estos informes, ya sea que prefiera recibirlos diariamente, semanalmente o mensualmente. Con este invaluable recurso a su disposici\u00f3n, puede monitorear sin esfuerzo el progreso de sus esfuerzos de recaudaci\u00f3n de fondos y, armado con el conocimiento respaldado por datos, tomar decisiones informadas destinadas a mejorar las tasas de retenci\u00f3n de sus donantes y optimizar su participaci\u00f3n general.<\/p>\n","protected":false},"featured_media":166237,"comment_status":"open","ping_status":"open","template":"","meta":[],"product_brand":[2465],"product_cat":[1212,1206,1211],"product_tag":[2232],"class_list":{"0":"post-120521","1":"product","2":"type-product","3":"status-publish","4":"has-post-thumbnail","6":"product_brand-givewp","7":"product_cat-administracion-wordpress-plugins","8":"product_cat-plugins","9":"product_cat-wordpress-plugins","10":"product_tag-givewp","11":"member-discount","12":"discount-restricted","14":"first","15":"instock","16":"sale","17":"downloadable","18":"virtual","19":"sold-individually","20":"purchasable","21":"product-type-simple"},"_links":{"self":[{"href":"https:\/\/gpl-love.com\/es\/wp-json\/wp\/v2\/product\/120521","targetHints":{"allow":["GET"]}}],"collection":[{"href":"https:\/\/gpl-love.com\/es\/wp-json\/wp\/v2\/product"}],"about":[{"href":"https:\/\/gpl-love.com\/es\/wp-json\/wp\/v2\/types\/product"}],"replies":[{"embeddable":true,"href":"https:\/\/gpl-love.com\/es\/wp-json\/wp\/v2\/comments?post=120521"}],"wp:featuredmedia":[{"embeddable":true,"href":"https:\/\/gpl-love.com\/es\/wp-json\/wp\/v2\/media\/166237"}],"wp:attachment":[{"href":"https:\/\/gpl-love.com\/es\/wp-json\/wp\/v2\/media?parent=120521"}],"wp:term":[{"taxonomy":"product_brand","embeddable":true,"href":"https:\/\/gpl-love.com\/es\/wp-json\/wp\/v2\/product_brand?post=120521"},{"taxonomy":"product_cat","embeddable":true,"href":"https:\/\/gpl-love.com\/es\/wp-json\/wp\/v2\/product_cat?post=120521"},{"taxonomy":"product_tag","embeddable":true,"href":"https:\/\/gpl-love.com\/es\/wp-json\/wp\/v2\/product_tag?post=120521"}],"curies":[{"name":"wp","href":"https:\/\/api.w.org\/{rel}","templated":true}]}}