{"id":120519,"date":"2021-12-12T00:00:00","date_gmt":"2021-12-12T05:00:00","guid":{"rendered":"https:\/\/gpl-love.com\/es\/?post_type=product&#038;p=120519"},"modified":"2026-03-09T07:38:11","modified_gmt":"2026-03-09T12:38:11","slug":"givewp-dwolla-gateway","status":"publish","type":"product","link":"https:\/\/gpl-love.com\/es\/producto\/givewp-dwolla-gateway\/","title":{"rendered":"GiveWP Dwolla Gateway 1.1.2"},"content":{"rendered":"<h3>GiveWP Dwolla Gateway Caracteristicas<\/h3>\n<p>La puerta de enlace Dwolla GiveWP es una herramienta poderosa que le permite aceptar f\u00e1cilmente donaciones en l\u00ednea a trav\u00e9s de la popular plataforma de pago Dwolla. Con esta integraci\u00f3n, puede recopilar fondos de forma segura de sus donantes y administrar sin esfuerzo las finanzas de su organizaci\u00f3n.<\/p>\n<p>Esta puerta de enlace se integra perfectamente con sus formularios de donaci\u00f3n GiveWP, proporcionando una experiencia de donaci\u00f3n perfecta y f\u00e1cil de usar para sus seguidores. Puede personalizar f\u00e1cilmente sus formularios de donaci\u00f3n para que coincida con su marca y crear una experiencia cohesiva en l\u00ednea.<\/p>\n<p>La puerta de enlace Dwolla GiveWP ofrece una gama de caracter\u00edsticas para mejorar su proceso de donaci\u00f3n. Puede configurar donaciones recurrentes, lo que permite a sus seguidores hacer f\u00e1cilmente contribuciones autom\u00e1ticas de forma regular. Esta caracter\u00edstica es ideal para organizaciones que dependen del apoyo continuo de sus donantes.<\/p>\n<p>Con Dwolla Gateway, tambi\u00e9n puede administrar f\u00e1cilmente sus donantes y sus contribuciones. Puede generar informes detallados para rastrear su progreso de recaudaci\u00f3n de fondos y analizar las tendencias de los donantes. Esto le permite tomar decisiones informadas y optimizar sus estrategias de recaudaci\u00f3n de fondos.<\/p>\n<p>La seguridad es una prioridad con la puerta de enlace Dwolla GiveWP. DWOLLA utiliza medidas de seguridad y cifrado l\u00edder en la industria para garantizar que la informaci\u00f3n de sus donantes est\u00e9 protegida en todo momento. Su organizaci\u00f3n puede tener tranquilidad sabiendo que los datos confidenciales de sus donantes son seguros.<\/p>\n<p>Configurar la puerta de enlace dwolla GiveWP es r\u00e1pida y directa. Con solo unos pocos pasos simples, puede comenzar a aceptar donaciones a trav\u00e9s de Dwolla y proporcionar a sus donantes una experiencia de donaci\u00f3n conveniente y segura.<\/p>\n<p>Ya sea que usted sea una organizaci\u00f3n sin fines de lucro, una organizaci\u00f3n ben\u00e9fica o un grupo comunitario, la puerta de enlace DWP DWOLA es la soluci\u00f3n perfecta para optimizar sus esfuerzos de recaudaci\u00f3n de fondos en l\u00ednea. Comience a aceptar donaciones de manera f\u00e1cil y segura con esta poderosa integraci\u00f3n.<\/p>\n<ul>\n<li>Acepte sin problemas donaciones y pagos utilizando Dwolla con Dwp Dwolla Gateway<\/li>\n<li>Integrar f\u00e1cilmente GiveWp y Dwolla para comenzar a aceptar pagos de donantes y clientes<\/li>\n<li>Disfrute de una soluci\u00f3n de procesamiento de pagos de bajo costo sin sacrificar la seguridad y la confiabilidad<\/li>\n<li>Soporte para pagos ACH (Casa de compensaci\u00f3n automatizada), haciendo que las transacciones sean m\u00e1s r\u00e1pidas y rentables<\/li>\n<li>No hay tarifas ocultas, asegurando la transparencia y la previsibilidad en sus costos de procesamiento de pagos<\/li>\n<li>Las transacciones seguras como Dwolla est\u00e1 regulada por la Red de Control de Delitos Financieros del Tesoro de los Estados Unidos (FINCEN)<\/li>\n<li>Mejorar las conversiones de los donantes y reducir los costos operativos con procesamiento de pagos simplificado<\/li>\n<li>Interfaz f\u00e1cil de usar tanto para administradores como para donantes\/clientes, con formularios de pago y p\u00e1ginas de donaci\u00f3n personalizables<\/li>\n<li>Reconciliaci\u00f3n de pago sin problemas con registros de transacciones totalmente detallados<\/li>\n<li>Obtenga un apoyo r\u00e1pido y confiable de los equipos de atenci\u00f3n al cliente de GiveWP y Dwolla.<\/li>\n<\/ul>\n","protected":false},"excerpt":{"rendered":"<p>La puerta de enlace Dwolla GiveWP es una soluci\u00f3n de pago muy solicitada para el \u00e1mbito de las donaciones en l\u00ednea, que ofrece una multitud de beneficios y ventajas. Este complemento notable est\u00e1 espec\u00edficamente dise\u00f1ado para atender a organizaciones sin fines de lucro y organizaciones ben\u00e9ficas, capacit\u00e1ndolos para aceptar donaciones sin esfuerzo y segura de sus \u00e1vidos partidarios a trav\u00e9s de la utilizaci\u00f3n de Dwolla, una plataforma de pago digital estelar que ha ganado un reconocimiento tremendo por sus tarifas de transacciones incre\u00edblemente bajas e rel\u00e1mpagos. -Tiempos de procesamiento r\u00e1pidos. Al integrar la puerta de enlace dwolla Givwp en sus operaciones, las organizaciones sin fines de lucro pueden optimizar efectivamente sus procedimientos de procesamiento de pagos, lo que se despide a las complejidades y dolores de cabeza que a menudo acompa\u00f1an este aspecto vital de su trabajo. En cambio, pueden adoptar una nueva sensaci\u00f3n de facilidad y simplicidad cuando se trata de recibir y administrar donaciones, todo gracias a la integraci\u00f3n perfecta ofrecida por esta soluci\u00f3n innovadora.<\/p>\n","protected":false},"featured_media":166236,"comment_status":"open","ping_status":"open","template":"","meta":[],"product_brand":[2465],"product_cat":[1278,1206,1211],"product_tag":[2232],"class_list":{"0":"post-120519","1":"product","2":"type-product","3":"status-publish","4":"has-post-thumbnail","6":"product_brand-givewp","7":"product_cat-pago","8":"product_cat-plugins","9":"product_cat-wordpress-plugins","10":"product_tag-givewp","11":"member-discount","12":"discount-restricted","14":"first","15":"instock","16":"sale","17":"downloadable","18":"virtual","19":"sold-individually","20":"purchasable","21":"product-type-simple"},"_links":{"self":[{"href":"https:\/\/gpl-love.com\/es\/wp-json\/wp\/v2\/product\/120519","targetHints":{"allow":["GET"]}}],"collection":[{"href":"https:\/\/gpl-love.com\/es\/wp-json\/wp\/v2\/product"}],"about":[{"href":"https:\/\/gpl-love.com\/es\/wp-json\/wp\/v2\/types\/product"}],"replies":[{"embeddable":true,"href":"https:\/\/gpl-love.com\/es\/wp-json\/wp\/v2\/comments?post=120519"}],"wp:featuredmedia":[{"embeddable":true,"href":"https:\/\/gpl-love.com\/es\/wp-json\/wp\/v2\/media\/166236"}],"wp:attachment":[{"href":"https:\/\/gpl-love.com\/es\/wp-json\/wp\/v2\/media?parent=120519"}],"wp:term":[{"taxonomy":"product_brand","embeddable":true,"href":"https:\/\/gpl-love.com\/es\/wp-json\/wp\/v2\/product_brand?post=120519"},{"taxonomy":"product_cat","embeddable":true,"href":"https:\/\/gpl-love.com\/es\/wp-json\/wp\/v2\/product_cat?post=120519"},{"taxonomy":"product_tag","embeddable":true,"href":"https:\/\/gpl-love.com\/es\/wp-json\/wp\/v2\/product_tag?post=120519"}],"curies":[{"name":"wp","href":"https:\/\/api.w.org\/{rel}","templated":true}]}}