{"id":120457,"date":"2025-07-23T00:00:00","date_gmt":"2025-07-23T05:00:00","guid":{"rendered":"https:\/\/gpl-love.com\/es\/?post_type=product&#038;p=120457"},"modified":"2026-03-09T07:33:24","modified_gmt":"2026-03-09T12:33:24","slug":"eventon-rss-feed","status":"publish","type":"product","link":"https:\/\/gpl-love.com\/es\/producto\/eventon-rss-feed\/","title":{"rendered":"EventOn RSS Feed 1.2.1"},"content":{"rendered":"<h3>EventOn RSS Feed Caracteristicas<\/h3>\n<p>El Feed RSS de Eventon sirve como una herramienta altamente potente, lo que permite a los usuarios agregar y presentar efectivos datos de eventos de varias fuentes en una ubicaci\u00f3n centralizada. Su interfaz perfecta y sus caracter\u00edsticas f\u00e1ciles de usar contribuyen a su eficacia, lo que permite la creaci\u00f3n de alimentos personalizados que pueden integrarse perfectamente en sitios web, boletines y otras plataformas digitales. Este producto atiende a una amplia gama de usuarios, acomodando a los propietarios de peque\u00f1as empresas que buscan mejorar la promoci\u00f3n de eventos y las grandes organizaciones con el objetivo de optimizar sus procesos de gesti\u00f3n de eventos. Con sus sofisticadas opciones de filtrado, actualizaciones en tiempo real y capacidades integrales de informes, el Feed de Eventon RSS garantiza para cumplir con todos los requisitos de gesti\u00f3n de eventos. Entonces, \u00bfpor qu\u00e9 demorarse? \u00a1Comience a utilizar el feed de Eventon RSS hoy y elevar los esfuerzos de marketing de eventos a alturas incomparables!<\/p>\n<ul>\n<li>Proporciona un feed RSS personalizable de sus eventos de calendario de Eventon<\/li>\n<li>Le permite compartir f\u00e1cilmente los pr\u00f3ximos eventos con clientes o colegas<\/li>\n<li>Ofrece una forma confiable y automatizada de distribuir la informaci\u00f3n del evento<\/li>\n<li>Integraci\u00f3n con los lectores y plataformas RSS m\u00e1s populares<\/li>\n<li>Las actualizaciones autom\u00e1ticamente como los eventos se agregan o se actualizan en su calendario<\/li>\n<li>No se requieren habilidades de codificaci\u00f3n para configurar y usar<\/li>\n<li>Ayuda a aumentar el compromiso y la asistencia para sus eventos.<\/li>\n<\/ul>\n","protected":false},"excerpt":{"rendered":"<p>Aseg\u00farese de permanecer bien informado sobre los acontecimientos m\u00e1s recientes en su comunidad local utilizando el alimento de Eventon RSS altamente eficiente y conveniente. Al optar por este servicio de suscripci\u00f3n excepcional, recibir\u00e1 una entrega r\u00e1pida de todas las actualizaciones y notificaciones relacionadas con el evento directamente a su lector RSS designado. En consecuencia, siempre se mantendr\u00e1 al tanto de los pr\u00f3ximos conciertos, espect\u00e1culos y una gran cantidad de otros eventos cautivadores. Con la accesibilidad sin esfuerzo para los detalles integrales del evento y los horarios meticulosamente elaborados, tendr\u00e1 la capacidad invaluable de planificar y organizar diligentemente su calendario, asegurando que nunca m\u00e1s se encuentre con la situaci\u00f3n desalentadora de perder una experiencia sobresaliente y memorable. Es inequ\u00edvocamente aconsejable que se suscriba r\u00e1pidamente al Feed de Eventon RSS hoy, otorg\u00e1ndose as\u00ed la garant\u00eda absoluta de permanecer sin problemas con el vibrante ritmo de la pr\u00f3spera escena social de su comunidad.<\/p>\n","protected":false},"featured_media":166046,"comment_status":"open","ping_status":"open","template":"","meta":[],"product_brand":[2444],"product_cat":[1214,1206,1211],"product_tag":[1292],"class_list":{"0":"post-120457","1":"product","2":"type-product","3":"status-publish","4":"has-post-thumbnail","6":"product_brand-eventon","7":"product_cat-personalizacion","8":"product_cat-plugins","9":"product_cat-wordpress-plugins","10":"product_tag-eventon","11":"member-discount","12":"discount-restricted","14":"first","15":"instock","16":"sale","17":"downloadable","18":"virtual","19":"sold-individually","20":"purchasable","21":"product-type-simple"},"_links":{"self":[{"href":"https:\/\/gpl-love.com\/es\/wp-json\/wp\/v2\/product\/120457","targetHints":{"allow":["GET"]}}],"collection":[{"href":"https:\/\/gpl-love.com\/es\/wp-json\/wp\/v2\/product"}],"about":[{"href":"https:\/\/gpl-love.com\/es\/wp-json\/wp\/v2\/types\/product"}],"replies":[{"embeddable":true,"href":"https:\/\/gpl-love.com\/es\/wp-json\/wp\/v2\/comments?post=120457"}],"wp:featuredmedia":[{"embeddable":true,"href":"https:\/\/gpl-love.com\/es\/wp-json\/wp\/v2\/media\/166046"}],"wp:attachment":[{"href":"https:\/\/gpl-love.com\/es\/wp-json\/wp\/v2\/media?parent=120457"}],"wp:term":[{"taxonomy":"product_brand","embeddable":true,"href":"https:\/\/gpl-love.com\/es\/wp-json\/wp\/v2\/product_brand?post=120457"},{"taxonomy":"product_cat","embeddable":true,"href":"https:\/\/gpl-love.com\/es\/wp-json\/wp\/v2\/product_cat?post=120457"},{"taxonomy":"product_tag","embeddable":true,"href":"https:\/\/gpl-love.com\/es\/wp-json\/wp\/v2\/product_tag?post=120457"}],"curies":[{"name":"wp","href":"https:\/\/api.w.org\/{rel}","templated":true}]}}