{"id":120455,"date":"2025-03-02T00:00:00","date_gmt":"2025-03-02T05:00:00","guid":{"rendered":"https:\/\/gpl-love.com\/es\/?post_type=product&#038;p=120455"},"modified":"2026-03-09T07:33:40","modified_gmt":"2026-03-09T12:33:40","slug":"eventon-wishlist","status":"publish","type":"product","link":"https:\/\/gpl-love.com\/es\/producto\/eventon-wishlist\/","title":{"rendered":"EventOn Wishlist 1.2.1"},"content":{"rendered":"<h3>EventOn Wishlist Caracteristicas<\/h3>\n<p>La lista de deseos de Eventon es una herramienta incre\u00edblemente robusta y notablemente conveniente que capacita a los usuarios con la capacidad de generar sin esfuerzo una lista de eventos personalizada. Esta notable lista de eventos se puede utilizar de manera efectiva para monitorear y administrar meticulosamente los pr\u00f3ximos eventos, designar y resaltar meticulosamente las fechas fundamentales, e incluso establecer h\u00e1bilmente recordatorios. Con una interfaz excepcionalmente f\u00e1cil de usar que facilita la facilidad de uso y una gran cantidad de opciones personalizables que brinda a los usuarios la oportunidad de adaptar su experiencia a sus preferencias y requisitos \u00fanicos, la lista de deseos de Eventon es inequ\u00edvocamente ideal para que las personas que se esfuerzan por mantener un sentido de orden de orden de orden y eficiencia en sus esfuerzos de gesti\u00f3n de eventos. Independientemente de si uno est\u00e1 en el proceso de orquestar meticulosamente una boda, realizando un seguimiento diligente de los cumplea\u00f1os, o simplemente esforz\u00e1ndose por mantenerse efectivamente en el alza de su horario agitado, esta aplicaci\u00f3n fenomenalmente ventajosa est\u00e1 totalmente equipada con todas las caracter\u00edsticas y funcionalidades necesarias para simplificar y simplificar significativamente racionalizar la vida diaria. En consecuencia, \u00bfpor qu\u00e9 demorarse? \u00a1No pierda m\u00e1s tiempo y descargue r\u00e1pidamente la lista de deseos de Eventon hoy para comenzar el proceso de organizar meticulosamente y administrar efectivamente sus eventos con la mayor competencia y aplomo!<\/p>\n<ul>\n<li>Simplifique la planificaci\u00f3n de eventos con la lista de deseos de Eventon<\/li>\n<li>Crear y administrar listas de deseos de eventos con facilidad<\/li>\n<li>Colaborar con amigos y familiares en la creaci\u00f3n de la lista de deseos<\/li>\n<li>Opciones de lista de deseos personalizables, incluidos los detalles del evento e ideas de regalos<\/li>\n<li>Monitoreo en tiempo real de actualizaciones de la lista de deseos y contribuciones de invitados<\/li>\n<li>Regline la donaci\u00f3n de regalos con el seguimiento de regalos automatizado de la Lista de deseos de Eventon<\/li>\n<li>Interfaz intuitiva dise\u00f1ada para una f\u00e1cil navegaci\u00f3n y uso<\/li>\n<li>Aumento de la asistencia y compromiso de eventos a trav\u00e9s de listas de deseos compartidas<\/li>\n<li>Plataforma segura y confiable para la planificaci\u00f3n de eventos confidenciales.<\/li>\n<\/ul>\n","protected":false},"excerpt":{"rendered":"<p>La lista de deseos de Eventon es una soluci\u00f3n excepcional e ideal para las personas que poseen una inmensa pasi\u00f3n por los eventos y el deseo fervientemente de mantener una v\u00eda meticulosa de los eventos a los que desean asistir. Esta aplicaci\u00f3n fenomenal ofrece a los usuarios la incre\u00edble capacidad de curar y compilar una lista personalizada exclusivamente que comprende sus eventos m\u00e1s codiciados, lo que les permite ejercer un control absoluto sobre sus experiencias de eventos. Adem\u00e1s, esta aplicaci\u00f3n extraordinaria empodera a\u00fan m\u00e1s a los usuarios al otorgarles la opci\u00f3n conveniente para establecer recordatorios oportunos para eventos inminentes, asegurando as\u00ed que ning\u00fan evento se deslice a trav\u00e9s de las grietas de sus horarios ocupados. Adem\u00e1s, la lista de deseos de Eventon tambi\u00e9n cuenta con una caracter\u00edstica de vanguardia que notifica a los usuarios sin esfuerzo y r\u00e1pidamente cuando las entradas para sus eventos deseados se vuelven convenientemente disponibles. Con una plataforma tan innovadora e integral a su disposici\u00f3n, \u00a1los asistentes a los eventos se aseguran de nunca perderse ninguno de sus eventos apasionadamente buscados!<\/p>\n","protected":false},"featured_media":166057,"comment_status":"open","ping_status":"open","template":"","meta":[],"product_brand":[2444],"product_cat":[1214,1206,1211],"product_tag":[1292],"class_list":{"0":"post-120455","1":"product","2":"type-product","3":"status-publish","4":"has-post-thumbnail","6":"product_brand-eventon","7":"product_cat-personalizacion","8":"product_cat-plugins","9":"product_cat-wordpress-plugins","10":"product_tag-eventon","11":"member-discount","12":"discount-restricted","14":"first","15":"instock","16":"sale","17":"downloadable","18":"virtual","19":"sold-individually","20":"purchasable","21":"product-type-simple"},"_links":{"self":[{"href":"https:\/\/gpl-love.com\/es\/wp-json\/wp\/v2\/product\/120455","targetHints":{"allow":["GET"]}}],"collection":[{"href":"https:\/\/gpl-love.com\/es\/wp-json\/wp\/v2\/product"}],"about":[{"href":"https:\/\/gpl-love.com\/es\/wp-json\/wp\/v2\/types\/product"}],"replies":[{"embeddable":true,"href":"https:\/\/gpl-love.com\/es\/wp-json\/wp\/v2\/comments?post=120455"}],"wp:featuredmedia":[{"embeddable":true,"href":"https:\/\/gpl-love.com\/es\/wp-json\/wp\/v2\/media\/166057"}],"wp:attachment":[{"href":"https:\/\/gpl-love.com\/es\/wp-json\/wp\/v2\/media?parent=120455"}],"wp:term":[{"taxonomy":"product_brand","embeddable":true,"href":"https:\/\/gpl-love.com\/es\/wp-json\/wp\/v2\/product_brand?post=120455"},{"taxonomy":"product_cat","embeddable":true,"href":"https:\/\/gpl-love.com\/es\/wp-json\/wp\/v2\/product_cat?post=120455"},{"taxonomy":"product_tag","embeddable":true,"href":"https:\/\/gpl-love.com\/es\/wp-json\/wp\/v2\/product_tag?post=120455"}],"curies":[{"name":"wp","href":"https:\/\/api.w.org\/{rel}","templated":true}]}}