{"id":120453,"date":"2025-01-16T00:00:00","date_gmt":"2025-01-16T05:00:00","guid":{"rendered":"https:\/\/gpl-love.com\/es\/?post_type=product&#038;p=120453"},"modified":"2026-03-09T07:33:28","modified_gmt":"2026-03-09T12:33:28","slug":"eventon-rsvp-events-invitees","status":"publish","type":"product","link":"https:\/\/gpl-love.com\/es\/producto\/eventon-rsvp-events-invitees\/","title":{"rendered":"EventOn RSVP Events Invitees 1.0.2"},"content":{"rendered":"<h3>EventOn RSVP Events Invitees Caracteristicas<\/h3>\n<p>Los invitados de eventos de Eventon RSVP es una herramienta altamente eficiente y robusta que ofrece una asistencia inmensa a los organizadores del evento para administrar efectivamente su lista de invitados. Al utilizar este software avanzado, los organizadores de eventos est\u00e1n facultados para crear y distribuir invitaciones de eventos sin esfuerzo a sus estimados invitados, manejar eficientemente RSVP y realizar un seguimiento meticuloso de la informaci\u00f3n de los asistentes. Adem\u00e1s, este software excepcional tambi\u00e9n proporciona actualizaciones en tiempo real sobre las respuestas de los invitados, lo que permite a los organizadores del evento tomar decisiones bien informadas y orquestar sin problemas el evento de acuerdo con las preferencias de los asistentes. La interfaz intuitiva y f\u00e1cil de usar de este software garantiza una experiencia sin problemas y sin problemas, mientras que la opci\u00f3n de personalizar las invitaciones de acuerdo con la imagen de la marca agrega un toque de elegancia incomparable. Adem\u00e1s, este software es igualmente experto en atender a eventos personales y profesionales, lo que lo convierte en la mejor soluci\u00f3n todo en uno para racionalizar el proceso de planificaci\u00f3n de eventos y garantizar el \u00e9xito rotundo de cada evento organizado.<\/p>\n<ul>\n<li>Env\u00ede autom\u00e1ticamente invitaciones RSVP a los invitados para sus eventos<\/li>\n<li>Realice un seguimiento de las respuestas de RSVP y las listas de invitados en tiempo real<\/li>\n<li>Personalice el dise\u00f1o de invitaci\u00f3n y la mensajer\u00eda para adaptarse al tema de su evento<\/li>\n<li>Capacidad para enviar notificaciones de recordatorio a los invitados que a\u00fan no han respondido<\/li>\n<li>Los hu\u00e9spedes pueden confirmar su asistencia y proporcionar detalles adicionales, como el n\u00famero de asistentes en su fiesta o cualquier restricci\u00f3n diet\u00e9tica.<\/li>\n<li>Exportar listas de invitados y datos RSVP para una f\u00e1cil gesti\u00f3n y organizaci\u00f3n<\/li>\n<li>Integraci\u00f3n con aplicaciones populares de calendario y programaci\u00f3n para planificaci\u00f3n de eventos sin problemas<\/li>\n<li>Interfaz f\u00e1cil de usar y navegaci\u00f3n intuitiva para una f\u00e1cil configuraci\u00f3n y uso<\/li>\n<li>Uso y compatibilidad ilimitados con el complemento de Eventon para sitios web de WordPress.<\/li>\n<\/ul>\n","protected":false},"excerpt":{"rendered":"<p>La herramienta de Invites de eventos de Eventon RSVP ha sido dise\u00f1ada meticulosamente para simplificar el intrincado proceso de planificaci\u00f3n de eventos, asegurando una experiencia suave y sin esfuerzo. Al ofrecer una gran cantidad de opciones de entrada directas, esta herramienta facilita la creaci\u00f3n r\u00e1pida de una lista de invitaci\u00f3n con todo incluido espec\u00edficamente adaptada a los requisitos de su evento. Adem\u00e1s, maneja sin problemas la gesti\u00f3n de las respuestas de RSVP, lo que le permite monitorear sin esfuerzo la asistencia, atender eficientemente a las solicitudes de los hu\u00e9spedes y, en \u00faltima instancia, ofrecer una experiencia de evento incomparable para sus estimados asistentes. Ac\u00e9tate a la ardua tarea de planificaci\u00f3n de eventos y agradece graciosamente esta soluci\u00f3n integral y simplificada de gesti\u00f3n de eventos que revolucionar\u00e1 la ejecuci\u00f3n de tu evento.<\/p>\n","protected":false},"featured_media":166048,"comment_status":"open","ping_status":"open","template":"","meta":[],"product_brand":[2444],"product_cat":[1214,1206,1211],"product_tag":[1292],"class_list":{"0":"post-120453","1":"product","2":"type-product","3":"status-publish","4":"has-post-thumbnail","6":"product_brand-eventon","7":"product_cat-personalizacion","8":"product_cat-plugins","9":"product_cat-wordpress-plugins","10":"product_tag-eventon","11":"member-discount","12":"discount-restricted","14":"first","15":"instock","16":"sale","17":"downloadable","18":"virtual","19":"sold-individually","20":"purchasable","21":"product-type-simple"},"_links":{"self":[{"href":"https:\/\/gpl-love.com\/es\/wp-json\/wp\/v2\/product\/120453","targetHints":{"allow":["GET"]}}],"collection":[{"href":"https:\/\/gpl-love.com\/es\/wp-json\/wp\/v2\/product"}],"about":[{"href":"https:\/\/gpl-love.com\/es\/wp-json\/wp\/v2\/types\/product"}],"replies":[{"embeddable":true,"href":"https:\/\/gpl-love.com\/es\/wp-json\/wp\/v2\/comments?post=120453"}],"wp:featuredmedia":[{"embeddable":true,"href":"https:\/\/gpl-love.com\/es\/wp-json\/wp\/v2\/media\/166048"}],"wp:attachment":[{"href":"https:\/\/gpl-love.com\/es\/wp-json\/wp\/v2\/media?parent=120453"}],"wp:term":[{"taxonomy":"product_brand","embeddable":true,"href":"https:\/\/gpl-love.com\/es\/wp-json\/wp\/v2\/product_brand?post=120453"},{"taxonomy":"product_cat","embeddable":true,"href":"https:\/\/gpl-love.com\/es\/wp-json\/wp\/v2\/product_cat?post=120453"},{"taxonomy":"product_tag","embeddable":true,"href":"https:\/\/gpl-love.com\/es\/wp-json\/wp\/v2\/product_tag?post=120453"}],"curies":[{"name":"wp","href":"https:\/\/api.w.org\/{rel}","templated":true}]}}