{"id":120419,"date":"2025-11-26T00:00:00","date_gmt":"2025-11-26T05:00:00","guid":{"rendered":"https:\/\/gpl-love.com\/es\/?post_type=product&#038;p=120419"},"modified":"2026-03-09T07:51:13","modified_gmt":"2026-03-09T12:51:13","slug":"modern-events-calendar-advanced-map","status":"publish","type":"product","link":"https:\/\/gpl-love.com\/es\/producto\/modern-events-calendar-advanced-map\/","title":{"rendered":"Modern Events Calendar Advanced Map 1.2.0"},"content":{"rendered":"<h3>Modern Events Calendar Advanced Map Caracteristicas<\/h3>\n<p>El mapa avanzado del calendario de eventos modernos es una herramienta altamente encomiable y notable que otorga a los usuarios la capacidad de navegar y visualizar sin esfuerzo los eventos mediante un mapa interactivo y f\u00e1cil de usar. A trav\u00e9s de la utilizaci\u00f3n de este complemento, los usuarios reciben la alimentaci\u00f3n de incorporar m\u00faltiples ubicaciones, filtrar eventos de manera efectiva basadas en categor\u00edas o etiquetas, y adaptar sin problemas el dise\u00f1o del mapa para alinearse perfectamente con el dise\u00f1o de su sitio web. Adem\u00e1s, este complemento excepcional tambi\u00e9n abarca la provisi\u00f3n de informaci\u00f3n integral y elaborada relacionada con la ubicaci\u00f3n precisa de cada evento, que abarca detalles esenciales como una direcci\u00f3n, n\u00famero de contacto y enlace del sitio web. Adem\u00e1s, a los usuarios se les otorga la capacidad de fusionar sin esfuerzo el complemento con los mapas de Google, lo que permite la disposici\u00f3n perfecta de direcciones precisas y precisas a la ubicaci\u00f3n espec\u00edfica del evento. En esencia, el mapa avanzado del calendario de eventos modernos es una herramienta indispensable para cualquier individuo que busque enriquecer y enriquecer la p\u00e1gina de eventos de su sitio web con una gran experiencia de mapeo sofisticado e intuitivo.<\/p>\n<ul>\n<li>Muestra la ubicaci\u00f3n de los eventos en un mapa interactivo<\/li>\n<li>Proporciona acceso r\u00e1pido a los detalles del evento a trav\u00e9s de marcadores de mapas<\/li>\n<li>Ofrece opciones de visualizaci\u00f3n de mapa personalizables<\/li>\n<li>Se integra con Google Maps para obtener informaci\u00f3n precisa de ubicaci\u00f3n<\/li>\n<li>Admite m\u00faltiples estilos de mapa, incluidos vistas satelitales, terrenos y h\u00edbridas<\/li>\n<li>Permite a los usuarios filtrar eventos por ubicaci\u00f3n utilizando la interfaz de mapa<\/li>\n<li>Compatible con el complemento de calendario de eventos modernos para WordPress<\/li>\n<li>Ayuda a mejorar la participaci\u00f3n del usuario y la asistencia a los eventos a trav\u00e9s de la representaci\u00f3n del mapa visual<\/li>\n<li>Interfaz de mapa f\u00e1cil de usar e intuitivo para facilitar el uso<\/li>\n<li>Dise\u00f1o receptivo para una visualizaci\u00f3n \u00f3ptima en dispositivos m\u00f3viles.<\/li>\n<\/ul>\n","protected":false},"excerpt":{"rendered":"<p>El mapa avanzado de calendario de eventos modernos ofrece a los planificadores de eventos una soluci\u00f3n ideal para crear mapas de eventos din\u00e1micos y a medida que poseen un toque distinto. Equipado con capacidades de vanguardia, como filtros de b\u00fasqueda basados \u200b\u200ben geograf\u00eda y opciones de estilo personalizables, esta herramienta garantiza que la ubicaci\u00f3n de su evento indudablemente llamar\u00e1 la atenci\u00f3n. No solo puede incorporar sin esfuerzo los detalles de ubicaci\u00f3n para cada evento, sino que tambi\u00e9n puede personalizar los marcadores de mapas para alinearse sin problemas con la identidad de su marca. Adem\u00e1s, mostrar todos sus eventos en un solo mapa otorga a los usuarios una experiencia de navegaci\u00f3n perfecta. Sin lugar a dudas, el mapa avanzado del calendario de eventos modernos es un activo indispensable para cualquier evento profesional que busque conjurar mapas de eventos impresionantes.<\/p>\n","protected":false},"featured_media":166799,"comment_status":"open","ping_status":"open","template":"","meta":[],"product_brand":[2408],"product_cat":[1214,1206,1211],"product_tag":[1419],"class_list":{"0":"post-120419","1":"product","2":"type-product","3":"status-publish","4":"has-post-thumbnail","6":"product_brand-webnus","7":"product_cat-personalizacion","8":"product_cat-plugins","9":"product_cat-wordpress-plugins","10":"product_tag-webnus","11":"member-discount","12":"discount-restricted","14":"first","15":"instock","16":"sale","17":"downloadable","18":"virtual","19":"sold-individually","20":"purchasable","21":"product-type-simple"},"_links":{"self":[{"href":"https:\/\/gpl-love.com\/es\/wp-json\/wp\/v2\/product\/120419","targetHints":{"allow":["GET"]}}],"collection":[{"href":"https:\/\/gpl-love.com\/es\/wp-json\/wp\/v2\/product"}],"about":[{"href":"https:\/\/gpl-love.com\/es\/wp-json\/wp\/v2\/types\/product"}],"replies":[{"embeddable":true,"href":"https:\/\/gpl-love.com\/es\/wp-json\/wp\/v2\/comments?post=120419"}],"wp:featuredmedia":[{"embeddable":true,"href":"https:\/\/gpl-love.com\/es\/wp-json\/wp\/v2\/media\/166799"}],"wp:attachment":[{"href":"https:\/\/gpl-love.com\/es\/wp-json\/wp\/v2\/media?parent=120419"}],"wp:term":[{"taxonomy":"product_brand","embeddable":true,"href":"https:\/\/gpl-love.com\/es\/wp-json\/wp\/v2\/product_brand?post=120419"},{"taxonomy":"product_cat","embeddable":true,"href":"https:\/\/gpl-love.com\/es\/wp-json\/wp\/v2\/product_cat?post=120419"},{"taxonomy":"product_tag","embeddable":true,"href":"https:\/\/gpl-love.com\/es\/wp-json\/wp\/v2\/product_tag?post=120419"}],"curies":[{"name":"wp","href":"https:\/\/api.w.org\/{rel}","templated":true}]}}