{"id":120417,"date":"2022-02-01T00:00:00","date_gmt":"2022-02-01T05:00:00","guid":{"rendered":"https:\/\/gpl-love.com\/es\/?post_type=product&#038;p=120417"},"modified":"2026-04-10T11:22:11","modified_gmt":"2026-04-10T16:22:11","slug":"profile-builder-multistep-forms-add-on","status":"publish","type":"product","link":"https:\/\/gpl-love.com\/es\/producto\/profile-builder-multistep-forms-add-on\/","title":{"rendered":"Profile Builder Multistep Forms Add-on 1.1.3"},"content":{"rendered":"<h3>Profile Builder Multistep Forms Add-on Caracteristicas<\/h3>\n<p>El complemento de formularios de m\u00faltiples artes de perfil es una herramienta incre\u00edblemente robusta y eficiente que simplifica y mejora de manera efectiva el proceso de registro del usuario dividi\u00e9ndolo en m\u00faltiples pasos. Al emplear este notable complemento, tiene la notable capacidad de personalizar el formulario de registro para adaptarse a sus preferencias y fabricar una experiencia de usuario m\u00e1s simplificada y agradable, que finalmente culmina en tasas de conversi\u00f3n notablemente elevadas. Al aprovechar su inmenso poder, puede incorporar sin esfuerzo campos personalizados y reglas de validaci\u00f3n, lo que le permite recopilar informaci\u00f3n altamente espec\u00edfica y precisa de los usuarios. Adem\u00e1s, este complemento extraordinario tambi\u00e9n posee la notable capacidad para apoyar la l\u00f3gica condicional, lo que le otorga la flexibilidad excepcional para exhibir o ocultar ciertos campos en funci\u00f3n de las entradas proporcionadas por los usuarios. En particular, el generador de arrastre y ca\u00edda extremadamente f\u00e1cil de usar hace que la tarea de dise\u00f1ar y personalizar cada paso individual del proceso de registro sea un esfuerzo notablemente sin esfuerzo y gratificante. Con las capacidades impresionantes del complemento de formularios de varios pasos de perfil a su disposici\u00f3n, usted posee la capacidad \u00fanica de dise\u00f1ar una experiencia de registro de usuarios impecablemente perfecta que est\u00e1 personalizada expertos para satisfacer sus requisitos distintos y \u00fanicos.<\/p>\n<ul>\n<li>Permite la creaci\u00f3n de formularios de varios pasos para perfiles de usuario<\/li>\n<li>Mejora la experiencia del usuario dividiendo formularios largos en secciones m\u00e1s peque\u00f1as<\/li>\n<li>Incluye el generador de formulario de arrastre y ca\u00edda para una f\u00e1cil personalizaci\u00f3n<\/li>\n<li>Ofrece l\u00f3gica condicional para mostrar\/ocultar campos de formulario basados \u200b\u200ben la entrada del usuario<\/li>\n<li>Compatible con complementos populares de perfil de usuario de WordPress<\/li>\n<li>Proporciona validaci\u00f3n de formulario en tiempo real y mensajes de error personalizados<\/li>\n<li>Permite la integraci\u00f3n con los servicios de marketing por correo electr\u00f3nico para la generaci\u00f3n de leads<\/li>\n<li>Ofrece opciones de estilo personalizables para que coincida con la marca del sitio web<\/li>\n<li>Proporciona soporte multiling\u00fce para audiencias globales<\/li>\n<li>Incluye soporte dedicado y actualizaciones regulares para un rendimiento \u00f3ptimo.<\/li>\n<\/ul>\n","protected":false},"excerpt":{"rendered":"<p>El complemento de formularios de varios artes de perfil es una herramienta incre\u00edblemente robusta y altamente eficiente que le otorga la notable capacidad de generar formas personalizadas de varios pasos para su estimado sitio web de WordPress. Este complemento impresionante facilita convenientemente la adquisici\u00f3n perfecta de la informaci\u00f3n cr\u00edtica del usuario, organiz\u00e1ndola meticulosamente en un formato l\u00facido y sin esfuerzo navegable. La utilizaci\u00f3n efectiva de este complemento excepcional, sin duda, conducir\u00e1 a una mejora transformadora de la experiencia del usuario, al tiempo que le brinda la oportunidad invaluable de acumular sin esfuerzo los datos vitales que tanto requiere desesperadamente. Al aprovechar las notables capacidades del complemento de formularios de varios pasos de perfil, podr\u00e1 adaptar sin problemas sus formas para alinearse perfectamente con su estimada marca, asegurando as\u00ed una presencia en l\u00ednea cohesiva y armoniosa. Adem\u00e1s, este complemento extraordinario lo capacita con la capacidad de emplear astutamente la l\u00f3gica condicional, manipulando h\u00e1bilmente la visibilidad de ciertos campos basados \u200b\u200b\u00fanicamente en las respuestas del usuario. Adem\u00e1s, los formularios de perfil de perfil de m\u00faltiples objetos complementados se integra perfectamente con una gran cantidad de populares herramientas de marketing por correo electr\u00f3nico y CRM, lo que aumenta magn\u00edficamente su utilidad y versatilidad general. En consecuencia, este ingenioso complemento sin duda racionalizar\u00e1 y optimizar\u00e1 todo el proceso de recopilaci\u00f3n de datos de los usuarios, todo el tiempo aumentando diligentemente la experiencia de usuario de su sitio web a alturas sin precedentes.<\/p>\n","protected":false},"featured_media":167265,"comment_status":"open","ping_status":"open","template":"","meta":[],"product_brand":[2539],"product_cat":[1216,1206,1211],"product_tag":[1357],"class_list":{"0":"post-120417","1":"product","2":"type-product","3":"status-publish","4":"has-post-thumbnail","6":"product_brand-profile-builder","7":"product_cat-formas","8":"product_cat-plugins","9":"product_cat-wordpress-plugins","10":"product_tag-profile-builder","11":"member-discount","12":"discount-restricted","14":"first","15":"instock","16":"sale","17":"downloadable","18":"virtual","19":"sold-individually","20":"purchasable","21":"product-type-simple"},"_links":{"self":[{"href":"https:\/\/gpl-love.com\/es\/wp-json\/wp\/v2\/product\/120417","targetHints":{"allow":["GET"]}}],"collection":[{"href":"https:\/\/gpl-love.com\/es\/wp-json\/wp\/v2\/product"}],"about":[{"href":"https:\/\/gpl-love.com\/es\/wp-json\/wp\/v2\/types\/product"}],"replies":[{"embeddable":true,"href":"https:\/\/gpl-love.com\/es\/wp-json\/wp\/v2\/comments?post=120417"}],"wp:featuredmedia":[{"embeddable":true,"href":"https:\/\/gpl-love.com\/es\/wp-json\/wp\/v2\/media\/167265"}],"wp:attachment":[{"href":"https:\/\/gpl-love.com\/es\/wp-json\/wp\/v2\/media?parent=120417"}],"wp:term":[{"taxonomy":"product_brand","embeddable":true,"href":"https:\/\/gpl-love.com\/es\/wp-json\/wp\/v2\/product_brand?post=120417"},{"taxonomy":"product_cat","embeddable":true,"href":"https:\/\/gpl-love.com\/es\/wp-json\/wp\/v2\/product_cat?post=120417"},{"taxonomy":"product_tag","embeddable":true,"href":"https:\/\/gpl-love.com\/es\/wp-json\/wp\/v2\/product_tag?post=120417"}],"curies":[{"name":"wp","href":"https:\/\/api.w.org\/{rel}","templated":true}]}}