{"id":120415,"date":"2025-01-26T00:00:00","date_gmt":"2025-01-26T05:00:00","guid":{"rendered":"https:\/\/gpl-love.com\/es\/?post_type=product&#038;p=120415"},"modified":"2026-03-09T07:42:47","modified_gmt":"2026-03-09T12:42:47","slug":"ht-banner-para-elementor","status":"publish","type":"product","link":"https:\/\/gpl-love.com\/es\/producto\/ht-banner-para-elementor\/","title":{"rendered":"HT Banner para Elementor 1.0.5"},"content":{"rendered":"<h3>HT Banner para Elementor Caracteristicas<\/h3>\n<p>HT Banner para Elementor es un complemento incre\u00edblemente vers\u00e1til y f\u00e1cil de usar que ofrece una multitud de caracter\u00edsticas, lo que lo convierte en una mejor opci\u00f3n para crear pancartas llamativas para su sitio web sin esfuerzo. Este complemento proporciona una amplia gama de opciones de personalizaci\u00f3n, lo que le permite modificar f\u00e1cilmente las dimensiones, el dise\u00f1o, la tipograf\u00eda y el esquema de color del banner para alinearse perfectamente con sus requisitos espec\u00edficos. Lo que establece HT Banner para Elementor aparte es su interfaz de usuario altamente intuitiva, dise\u00f1ada para atender a los usuarios de todos los niveles de habilidad, incluidos los principiantes. Adem\u00e1s, este complemento cuenta con una extensa colecci\u00f3n de plantillas predise\u00f1adas, meticulosamente elaboradas para producir pancartas excepcionales en cuesti\u00f3n de minutos, proyectando un aura profesional. Ya sea que su objetivo sea promover una venta, mostrar un nuevo producto o simplemente mejorar el atractivo visual de su sitio web, HT Banner for Elementor abarca todas las herramientas esenciales necesarias para ejecutar una campa\u00f1a de banner exitosa. No pierda m\u00e1s tiempo reflexionando, aproveche la oportunidad de descargar HT Banner para Elementor hoy y se embarque en el viaje de crear pancartas cautivadoras que sin duda ayudar\u00e1n a lograr sus objetivos de marketing en l\u00ednea.<\/p>\n<ul>\n<li>Banners personalizables de encabezado y pie de p\u00e1gina para el sitio web de su elemento<\/li>\n<li>Compatible con cualquier tema de elemento<\/li>\n<li>Elija entre una variedad de plantillas de dise\u00f1o o cree las suyas desde cero<\/li>\n<li>Interfaz de arrastrar y soltar f\u00e1cil de usar para agregar texto, im\u00e1genes y otros elementos<\/li>\n<li>Opciones para agregar animaciones, fondos y efectos para que su banner se destaque<\/li>\n<li>El dise\u00f1o de respuesta m\u00f3vil asegura que su banner se vea muy bien en cualquier dispositivo<\/li>\n<li>La interfaz de usuario intuitiva y la documentaci\u00f3n detallada facilitan que los principiantes comiencen<\/li>\n<li>Actualizaciones y soporte peri\u00f3dicos Aseg\u00farese de que su banner est\u00e9 actualizado y funcionalmente<\/li>\n<li>La soluci\u00f3n perfecta para empresas, blogueros y cualquier persona que busque agregar un toque profesional a su sitio de elementos.<\/li>\n<\/ul>\n","protected":false},"excerpt":{"rendered":"<p>HT Banner para Elementor es un complemento de banner notablemente robusto y altamente personalizable que le otorga la notable capacidad para modelar pancartas absolutamente impresionantes para su sitio de WordPress construido en elemento. El gran poder inherente a HT Banner le permite incorporar pancartas visualmente cautivadoras en su p\u00e1gina de inicio o cualquier otra p\u00e1gina deseada, capturando as\u00ed efectivamente la atenci\u00f3n de los visitantes de su sitio y dirigiendo dicha atenci\u00f3n hacia sus productos o servicios ejemplares, promoviendo h\u00e1bilmente cualquier Ofertas especiales que pueda tener, obteniendo una afluencia amplificada de suscriptores y mostrando expertamente cualquier mensaje que desee. Con la interfaz notablemente f\u00e1cil de usar de HT Banner, todo lo que se necesita es un mero movimiento de arrastre y ca\u00edda del widget para que usted cargue sin problemas sus propias im\u00e1genes o seleccione de una vasta biblioteca de plantillas predise\u00f1adas, lo que le proporciona un asombroso diversa diversa. Gama de opciones para elegir. Adem\u00e1s, HT Banner le otorga la capacidad \u00fanica de personalizar los colores, las fuentes, las animaciones y muchos otros aspectos, lo que le permite adaptar cada banner a la perfecci\u00f3n de acuerdo con su visi\u00f3n art\u00edstica. Con una interfaz intuitiva y un dise\u00f1o impresionantemente receptivo, HT Banner atiende sin esfuerzo a todas sus necesidades cuando se trata de los requisitos promocionales de su sitio web, ofreciendo una variedad de posibilidades aparentemente ilimitada que sin duda elevar\u00e1 su presencia en l\u00ednea a alturas sin precedentes.<\/p>\n","protected":false},"featured_media":166440,"comment_status":"open","ping_status":"open","template":"","meta":[],"product_brand":[2339],"product_cat":[1214,1206,1211],"product_tag":[1256],"class_list":{"0":"post-120415","1":"product","2":"type-product","3":"status-publish","4":"has-post-thumbnail","6":"product_brand-codecanyon","7":"product_cat-personalizacion","8":"product_cat-plugins","9":"product_cat-wordpress-plugins","10":"product_tag-codecanyon","11":"member-discount","12":"discount-restricted","14":"first","15":"instock","16":"sale","17":"downloadable","18":"virtual","19":"sold-individually","20":"purchasable","21":"product-type-simple"},"_links":{"self":[{"href":"https:\/\/gpl-love.com\/es\/wp-json\/wp\/v2\/product\/120415","targetHints":{"allow":["GET"]}}],"collection":[{"href":"https:\/\/gpl-love.com\/es\/wp-json\/wp\/v2\/product"}],"about":[{"href":"https:\/\/gpl-love.com\/es\/wp-json\/wp\/v2\/types\/product"}],"replies":[{"embeddable":true,"href":"https:\/\/gpl-love.com\/es\/wp-json\/wp\/v2\/comments?post=120415"}],"wp:featuredmedia":[{"embeddable":true,"href":"https:\/\/gpl-love.com\/es\/wp-json\/wp\/v2\/media\/166440"}],"wp:attachment":[{"href":"https:\/\/gpl-love.com\/es\/wp-json\/wp\/v2\/media?parent=120415"}],"wp:term":[{"taxonomy":"product_brand","embeddable":true,"href":"https:\/\/gpl-love.com\/es\/wp-json\/wp\/v2\/product_brand?post=120415"},{"taxonomy":"product_cat","embeddable":true,"href":"https:\/\/gpl-love.com\/es\/wp-json\/wp\/v2\/product_cat?post=120415"},{"taxonomy":"product_tag","embeddable":true,"href":"https:\/\/gpl-love.com\/es\/wp-json\/wp\/v2\/product_tag?post=120415"}],"curies":[{"name":"wp","href":"https:\/\/api.w.org\/{rel}","templated":true}]}}