{"id":120413,"date":"2023-10-09T00:00:00","date_gmt":"2023-10-09T05:00:00","guid":{"rendered":"https:\/\/gpl-love.com\/es\/?post_type=product&#038;p=120413"},"modified":"2026-03-09T07:17:54","modified_gmt":"2026-03-09T12:17:54","slug":"amp-pop-up","status":"publish","type":"product","link":"https:\/\/gpl-love.com\/es\/producto\/amp-pop-up\/","title":{"rendered":"AMP Pop Up 1.5.26"},"content":{"rendered":"<h3>AMP Pop Up Caracteristicas<\/h3>\n<p>El Amp Pop Up es una herramienta extremadamente vers\u00e1til y notablemente innovadora que le permite crear ventanas emergentes cautivadoras e interactivas en su sitio web. Sus atributos f\u00e1ciles de usar y plantillas personalizables le ofrecen la oportunidad de fabricar ventanas emergentes que aprovechen efectivamente la atenci\u00f3n de su audiencia, ampl\u00eden su lista de correo electr\u00f3nico, anuncian promociones exclusivas y realicen numerosos otros esfuerzos beneficiosos. La ventana emergente AMP ha sido meticulosamente elaborada para integrar sin problemas con su sitio web, asegurando una experiencia de usuario perfecta desprovista de cualquier impacto perjudicial en la velocidad de carga de su sitio. Ya sea que su objetivo principal gire en torno a aumentar las conversiones, reforzar el compromiso o simplemente elevar la funcionalidad general de su sitio web, tenga la seguridad de que la aparici\u00f3n de AMP es inequ\u00edvocamente la herramienta ideal para realizar sus aspiraciones.<\/p>\n<ul>\n<li>Dise\u00f1o peque\u00f1o y compacto que no ocupar\u00e1 demasiado espacio en su escritorio o estaci\u00f3n de trabajo<\/li>\n<li>F\u00e1cil de instalar y configurar, no se requiere experiencia t\u00e9cnica<\/li>\n<li>Le permite cambiar entre m\u00faltiples fuentes de audio<\/li>\n<li>Proporciona salida de audio de alta calidad para una experiencia auditiva m\u00e1s inmersiva<\/li>\n<li>Compatible con una amplia gama de dispositivos, que incluyen computadoras port\u00e1tiles, computadoras de escritorio, consolas de juegos y m\u00e1s<\/li>\n<li>El rendimiento de baja latencia garantiza una reproducci\u00f3n de audio perfecta y reduce el retraso o los retrasos<\/li>\n<li>Ligero y port\u00e1til, por lo que es una excelente opci\u00f3n para viajar o usar en la marcha<\/li>\n<li>Incluye una gama de puertos de entrada y salida, como USB, RCA y AUX, para la m\u00e1xima flexibilidad<\/li>\n<li>Se puede personalizar utilizando caracter\u00edsticas y configuraciones avanzadas para una experiencia auditiva m\u00e1s personalizada.<\/li>\n<\/ul>\n","protected":false},"excerpt":{"rendered":"<p>Experimente la mejor plataforma interactiva y atractiva, Amp Pop Up. Esta plataforma innovadora ofrece una combinaci\u00f3n \u00fanica de tecnolog\u00eda, creatividad y participaci\u00f3n del usuario. El AMP aparece sin problemas con su dispositivo, lo que le permite acceder sin esfuerzo a una rica variedad de contenido interactivo. Ahora puede disfrutar de gr\u00e1ficos de alta calidad y efectos de sonido que garantizan una experiencia inmersiva. Dise\u00f1ado con la conveniencia del usuario en mente, la plataforma es f\u00e1cil de navegar, lo que lo hace perfecto para usuarios expertos en tecnolog\u00eda y principiantes. La plataforma Pop Up AMP no se trata solo de entretenimiento; Es una herramienta para amplificar su productividad y eficiencia. Sus caracter\u00edsticas avanzadas le permiten administrar sus tareas, programar citas y mantenerse organizado. La plataforma tambi\u00e9n es un centro de educaci\u00f3n; Ofrece una extensa colecci\u00f3n de recursos para el aprendizaje y el desarrollo. Experimente el futuro de las plataformas interactivas con AMP emergente.<\/p>\n","protected":false},"featured_media":165364,"comment_status":"open","ping_status":"open","template":"","meta":[],"product_brand":[2351],"product_cat":[1214,1206,1211],"product_tag":[2229],"class_list":{"0":"post-120413","1":"product","2":"type-product","3":"status-publish","4":"has-post-thumbnail","6":"product_brand-amp-wp","7":"product_cat-personalizacion","8":"product_cat-plugins","9":"product_cat-wordpress-plugins","10":"product_tag-amp-wp","11":"member-discount","12":"discount-restricted","14":"first","15":"instock","16":"sale","17":"downloadable","18":"virtual","19":"sold-individually","20":"purchasable","21":"product-type-simple"},"_links":{"self":[{"href":"https:\/\/gpl-love.com\/es\/wp-json\/wp\/v2\/product\/120413","targetHints":{"allow":["GET"]}}],"collection":[{"href":"https:\/\/gpl-love.com\/es\/wp-json\/wp\/v2\/product"}],"about":[{"href":"https:\/\/gpl-love.com\/es\/wp-json\/wp\/v2\/types\/product"}],"replies":[{"embeddable":true,"href":"https:\/\/gpl-love.com\/es\/wp-json\/wp\/v2\/comments?post=120413"}],"wp:featuredmedia":[{"embeddable":true,"href":"https:\/\/gpl-love.com\/es\/wp-json\/wp\/v2\/media\/165364"}],"wp:attachment":[{"href":"https:\/\/gpl-love.com\/es\/wp-json\/wp\/v2\/media?parent=120413"}],"wp:term":[{"taxonomy":"product_brand","embeddable":true,"href":"https:\/\/gpl-love.com\/es\/wp-json\/wp\/v2\/product_brand?post=120413"},{"taxonomy":"product_cat","embeddable":true,"href":"https:\/\/gpl-love.com\/es\/wp-json\/wp\/v2\/product_cat?post=120413"},{"taxonomy":"product_tag","embeddable":true,"href":"https:\/\/gpl-love.com\/es\/wp-json\/wp\/v2\/product_tag?post=120413"}],"curies":[{"name":"wp","href":"https:\/\/api.w.org\/{rel}","templated":true}]}}