{"id":120409,"date":"2026-04-16T00:00:00","date_gmt":"2026-04-16T05:00:00","guid":{"rendered":"https:\/\/gpl-love.com\/es\/?post_type=product&#038;p=120409"},"modified":"2026-04-16T17:16:06","modified_gmt":"2026-04-16T22:16:06","slug":"modern-events-calendar-elementor-form-builder-add-on","status":"publish","type":"product","link":"https:\/\/gpl-love.com\/es\/producto\/modern-events-calendar-elementor-form-builder-add-on\/","title":{"rendered":"Modern Events Calendar Elementor Form Builder Addon 1.7.0"},"content":{"rendered":"<h3>Modern Events Calendar Elementor Form Builder Addon Caracteristicas<\/h3>\n<p>Modern Events Elementar El Elementor Form Builder Addon es una herramienta de software de vanguardia dise\u00f1ada meticulosamente para mejorar la usabilidad y la funcionalidad del aclamado complemento de calendario de eventos modernos. Al integrar este notable complemento, los usuarios pueden fabricar formas personalizadas sin esfuerzo utilizando el inmensamente popular El Elementor Page Builder. En consecuencia, esta integraci\u00f3n facilita la gesti\u00f3n simplificada del registro de eventos y los procedimientos de boletos. Sin lugar a dudas, este complemento se destaca como un activo indispensable para las personas que buscan dise\u00f1ar sitios web de eventos impresionantes que combinen perfectamente la funcionalidad y el atractivo visual. Bendecido con una interfaz intuitiva y f\u00e1cil de usar, este complemento sirve como la soluci\u00f3n Paragon para planificadores de eventos, vendedores y due\u00f1os de negocios que anhelan optimizar sus flujos de trabajo de gesti\u00f3n de eventos al tiempo que crea una experiencia cautivadora e inmersiva para sus estimados asistentes.<\/p>\n<ul>\n<li>Se integra perfectamente con el complemento de constructor de formulario Elementor.<\/li>\n<li>Permite la creaci\u00f3n f\u00e1cil de formularios de registro de eventos personalizados.<\/li>\n<li>Proporciona una variedad de plantillas de forma preconstruida para elegir.<\/li>\n<li>Opciones de personalizaci\u00f3n de formularios flexibles disponibles.<\/li>\n<li>Interfaz intuitiva de arrastrar y soltar.<\/li>\n<li>El dise\u00f1o altamente receptivo garantiza la compatibilidad en una gama de dispositivos.<\/li>\n<li>Captura y rastrea instant\u00e1neamente los datos del usuario, lo que hace que la organizaci\u00f3n del evento sea m\u00e1s eficiente.<\/li>\n<li>Proporciona potentes herramientas de an\u00e1lisis para rastrear y medir el rendimiento del evento.<\/li>\n<li>Admite m\u00faltiples pasarelas de pago para un procesamiento sin problemas de pagos.<\/li>\n<li>Altamente seguro y compatible con GDPR, asegurando la protecci\u00f3n de los datos del usuario.<\/li>\n<\/ul>\n","protected":false},"excerpt":{"rendered":"<p>La incorporaci\u00f3n de los eventos modernos Calendario Elementor Form Builder Addon en el repertorio de planificadores y organizadores de eventos es crucial. Este complemento altamente potente ofrece la conveniencia de generar sin esfuerzo formularios de registro de eventos personalizados directamente dentro de la interfaz f\u00e1cil de usar del Elementor Page Builder. Al utilizar la gran cantidad de plantillas de formulario predise\u00f1adas y opciones de dise\u00f1o a su disposici\u00f3n, puede producir ampliamente formularios profesionalmente pulidos que capturan sin problemas los registros de eventos y abarcan una amplia gama de informaci\u00f3n de asistentes. La naturaleza intuitiva de los eventos modernos, la interfaz del formulario del elemento del elemento de los builder complete a\u00fan m\u00e1s los procesos de configuraci\u00f3n y personalizaci\u00f3n para todos los aspectos de sus formularios, facilitando la entrega de una experiencia de usuario incomparable a sus asistentes de eventos.<\/p>\n","protected":false},"featured_media":166803,"comment_status":"open","ping_status":"open","template":"","meta":[],"product_brand":[2408],"product_cat":[1216,1206,1211],"product_tag":[1419],"class_list":{"0":"post-120409","1":"product","2":"type-product","3":"status-publish","4":"has-post-thumbnail","6":"product_brand-webnus","7":"product_cat-formas","8":"product_cat-plugins","9":"product_cat-wordpress-plugins","10":"product_tag-webnus","11":"member-discount","12":"discount-restricted","14":"first","15":"instock","16":"sale","17":"downloadable","18":"virtual","19":"sold-individually","20":"purchasable","21":"product-type-simple"},"_links":{"self":[{"href":"https:\/\/gpl-love.com\/es\/wp-json\/wp\/v2\/product\/120409","targetHints":{"allow":["GET"]}}],"collection":[{"href":"https:\/\/gpl-love.com\/es\/wp-json\/wp\/v2\/product"}],"about":[{"href":"https:\/\/gpl-love.com\/es\/wp-json\/wp\/v2\/types\/product"}],"replies":[{"embeddable":true,"href":"https:\/\/gpl-love.com\/es\/wp-json\/wp\/v2\/comments?post=120409"}],"wp:featuredmedia":[{"embeddable":true,"href":"https:\/\/gpl-love.com\/es\/wp-json\/wp\/v2\/media\/166803"}],"wp:attachment":[{"href":"https:\/\/gpl-love.com\/es\/wp-json\/wp\/v2\/media?parent=120409"}],"wp:term":[{"taxonomy":"product_brand","embeddable":true,"href":"https:\/\/gpl-love.com\/es\/wp-json\/wp\/v2\/product_brand?post=120409"},{"taxonomy":"product_cat","embeddable":true,"href":"https:\/\/gpl-love.com\/es\/wp-json\/wp\/v2\/product_cat?post=120409"},{"taxonomy":"product_tag","embeddable":true,"href":"https:\/\/gpl-love.com\/es\/wp-json\/wp\/v2\/product_tag?post=120409"}],"curies":[{"name":"wp","href":"https:\/\/api.w.org\/{rel}","templated":true}]}}