{"id":120386,"date":"2021-12-06T00:00:00","date_gmt":"2021-12-06T05:00:00","guid":{"rendered":"https:\/\/gpl-love.com\/es\/?post_type=product&#038;p=120386"},"modified":"2026-03-09T07:47:12","modified_gmt":"2026-03-09T12:47:12","slug":"live-chat-facebook-wordpress-plugin","status":"publish","type":"product","link":"https:\/\/gpl-love.com\/es\/producto\/live-chat-facebook-wordpress-plugin\/","title":{"rendered":"Live Chat Facebook WordPress Plugin 1.0.1"},"content":{"rendered":"<h3>Live Chat Facebook WordPress Plugin Caracteristicas<\/h3>\n<p>El complemento de WordPress de Facebook de Facebook, que es una herramienta notablemente potente, ofrece a las empresas la oportunidad de participar en la comunicaci\u00f3n en tiempo real con sus estimados clientes. Al integrar Facebook Messenger con su sitio web de WordPress, las empresas pueden facilitar sin esfuerzo los chats directos con sus clientes. El complemento cuenta con una interfaz que es extremadamente f\u00e1cil de usar, otorga a las empresas un acceso sin problemas a las conversaciones de chat y habilitan respuestas r\u00e1pidas a las consultas de los clientes, elevando as\u00ed la experiencia general de servicio al cliente. El complemento de WordPress de Facebook de Facebook sirve como catalizador para la participaci\u00f3n aumentada del cliente, el establecimiento de la confianza y la mejora de la reputaci\u00f3n. No sorprende que este complemento sea considerado como un activo indispensable para cualquier negocio que busque brindar un servicio al cliente incomparable y reforzar la satisfacci\u00f3n del cliente.<\/p>\n<ul>\n<li>Interact\u00fae con los visitantes de su sitio web en tiempo real mediante el uso de la integraci\u00f3n de chat en vivo de Facebook<\/li>\n<li>Integre perfectamente la funci\u00f3n de chat de Facebook Live en su sitio web de WordPress con solo unos pocos clics<\/li>\n<li>Proporcione una experiencia personalizada e interactiva para sus visitantes que fomenten el compromiso y pueda conducir a mayores ventas.<\/li>\n<li>Personalice la funci\u00f3n de chat en vivo de Facebook para que coincida con la marca y el estilo de su sitio web para una apariencia cohesiva<\/li>\n<li>Administrar y responder f\u00e1cilmente a los mensajes de chat en vivo de Facebook dentro de la plataforma de WordPress sin la necesidad de software o herramientas adicionales<\/li>\n<li>Obtenga informaci\u00f3n valiosa sobre las preferencias y necesidades de sus visitantes a trav\u00e9s de los datos recopilados de la funci\u00f3n de chat en vivo de Facebook<\/li>\n<li>Impulse el \u00e9xito de su negocio aprovechando el poder de las redes sociales y el soporte de chat en vivo a trav\u00e9s del complemento de WordPress de Facebook en Live Chat.<\/li>\n<\/ul>\n","protected":false},"excerpt":{"rendered":"<p>Nuestro complemento de WordPress de Facebook Live Chat ofrece una soluci\u00f3n integral para mejorar el calibre de atenci\u00f3n al cliente en su sitio web de WordPress a trav\u00e9s de una integraci\u00f3n perfecta de Facebook Messenger, facilitando la comunicaci\u00f3n en tiempo real con los visitantes del sitio web y habilitando respuestas r\u00e1pidas e inmediatas a sus consultas. La instalaci\u00f3n y la utilizaci\u00f3n de este complemento son sin esfuerzo, asegurando un aumento en las tasas de satisfacci\u00f3n y retenci\u00f3n del cliente. \u00a1Prep\u00e1rese para ofrecer un soporte eficiente y personalizado a su estimada clientela utilizando nuestro complemento de WordPress de Facebook de Facebook!<\/p>\n","protected":false},"featured_media":166627,"comment_status":"open","ping_status":"open","template":"","meta":[],"product_brand":[2339],"product_cat":[1214,1206,1211],"product_tag":[1256],"class_list":{"0":"post-120386","1":"product","2":"type-product","3":"status-publish","4":"has-post-thumbnail","6":"product_brand-codecanyon","7":"product_cat-personalizacion","8":"product_cat-plugins","9":"product_cat-wordpress-plugins","10":"product_tag-codecanyon","11":"member-discount","12":"discount-restricted","14":"first","15":"instock","16":"sale","17":"downloadable","18":"virtual","19":"sold-individually","20":"purchasable","21":"product-type-simple"},"_links":{"self":[{"href":"https:\/\/gpl-love.com\/es\/wp-json\/wp\/v2\/product\/120386","targetHints":{"allow":["GET"]}}],"collection":[{"href":"https:\/\/gpl-love.com\/es\/wp-json\/wp\/v2\/product"}],"about":[{"href":"https:\/\/gpl-love.com\/es\/wp-json\/wp\/v2\/types\/product"}],"replies":[{"embeddable":true,"href":"https:\/\/gpl-love.com\/es\/wp-json\/wp\/v2\/comments?post=120386"}],"wp:featuredmedia":[{"embeddable":true,"href":"https:\/\/gpl-love.com\/es\/wp-json\/wp\/v2\/media\/166627"}],"wp:attachment":[{"href":"https:\/\/gpl-love.com\/es\/wp-json\/wp\/v2\/media?parent=120386"}],"wp:term":[{"taxonomy":"product_brand","embeddable":true,"href":"https:\/\/gpl-love.com\/es\/wp-json\/wp\/v2\/product_brand?post=120386"},{"taxonomy":"product_cat","embeddable":true,"href":"https:\/\/gpl-love.com\/es\/wp-json\/wp\/v2\/product_cat?post=120386"},{"taxonomy":"product_tag","embeddable":true,"href":"https:\/\/gpl-love.com\/es\/wp-json\/wp\/v2\/product_tag?post=120386"}],"curies":[{"name":"wp","href":"https:\/\/api.w.org\/{rel}","templated":true}]}}