{"id":120384,"date":"2022-04-15T00:00:00","date_gmt":"2022-04-15T05:00:00","guid":{"rendered":"https:\/\/gpl-love.com\/es\/?post_type=product&#038;p=120384"},"modified":"2026-03-13T17:22:03","modified_gmt":"2026-03-13T22:22:03","slug":"heilz-digital-downloads-y-marketplace-wordpress-theme","status":"publish","type":"product","link":"https:\/\/gpl-love.com\/es\/producto\/heilz-digital-downloads-y-marketplace-wordpress-theme\/","title":{"rendered":"Heilz Digital Downloads y Marketplace WordPress Theme 1.0.0.7.3"},"content":{"rendered":"<h3>Heilz Digital Downloads y Marketplace WordPress Theme Caracteristicas<\/h3>\n<p>El tema de WordPress de WordPress de Heilz Digital es un tema exquisitamente dise\u00f1ado y de moda contempor\u00e1neamente dise\u00f1ado espec\u00edficamente para individuos y empresas que aspiran a establecer un mercado virtual para el intercambio de productos digitales. Con un dise\u00f1o inmaculado y adaptable, este tema es el ep\u00edtome de la excelencia cuando se trata de presentar una variedad de productos digitales como libros electr\u00f3nicos, programas de software, melod\u00edas melodiosas y mucho m\u00e1s. Est\u00e1 equipado con una variedad de funcionalidades encomiables que tienen como objetivo facilitar la gesti\u00f3n perfecta de su mercado en l\u00ednea, que abarca un mecanismo de b\u00fasqueda notablemente potente, una amplia selecci\u00f3n de pasarelas de pago y un tablero de proveedores navegable sin esfuerzo. Adem\u00e1s, este tema promociona su personalizaci\u00f3n inigualable, lo que lo hace compatible con diversos idiomas, monedas y tasas de impuestos. A fin de cuentas, las descargas digitales de Heilz y el tema del mercado de WordPress surgen como una opci\u00f3n verdaderamente excepcional para cualquier individuo o entidad que se esfuerza por construir un mercado en l\u00ednea floreciente y pr\u00f3spero.<\/p>\n<ul>\n<li>Un tema de WordPress vers\u00e1til y f\u00e1cil de usar dise\u00f1ado para la descarga digital y los sitios de mercado<\/li>\n<li>Totalmente receptivo y optimizado para varios dispositivos, asegurando una experiencia de usuario perfecta<\/li>\n<li>Viene con plantillas prefabricadas y opciones personalizables para hacer que la construcci\u00f3n de sitios sea r\u00e1pida y f\u00e1cil<\/li>\n<li>Sistema de pago y pago incorporado para transacciones seguras y convenientes<\/li>\n<li>Integraciones de pasarela de pago m\u00faltiple, incluidos PayPal y Stripe<\/li>\n<li>Proporciona opciones de b\u00fasqueda y filtrado avanzadas para ayudar a los clientes a encontrar lo que est\u00e1n buscando<\/li>\n<li>Ofrece un sistema de revisi\u00f3n y calificaci\u00f3n para que los compradores proporcionen comentarios y aumenten la credibilidad para los vendedores<\/li>\n<li>Equipado con integraci\u00f3n de redes sociales para un alcance de audiencia m\u00e1s amplio y la participaci\u00f3n del usuario<\/li>\n<li>Proporciona documentaci\u00f3n integral y atenci\u00f3n al cliente gratuita para una f\u00e1cil configuraci\u00f3n y mantenimiento.<\/li>\n<\/ul>\n","protected":false},"excerpt":{"rendered":"<p>Estamos encantados de presentarle las notables descargas digitales de Heilz y el tema del mercado de WordPress, que sirve como la mejor soluci\u00f3n para aquellos que buscan vender productos digitales y establecer un floreciente mercado en l\u00ednea. Con un dise\u00f1o est\u00e9ticamente agradable y contempor\u00e1neo, as\u00ed como la provisi\u00f3n de opciones de dise\u00f1o personalizables, integraci\u00f3n perfecta con complementos de comercio electr\u00f3nico y gesti\u00f3n simplificada de usuarios, este tema optimiza el proceso de carga, organizaci\u00f3n y venta de productos digitales. Independientemente de si su fuerte radica en vender libros electr\u00f3nicos, software, m\u00fasica o cualquier otra forma de contenido digital, el tema Heilz abarca todas las caracter\u00edsticas necesarias para mostrar de manera efectiva sus productos y expandir sus empresas digitales. \u00a1No pierda el tiempo y se embarque en este emocionante viaje hoy, impulsando su mercado digital a alturas sin precedentes!<\/p>\n","protected":false},"featured_media":166410,"comment_status":"open","ping_status":"open","template":"","meta":[],"product_brand":[2337],"product_cat":[1263,1264,1237],"product_tag":[1391],"class_list":{"0":"post-120384","1":"product","2":"type-product","3":"status-publish","4":"has-post-thumbnail","6":"product_brand-themeforest","7":"product_cat-comercio-electronico-temas","8":"product_cat-negocio","9":"product_cat-temas","10":"product_tag-themeforest","11":"member-discount","12":"discount-restricted","14":"first","15":"instock","16":"sale","17":"downloadable","18":"virtual","19":"sold-individually","20":"purchasable","21":"product-type-simple"},"_links":{"self":[{"href":"https:\/\/gpl-love.com\/es\/wp-json\/wp\/v2\/product\/120384","targetHints":{"allow":["GET"]}}],"collection":[{"href":"https:\/\/gpl-love.com\/es\/wp-json\/wp\/v2\/product"}],"about":[{"href":"https:\/\/gpl-love.com\/es\/wp-json\/wp\/v2\/types\/product"}],"replies":[{"embeddable":true,"href":"https:\/\/gpl-love.com\/es\/wp-json\/wp\/v2\/comments?post=120384"}],"wp:featuredmedia":[{"embeddable":true,"href":"https:\/\/gpl-love.com\/es\/wp-json\/wp\/v2\/media\/166410"}],"wp:attachment":[{"href":"https:\/\/gpl-love.com\/es\/wp-json\/wp\/v2\/media?parent=120384"}],"wp:term":[{"taxonomy":"product_brand","embeddable":true,"href":"https:\/\/gpl-love.com\/es\/wp-json\/wp\/v2\/product_brand?post=120384"},{"taxonomy":"product_cat","embeddable":true,"href":"https:\/\/gpl-love.com\/es\/wp-json\/wp\/v2\/product_cat?post=120384"},{"taxonomy":"product_tag","embeddable":true,"href":"https:\/\/gpl-love.com\/es\/wp-json\/wp\/v2\/product_tag?post=120384"}],"curies":[{"name":"wp","href":"https:\/\/api.w.org\/{rel}","templated":true}]}}