{"id":120382,"date":"2025-08-25T00:00:00","date_gmt":"2025-08-25T05:00:00","guid":{"rendered":"https:\/\/gpl-love.com\/es\/?post_type=product&#038;p=120382"},"modified":"2026-03-13T17:21:10","modified_gmt":"2026-03-13T22:21:10","slug":"geeks-online-learning-marketplace-wordpress-theme","status":"publish","type":"product","link":"https:\/\/gpl-love.com\/es\/producto\/geeks-online-learning-marketplace-wordpress-theme\/","title":{"rendered":"Geeks Online Learning Marketplace WordPress Theme 1.2.36"},"content":{"rendered":"<h3>Geeks Online Learning Marketplace WordPress Theme Caracteristicas<\/h3>\n<p>El tema de WordPress de Geeks Online Learning MarketPress es una herramienta incre\u00edblemente vers\u00e1til y notablemente poderosa que empodera a los empresarios, educadores y propietarios de negocios para establecer y cultivar sin esfuerzo una pr\u00f3spera y din\u00e1mica plataforma de aprendizaje en l\u00ednea. Este tema exquisitamente elaborado ha sido cuidadosamente dise\u00f1ado para satisfacer las necesidades \u00fanicas y diversas de las personas que aspiran a vender o difundir una extensa variedad de cursos, tutoriales o contenido instructivo en l\u00ednea a estudiantes ansiosos dispersos por todo el mundo. Con una interfaz incre\u00edblemente f\u00e1cil de usar y una impresionante variedad de funcionalidades llenas de caracter\u00edsticas, este tema proporciona a sus usuarios opciones de personalizaci\u00f3n incomparables, lo que les permite dise\u00f1ar una plataforma verdaderamente \u00fanica y totalmente personalizada que se distingue sin esfuerzo de los competencia saturante. Sin lugar a dudas, el tema Geeks Online Learning Marketplace representa el ep\u00edtome de una soluci\u00f3n ideal para cualquier persona que busque fervientemente establecer una est\u00e9tica integral, indudablemente profesional e innegablemente contempor\u00e1nea en l\u00ednea que no solo deslumbra con su est\u00e9tica impecable, sino que tambi\u00e9n garantiza la facilidad de navegaci\u00f3n, apropiando, apropiando Su negocio a nuevas alturas y permiti\u00e9ndole revolucionar el \u00e1mbito de la educaci\u00f3n en l\u00ednea tal como la conoce.<\/p>\n<ul>\n<li>Tema de WordPress totalmente personalizable y f\u00e1cil de usar dise\u00f1ado para crear mercados de aprendizaje en l\u00ednea<\/li>\n<li>Incluye funciones incorporadas para la gesti\u00f3n del curso, perfiles de usuario y procesamiento de pagos<\/li>\n<li>Admite m\u00faltiples pasarelas de pago, incluidas PayPal, Stripe y Authorize.net<\/li>\n<li>Integrados con complementos LMS populares como LearnDash, LifterLMS y WP Courseware<\/li>\n<li>Viene con m\u00e1s de 5 dise\u00f1os de p\u00e1gina de inicio predise\u00f1ados y opciones de color ilimitadas<\/li>\n<li>Presenta un dise\u00f1o receptivo optimizado para dispositivos m\u00f3viles<\/li>\n<li>Compatible con complementos de WordPress premium populares como Yoast SEO, Forms de gravedad y WPForms<\/li>\n<li>F\u00e1cil de instalar y configurar con la funci\u00f3n de importaci\u00f3n de demostraci\u00f3n con un solo clic<\/li>\n<li>Incluye documentaci\u00f3n detallada y actualizaciones y soporte gratuitos de por vida.<\/li>\n<li>Le permite monetizar su mercado de aprendizaje en l\u00ednea mediante las tarifas de la comisi\u00f3n de cobro para las ventas de cursos.<\/li>\n<\/ul>\n","protected":false},"excerpt":{"rendered":"<p>El tema de WordPress de Geeks Online Learning MarketPress se presenta como la resoluci\u00f3n ideal para las personas que buscan establecer una plataforma integral de aprendizaje en l\u00ednea. Este tema excepcionalmente adaptable ofrece una creaci\u00f3n y administraci\u00f3n sin esfuerzo de cursos, exploraci\u00f3n perfecta e inscripci\u00f3n en varias clases, as\u00ed como una interacci\u00f3n perfecta con otros estudiantes e instructores. Adem\u00e1s, el tema se puede adaptar sin esfuerzo para alinearse con su marca \u00fanica y complementarse con su propio contenido personalizado. Adem\u00e1s, a trav\u00e9s de sus opciones de monetizaci\u00f3n integradas, el tema permite la venta de cursos, suscripciones de membres\u00eda y una variedad de otras medidas de ingresos potenciales. En esencia, el tema Geeks Online Learning Marketplace WordPress se erige como el instrumento consumado para aquellos que aspiran a tener un profundo impacto en el \u00e1mbito de la educaci\u00f3n en l\u00ednea.<\/p>\n","protected":false},"featured_media":166192,"comment_status":"open","ping_status":"open","template":"","meta":[],"product_brand":[2337],"product_cat":[1267,1237,1238],"product_tag":[1391],"class_list":{"0":"post-120382","1":"product","2":"type-product","3":"status-publish","4":"has-post-thumbnail","6":"product_brand-themeforest","7":"product_cat-creativo","8":"product_cat-temas","9":"product_cat-wordpress-temas","10":"product_tag-themeforest","11":"member-discount","12":"discount-restricted","14":"first","15":"instock","16":"sale","17":"downloadable","18":"virtual","19":"sold-individually","20":"purchasable","21":"product-type-simple"},"_links":{"self":[{"href":"https:\/\/gpl-love.com\/es\/wp-json\/wp\/v2\/product\/120382","targetHints":{"allow":["GET"]}}],"collection":[{"href":"https:\/\/gpl-love.com\/es\/wp-json\/wp\/v2\/product"}],"about":[{"href":"https:\/\/gpl-love.com\/es\/wp-json\/wp\/v2\/types\/product"}],"replies":[{"embeddable":true,"href":"https:\/\/gpl-love.com\/es\/wp-json\/wp\/v2\/comments?post=120382"}],"wp:featuredmedia":[{"embeddable":true,"href":"https:\/\/gpl-love.com\/es\/wp-json\/wp\/v2\/media\/166192"}],"wp:attachment":[{"href":"https:\/\/gpl-love.com\/es\/wp-json\/wp\/v2\/media?parent=120382"}],"wp:term":[{"taxonomy":"product_brand","embeddable":true,"href":"https:\/\/gpl-love.com\/es\/wp-json\/wp\/v2\/product_brand?post=120382"},{"taxonomy":"product_cat","embeddable":true,"href":"https:\/\/gpl-love.com\/es\/wp-json\/wp\/v2\/product_cat?post=120382"},{"taxonomy":"product_tag","embeddable":true,"href":"https:\/\/gpl-love.com\/es\/wp-json\/wp\/v2\/product_tag?post=120382"}],"curies":[{"name":"wp","href":"https:\/\/api.w.org\/{rel}","templated":true}]}}