{"id":120378,"date":"2025-08-17T00:00:00","date_gmt":"2025-08-17T05:00:00","guid":{"rendered":"https:\/\/gpl-love.com\/es\/?post_type=product&#038;p=120378"},"modified":"2026-04-10T11:16:44","modified_gmt":"2026-04-10T16:16:44","slug":"miraculous-online-music-store-wordpress-theme","status":"publish","type":"product","link":"https:\/\/gpl-love.com\/es\/producto\/miraculous-online-music-store-wordpress-theme\/","title":{"rendered":"Miraculous Online Music Store WordPress Theme 2.0.9"},"content":{"rendered":"<h3>Miraculous Online Music Store WordPress Theme Caracteristicas<\/h3>\n<p>La tienda de m\u00fasica en l\u00ednea milagrosa de WordPress, es un tema incre\u00edblemente robusto y lleno de funciones que ha sido meticulosamente elaborado con el \u00fanico prop\u00f3sito de atender las necesidades \u00fanicas de las tiendas de m\u00fasica en l\u00ednea. Este tema cuenta con un dise\u00f1o altamente receptivo, asegurando que su sitio web se vea absolutamente impresionante en una amplia gama de dispositivos, independientemente del tama\u00f1o o resoluci\u00f3n de su pantalla. La interfaz f\u00e1cil de usar de este tema le permite crear sitios web de tiendas de m\u00fasica visualmente cautivadores visualmente con solo unos pocos clics simples, ahorr\u00e1ndole la necesidad de poseer cualquier experiencia t\u00e9cnica o conocimiento de dise\u00f1o web. Adem\u00e1s, las amplias opciones de personalizaci\u00f3n que ofrece este tema le otorgan la libertad de adaptar meticulosamente cada aspecto de su sitio web para alinearse perfectamente con sus preferencias y requisitos individuales. Gracias a la inclusi\u00f3n de una funci\u00f3n de b\u00fasqueda avanzada, sus clientes valiosos podr\u00e1n navegar sin esfuerzo a trav\u00e9s de su extensa colecci\u00f3n de m\u00fasica, localizando r\u00e1pidamente sus pistas deseadas y mejorar su experiencia general de compra. Adem\u00e1s, el reproductor incorporado que proporciona este tema permite a sus estimados clientes previsualizar pistas antes de realizar una compra, permiti\u00e9ndoles tomar decisiones informadas y proporcionarles un mejor sentido de satisfacci\u00f3n. Adem\u00e1s, la compatibilidad perfecta de este tema con el inmensamente popular complemento de WooCommerce le permite vender su m\u00fasica y mercanc\u00edas directamente desde su sitio web, eliminando la necesidad de cualquier plataforma o intermediarios de terceros. Independientemente de si es un artista musical talentoso, un sello musical de renombre o un propietario de una tienda de m\u00fasica visionario, la milagrosa tienda de m\u00fasica en l\u00ednea WordPress Temo se erige como la soluci\u00f3n por excelencia, equipada sin esfuerzo con todas las herramientas y recursos necesarios para establecer un La presencia en l\u00ednea altamente profesional y visualmente cautivadora que seguramente resonar\u00e1 con su p\u00fablico objetivo y refuerza significativamente su \u00e9xito general.<\/p>\n<ul>\n<li>Tema de WordPress altamente personalizable para tiendas de m\u00fasica en l\u00ednea<\/li>\n<li>Ofrece un dise\u00f1o elegante y moderno que es visualmente atractivo para los clientes<\/li>\n<li>Compatible con todos los principales navegadores web y receptivos en dispositivos m\u00f3viles<\/li>\n<li>Incluye un poderoso reproductor de m\u00fasica que permite a los clientes escuchar pistas antes de comprar<\/li>\n<li>Optimizado para motores de b\u00fasqueda para ayudar a atraer nuevos clientes<\/li>\n<li>Integraci\u00f3n perfecta con WooCommerce para transacciones f\u00e1ciles en l\u00ednea<\/li>\n<li>Viene con una variedad de plantillas preconstruidas para p\u00e1ginas de productos, p\u00e1ginas de inicio y m\u00e1s<\/li>\n<li>M\u00faltiples esquemas de color para elegir para la personalizaci\u00f3n definitiva<\/li>\n<li>Opciones de intercambio de redes sociales incorporadas para ayudar a promocionar su contenido<\/li>\n<li>Soporte y actualizaciones ilimitadas incluidas con la compra.<\/li>\n<\/ul>\n","protected":false},"excerpt":{"rendered":"<p>Perm\u00edtanos presentarle el extraordinario e impresionante tienda de m\u00fasica de m\u00fasica en l\u00ednea milagrosa de WordPress, una soluci\u00f3n impecable e incomparable espec\u00edficamente seleccionada y adaptada para propietarios de tiendas de m\u00fasica que aspiran a establecer y solidificar su notable y notable presencia en l\u00ednea. Este tema excepcionalmente avanzado y multifac\u00e9tico le otorga una abundante variedad de posibilidades de personalizaci\u00f3n ilimitadas, que van desde una variedad de esquemas de color diversos y variados hasta una gran cantidad de opciones de dise\u00f1o. Adem\u00e1s, este tema est\u00e1 ingeniosamente dise\u00f1ado para ser totalmente receptivo, asegurando que su sitio web meticulosamente elaborado irradiar\u00e1 la perfecci\u00f3n y la perfecci\u00f3n absoluta en una amplia gama de dispositivos.<\/p>\n","protected":false},"featured_media":166788,"comment_status":"open","ping_status":"open","template":"","meta":[],"product_brand":[2337],"product_cat":[1267,1237,1238],"product_tag":[1391],"class_list":{"0":"post-120378","1":"product","2":"type-product","3":"status-publish","4":"has-post-thumbnail","6":"product_brand-themeforest","7":"product_cat-creativo","8":"product_cat-temas","9":"product_cat-wordpress-temas","10":"product_tag-themeforest","11":"member-discount","12":"discount-restricted","14":"first","15":"instock","16":"sale","17":"downloadable","18":"virtual","19":"sold-individually","20":"purchasable","21":"product-type-simple"},"_links":{"self":[{"href":"https:\/\/gpl-love.com\/es\/wp-json\/wp\/v2\/product\/120378","targetHints":{"allow":["GET"]}}],"collection":[{"href":"https:\/\/gpl-love.com\/es\/wp-json\/wp\/v2\/product"}],"about":[{"href":"https:\/\/gpl-love.com\/es\/wp-json\/wp\/v2\/types\/product"}],"replies":[{"embeddable":true,"href":"https:\/\/gpl-love.com\/es\/wp-json\/wp\/v2\/comments?post=120378"}],"wp:featuredmedia":[{"embeddable":true,"href":"https:\/\/gpl-love.com\/es\/wp-json\/wp\/v2\/media\/166788"}],"wp:attachment":[{"href":"https:\/\/gpl-love.com\/es\/wp-json\/wp\/v2\/media?parent=120378"}],"wp:term":[{"taxonomy":"product_brand","embeddable":true,"href":"https:\/\/gpl-love.com\/es\/wp-json\/wp\/v2\/product_brand?post=120378"},{"taxonomy":"product_cat","embeddable":true,"href":"https:\/\/gpl-love.com\/es\/wp-json\/wp\/v2\/product_cat?post=120378"},{"taxonomy":"product_tag","embeddable":true,"href":"https:\/\/gpl-love.com\/es\/wp-json\/wp\/v2\/product_tag?post=120378"}],"curies":[{"name":"wp","href":"https:\/\/api.w.org\/{rel}","templated":true}]}}