{"id":120376,"date":"2022-02-08T00:00:00","date_gmt":"2022-02-08T05:00:00","guid":{"rendered":"https:\/\/gpl-love.com\/es\/?post_type=product&#038;p=120376"},"modified":"2026-03-13T17:16:09","modified_gmt":"2026-03-13T22:16:09","slug":"autusin-auto-partsand-car-accessories-shop-elementor-woocommerce-wordpress-theme","status":"publish","type":"product","link":"https:\/\/gpl-love.com\/es\/producto\/autusin-auto-partsand-car-accessories-shop-elementor-woocommerce-wordpress-theme\/","title":{"rendered":"Autusin Auto Partsand Car Accessories Shop Elementor WooCommerce WordPress Theme 2.3.2"},"content":{"rendered":"<h3>Autusin Auto Partsand Car Accessories Shop Elementor WooCommerce WordPress Theme Caracteristicas<\/h3>\n<p>El tema de WordPress de WordPress de Autusin Auto Parts and Car Accessories es un tema excepcionalmente potente y elegante que se ha creado magistralmente exclusivamente para la industria automotriz. Este tema cuenta con un dise\u00f1o notablemente receptivo, lo que le permite adaptarse a la perfecci\u00f3n a varios tama\u00f1os de pantalla, y tambi\u00e9n ofrece una amplia gama de opciones personalizables a trav\u00e9s del constructor de p\u00e1ginas de Elementer El incre\u00edblemente vers\u00e1til. Al aprovechar el poder de este tema, las tiendas de autopartes y accesorios pueden mostrar efectivamente su amplia gama de productos y servicios de una manera incre\u00edblemente contempor\u00e1nea e innegablemente profesional.<\/p>\n<p>Adem\u00e1s, la integraci\u00f3n de WooCommerce dentro de este tema permite a los clientes la conveniencia de las compras en l\u00ednea sin esfuerzo y una amplia selecci\u00f3n de opciones de pago seguras. Como si eso no fuera lo suficientemente impresionante, el tema de WordPress de WordPress de Autusin Auto Parts and Accessories de accesorios de autom\u00f3viles tambi\u00e9n sobresale en t\u00e9rminos de sus capacidades superiores de optimizaci\u00f3n de SEO. Esta caracter\u00edstica invaluable garantiza que su sitio web logre una visibilidad \u00f3ptima en varios motores de b\u00fasqueda, maximizando as\u00ed su alcance y atrayendo una afluencia sustancial de tr\u00e1fico org\u00e1nico.<\/p>\n<p>Lo que realmente distingue a este tema excepcional de sus competidores es su interfaz notablemente f\u00e1cil de usar y su robusta variedad de caracter\u00edsticas. Con la tienda Autusin Auto Parts and Car Accessories Elementor WooCommerce WordPress, cualquier negocio automotriz, independientemente de su tama\u00f1o o naturaleza, puede establecer sin esfuerzo una presencia en l\u00ednea dominante. Por lo tanto, ya sea que opere una peque\u00f1a tienda de autopartes o una tienda de accesorios para autom\u00f3viles en expansi\u00f3n, este tema es, sin duda, la mejor opci\u00f3n para catapultar su negocio hacia un \u00e9xito inigualable dentro del \u00e1mbito digital.<\/p>\n<ul>\n<li>Dise\u00f1o profesional y elegante para una tienda de autopartes y accesorios para autom\u00f3viles<\/li>\n<li>Construido con Elementor Page Builder para una f\u00e1cil personalizaci\u00f3n y funcionalidad de arrastrar y soltar<\/li>\n<li>Totalmente compatible con WooCommerce para una venta en l\u00ednea sin problemas<\/li>\n<li>Dise\u00f1o receptivo para una visualizaci\u00f3n \u00f3ptima en dispositivos de escritorio y m\u00f3viles<\/li>\n<li>Opciones avanzadas de filtrado de productos para ayudar a los clientes a encontrar exactamente lo que est\u00e1n buscando<\/li>\n<li>Funcionalidad de blogs incorporada para ayudar a conducir el tr\u00e1fico org\u00e1nico a su sitio web<\/li>\n<li>Opciones m\u00faltiples de encabezado y pie de p\u00e1gina para elegir para una apariencia personalizada<\/li>\n<li>P\u00e1ginas de productos personalizables con m\u00faltiples opciones de dise\u00f1o, incluidas la vista r\u00e1pida y los productos relacionados<\/li>\n<li>Documentaci\u00f3n integral y equipo de apoyo dedicado para ayudar con cualquier problema t\u00e9cnico.<\/li>\n<\/ul>\n","protected":false},"excerpt":{"rendered":"<p>La tienda Autusin Auto Parts and Car Accessories es un tema de WordPress de WooCommerce de vanguardia, perfecto para su tienda en l\u00ednea. Este tema combina un dise\u00f1o robusto y flexible con caracter\u00edsticas avanzadas, lo que lo hace ideal para vender auto piezas y accesorios para autom\u00f3viles. Construido con Elementor, ofrece una experiencia de edici\u00f3n perfecta, lo que le permite personalizar f\u00e1cilmente su sitio web para adaptarse a su marca. Adem\u00e1s, est\u00e1 completamente integrado con WooCommerce, proporcion\u00e1ndole una amplia gama de funcionalidades de comercio electr\u00f3nico. Con Autusin, puede administrar f\u00e1cilmente su inventario, rastrear pedidos y ofrecer opciones de pago seguras a sus clientes. Adem\u00e1s, este tema de WordPress es muy receptivo, asegurando que su tienda en l\u00ednea se vea impresionante y funcione sin problemas en cualquier dispositivo. Eleve su tienda de accesorios para autom\u00f3viles y autom\u00f3viles en l\u00ednea con el tema de WordPress de WooCommerce Autusin Elementador.<\/p>\n","protected":false},"featured_media":165441,"comment_status":"open","ping_status":"open","template":"","meta":[],"product_brand":[2337],"product_cat":[1263,1264,1237],"product_tag":[1391],"class_list":{"0":"post-120376","1":"product","2":"type-product","3":"status-publish","4":"has-post-thumbnail","6":"product_brand-themeforest","7":"product_cat-comercio-electronico-temas","8":"product_cat-negocio","9":"product_cat-temas","10":"product_tag-themeforest","11":"member-discount","12":"discount-restricted","14":"first","15":"instock","16":"sale","17":"downloadable","18":"virtual","19":"sold-individually","20":"purchasable","21":"product-type-simple"},"_links":{"self":[{"href":"https:\/\/gpl-love.com\/es\/wp-json\/wp\/v2\/product\/120376","targetHints":{"allow":["GET"]}}],"collection":[{"href":"https:\/\/gpl-love.com\/es\/wp-json\/wp\/v2\/product"}],"about":[{"href":"https:\/\/gpl-love.com\/es\/wp-json\/wp\/v2\/types\/product"}],"replies":[{"embeddable":true,"href":"https:\/\/gpl-love.com\/es\/wp-json\/wp\/v2\/comments?post=120376"}],"wp:featuredmedia":[{"embeddable":true,"href":"https:\/\/gpl-love.com\/es\/wp-json\/wp\/v2\/media\/165441"}],"wp:attachment":[{"href":"https:\/\/gpl-love.com\/es\/wp-json\/wp\/v2\/media?parent=120376"}],"wp:term":[{"taxonomy":"product_brand","embeddable":true,"href":"https:\/\/gpl-love.com\/es\/wp-json\/wp\/v2\/product_brand?post=120376"},{"taxonomy":"product_cat","embeddable":true,"href":"https:\/\/gpl-love.com\/es\/wp-json\/wp\/v2\/product_cat?post=120376"},{"taxonomy":"product_tag","embeddable":true,"href":"https:\/\/gpl-love.com\/es\/wp-json\/wp\/v2\/product_tag?post=120376"}],"curies":[{"name":"wp","href":"https:\/\/api.w.org\/{rel}","templated":true}]}}