{"id":120374,"date":"2022-03-06T00:00:00","date_gmt":"2022-03-06T05:00:00","guid":{"rendered":"https:\/\/gpl-love.com\/es\/?post_type=product&#038;p=120374"},"modified":"2026-03-13T17:17:02","modified_gmt":"2026-03-13T22:17:02","slug":"boxshop-responsive-woocommerce-wordpress-theme","status":"publish","type":"product","link":"https:\/\/gpl-love.com\/es\/producto\/boxshop-responsive-woocommerce-wordpress-theme\/","title":{"rendered":"BoxShop Responsive WooCommerce WordPress Theme 1.6.0"},"content":{"rendered":"<h3>BoxShop Responsive WooCommerce WordPress Theme Caracteristicas<\/h3>\n<p>Boxshop es un tema de WordPress de WordPress extremadamente vers\u00e1til y totalmente receptivo que ofrece un nivel incomparable de personalizaci\u00f3n, lo que lo convierte en la soluci\u00f3n definitiva para cualquier tienda en l\u00ednea. Con un dise\u00f1o elegante y contempor\u00e1neo, este tema le permite presentar sus productos de una manera visualmente cautivadora, cautivando la atenci\u00f3n de su audiencia sin esfuerzo. Adem\u00e1s, el tema proporciona una amplia selecci\u00f3n de dise\u00f1os de p\u00e1gina de inicio predise\u00f1ados que se pueden adaptar para alinearse perfectamente con su imagen de marca. Adem\u00e1s, la gran cantidad de caracter\u00edsticas que se ofrecen, incluida la vista r\u00e1pida del producto, el filtrado AJAX y la lista de deseos de productos, entre muchos otros, aumentan la experiencia del usuario y amplifican la funcionalidad de su tienda en l\u00ednea. Adem\u00e1s, BoxShop ha sido meticulosamente optimizado tanto para la velocidad como para el SEO, asegurando que su sitio web se cargue r\u00e1pidamente y alcance las altas clasificaciones en varios motores de b\u00fasqueda. Ya sea que est\u00e9 operando una peque\u00f1a boutique o una tienda en l\u00ednea considerable, Boxshop es inequ\u00edvocamente el tema perfecto para impulsar su negocio a nuevas alturas.<\/p>\n<ul>\n<li>Un dise\u00f1o moderno y elegante perfecto para cualquier tienda en l\u00ednea<\/li>\n<li>Totalmente receptivo y amigable con los dispositivos m\u00f3viles, asegurando una navegaci\u00f3n perfecta en cualquier dispositivo<\/li>\n<li>La compatibilidad incorporada de WooCommerce permite una f\u00e1cil configuraci\u00f3n y gesti\u00f3n de su tienda en l\u00ednea<\/li>\n<li>Amplia gama de opciones de personalizaci\u00f3n, incluidas m\u00faltiples opciones de dise\u00f1o de la p\u00e1gina de inicio y esquemas de color personalizables<\/li>\n<li>F\u00e1cil integraci\u00f3n con complementos populares como Revolution Slider y su lista de deseos<\/li>\n<li>Velocidades de carga r\u00e1pida para una experiencia de usuario suave<\/li>\n<li>Optimizaci\u00f3n de SEO para mejorar la clasificaci\u00f3n de los motores de b\u00fasqueda y conducir m\u00e1s tr\u00e1fico a su sitio<\/li>\n<li>Documentaci\u00f3n extensa y atenci\u00f3n al cliente dedicada para todas sus necesidades<\/li>\n<\/ul>\n","protected":false},"excerpt":{"rendered":"<p>Introducci\u00f3n de BoxShop, un tema de WordPress de WooCommerce altamente flexible y receptivo dise\u00f1ado para elevar su tienda en l\u00ednea. Este tema rico en funciones es totalmente personalizable para satisfacer sus necesidades comerciales \u00fanicas. Con su integraci\u00f3n perfecta con WooCommerce, puede configurar y administrar sin esfuerzo su tienda en l\u00ednea. La capacidad de respuesta de BoxShop garantiza que su sitio web se vea genial en todos los dispositivos, proporcionando una experiencia de visualizaci\u00f3n \u00f3ptima para sus clientes. Su dise\u00f1o limpio y profesional es perfecto para una amplia gama de negocios, desde la moda hasta la electr\u00f3nica, los muebles y m\u00e1s. Boxshop tambi\u00e9n viene con una gran cantidad de dise\u00f1os prefabricados, lo que facilita el dise\u00f1o de su sitio web a su gusto. Con su s\u00f3lida funcionalidad y su elegante est\u00e9tica, Boxshop es una excelente opci\u00f3n para cualquier minorista en l\u00ednea que busque mejorar su presencia digital. Este tema de WordPress no es solo una herramienta, sino una soluci\u00f3n completa para llevar su negocio de comercio electr\u00f3nico al siguiente nivel.<\/p>\n","protected":false},"featured_media":165548,"comment_status":"open","ping_status":"open","template":"","meta":[],"product_brand":[2337],"product_cat":[1263,1264,1237],"product_tag":[1391],"class_list":{"0":"post-120374","1":"product","2":"type-product","3":"status-publish","4":"has-post-thumbnail","6":"product_brand-themeforest","7":"product_cat-comercio-electronico-temas","8":"product_cat-negocio","9":"product_cat-temas","10":"product_tag-themeforest","11":"member-discount","12":"discount-restricted","14":"first","15":"instock","16":"sale","17":"downloadable","18":"virtual","19":"sold-individually","20":"purchasable","21":"product-type-simple"},"_links":{"self":[{"href":"https:\/\/gpl-love.com\/es\/wp-json\/wp\/v2\/product\/120374","targetHints":{"allow":["GET"]}}],"collection":[{"href":"https:\/\/gpl-love.com\/es\/wp-json\/wp\/v2\/product"}],"about":[{"href":"https:\/\/gpl-love.com\/es\/wp-json\/wp\/v2\/types\/product"}],"replies":[{"embeddable":true,"href":"https:\/\/gpl-love.com\/es\/wp-json\/wp\/v2\/comments?post=120374"}],"wp:featuredmedia":[{"embeddable":true,"href":"https:\/\/gpl-love.com\/es\/wp-json\/wp\/v2\/media\/165548"}],"wp:attachment":[{"href":"https:\/\/gpl-love.com\/es\/wp-json\/wp\/v2\/media?parent=120374"}],"wp:term":[{"taxonomy":"product_brand","embeddable":true,"href":"https:\/\/gpl-love.com\/es\/wp-json\/wp\/v2\/product_brand?post=120374"},{"taxonomy":"product_cat","embeddable":true,"href":"https:\/\/gpl-love.com\/es\/wp-json\/wp\/v2\/product_cat?post=120374"},{"taxonomy":"product_tag","embeddable":true,"href":"https:\/\/gpl-love.com\/es\/wp-json\/wp\/v2\/product_tag?post=120374"}],"curies":[{"name":"wp","href":"https:\/\/api.w.org\/{rel}","templated":true}]}}