{"id":120371,"date":"2023-12-05T00:00:00","date_gmt":"2023-12-05T05:00:00","guid":{"rendered":"https:\/\/gpl-love.com\/es\/?post_type=product&#038;p=120371"},"modified":"2026-03-09T07:15:25","modified_gmt":"2026-03-09T12:15:25","slug":"acf-export-add-on-pro","status":"publish","type":"product","link":"https:\/\/gpl-love.com\/es\/producto\/acf-export-add-on-pro\/","title":{"rendered":"WP All Export ACF Addon 1.0.6"},"content":{"rendered":"<h3>WP All Export ACF Addon Caracteristicas<\/h3>\n<p>WP All Export ACF Addon es una herramienta incre\u00edblemente robusta y avanzada que otorga a los usuarios la capacidad de exportar campos y datos personalizados sin esfuerzo y sin esfuerzo directamente desde su plataforma de WordPress. Este notable complemento se integra sin problemas con WP todas las exportaciones y presenta una amplia gama de caracter\u00edsticas excepcionales que facilitan la exportaci\u00f3n de datos ACF de una manera extremadamente sin problemas. Al utilizar esta herramienta extraordinaria, las personas est\u00e1n facultadas para exportar sus datos de ACF en una multitud de formatos, incluidos, entre otros, CSV, XML y Excel. Adem\u00e1s, tambi\u00e9n brinda a los usuarios la oportunidad de mapear meticulosamente los campos ACF espec\u00edficos a su formato de exportaci\u00f3n preferido, asegurando que los datos exportados resultantes sean impecablemente precisos, pertinentes y altamente aplicables. En resumen, WP All Export ACF Addon es una herramienta absolutamente indispensable que es absolutamente imprescindible para los desarrolladores de WordPress, los administradores y los creadores de contenido que buscan ser sinceramente optimizar y expedir su proceso general de exportaci\u00f3n de datos.<\/p>\n<ul>\n<li>El complemento WP All Export ACF es una herramienta potente y \u00fatil dise\u00f1ada para ayudar a los usuarios a exportar campos personalizados avanzados (ACF) en formatos de WordPress a CSV, Excel, XML o JSON.<\/li>\n<li>Con este complemento, puede generar plantillas de exportaci\u00f3n personalizadas para datos ACF que incluyen campos, grupos de campo y taxonom\u00edas para satisfacer necesidades espec\u00edficas.<\/li>\n<li>El complemento es f\u00e1cil de instalar y no requiere habilidades de codificaci\u00f3n. Es muy f\u00e1cil de usar y proporciona una interfaz simple de arrastrar y soltar para crear plantillas de exportaci\u00f3n personalizadas.<\/li>\n<li>El complemento tambi\u00e9n viene con un poderoso sistema de filtrado que le permite exportar solo los datos que necesita, en funci\u00f3n de criterios espec\u00edficos. Esto puede ahorrarle tiempo y eliminar la molestia de buscar datos no deseados al exportar.<\/li>\n<li>Los datos exportados se pueden utilizar para una variedad de fines, desde la creaci\u00f3n de informes hasta el archivo de datos en diferentes formatos. Esto proporciona flexibilidad y conveniencia para los usuarios que requieren datos en m\u00faltiples formatos.<\/li>\n<li>El complemento es totalmente compatible con la versi\u00f3n WP All Export Pro y se integra perfectamente con \u00e9l para una experiencia de exportaci\u00f3n con todas las funciones.<\/li>\n<li>El complemento WP All Export ACF est\u00e1 respaldado por una excelente atenci\u00f3n al cliente y actualizaciones peri\u00f3dicas para garantizar que siga siendo relevante y actualizado con nuevos avances en WordPress y Tecnolog\u00eda ACF.<\/li>\n<\/ul>\n","protected":false},"excerpt":{"rendered":"<p>WP All Export ACF Addon, una herramienta de WordPress altamente efectiva, es un regalo del cielo para los propietarios de sitios web que conf\u00edan en campos personalizados avanzados para la extracci\u00f3n de campo personalizada. Este vers\u00e1til complemento de WordPress ofrece procesos de exportaci\u00f3n de datos optimizados y adquisici\u00f3n eficiente de datos ACF, transformando datos ACF en m\u00faltiples formatos como Excel, CSV y XML.<\/p>\n<p>Uno de los principales beneficios de complemento de exportaci\u00f3n de WP de todos es su capacidad para simplificar la extracci\u00f3n avanzada de datos de campos personalizados. Este complemento es particularmente \u00fatil para la gesti\u00f3n de datos del sitio web que ahorra tiempo. Permite a los usuarios exportar datos ACF con facilidad y proporciona un complemento \u00f3ptimo de administraci\u00f3n de contenido para WordPress.<\/p>\n<p>No solo es una herramienta de WordPress altamente efectiva, sino que tambi\u00e9n es una opci\u00f3n de nivel superior para las soluciones de gesti\u00f3n de datos ACF. Los usuarios pueden obtener todos sus datos ACF a trav\u00e9s de unos pocos clics, lo que lo convierte en una herramienta de exportaci\u00f3n de datos ACF sin problemas.<\/p>\n<p>En el \u00e1mbito de las herramientas de gesti\u00f3n de contenido de WordPress, el complemento ACF WP All Exports es un destacado, que ofrece ACF sin esfuerzo<\/p>\n","protected":false},"featured_media":165251,"comment_status":"open","ping_status":"open","template":"","meta":[],"product_brand":[2340],"product_cat":[1212,1206,1211],"product_tag":[1436],"class_list":{"0":"post-120371","1":"product","2":"type-product","3":"status-publish","4":"has-post-thumbnail","6":"product_brand-wp-all-import","7":"product_cat-administracion-wordpress-plugins","8":"product_cat-plugins","9":"product_cat-wordpress-plugins","10":"product_tag-wp-all-import","11":"member-discount","12":"discount-restricted","14":"first","15":"instock","16":"sale","17":"downloadable","18":"virtual","19":"sold-individually","20":"purchasable","21":"product-type-simple"},"_links":{"self":[{"href":"https:\/\/gpl-love.com\/es\/wp-json\/wp\/v2\/product\/120371","targetHints":{"allow":["GET"]}}],"collection":[{"href":"https:\/\/gpl-love.com\/es\/wp-json\/wp\/v2\/product"}],"about":[{"href":"https:\/\/gpl-love.com\/es\/wp-json\/wp\/v2\/types\/product"}],"replies":[{"embeddable":true,"href":"https:\/\/gpl-love.com\/es\/wp-json\/wp\/v2\/comments?post=120371"}],"wp:featuredmedia":[{"embeddable":true,"href":"https:\/\/gpl-love.com\/es\/wp-json\/wp\/v2\/media\/165251"}],"wp:attachment":[{"href":"https:\/\/gpl-love.com\/es\/wp-json\/wp\/v2\/media?parent=120371"}],"wp:term":[{"taxonomy":"product_brand","embeddable":true,"href":"https:\/\/gpl-love.com\/es\/wp-json\/wp\/v2\/product_brand?post=120371"},{"taxonomy":"product_cat","embeddable":true,"href":"https:\/\/gpl-love.com\/es\/wp-json\/wp\/v2\/product_cat?post=120371"},{"taxonomy":"product_tag","embeddable":true,"href":"https:\/\/gpl-love.com\/es\/wp-json\/wp\/v2\/product_tag?post=120371"}],"curies":[{"name":"wp","href":"https:\/\/api.w.org\/{rel}","templated":true}]}}