{"id":120369,"date":"2025-10-02T00:00:00","date_gmt":"2025-10-02T05:00:00","guid":{"rendered":"https:\/\/gpl-love.com\/es\/?post_type=product&#038;p=120369"},"modified":"2026-03-09T07:17:01","modified_gmt":"2026-03-09T12:17:01","slug":"affiliatewp-portal","status":"publish","type":"product","link":"https:\/\/gpl-love.com\/es\/producto\/affiliatewp-portal\/","title":{"rendered":"AffiliateWP Affiliate Portal 1.3.11"},"content":{"rendered":"<h3>AffiliateWP Affiliate Portal Caracteristicas<\/h3>\n<p>El portal AffiliateWP, una herramienta excepcional para las empresas con el objetivo de establecer y supervisar sus propios programas de marketing de afiliaci\u00f3n, proporciona una variedad de capacidades impresionantes. Su interfaz f\u00e1cil de usar junto con sus extensas caracter\u00edsticas no solo simplifica el proceso de reclutamiento y gesti\u00f3n de afiliados, sino que tambi\u00e9n facilita el monitoreo de ventas y rendimiento. Adem\u00e1s, este portal permite a las empresas adaptar las estructuras de la comisi\u00f3n a sus necesidades espec\u00edficas, establecer niveles de afiliados y dise\u00f1ar materiales promocionales que contribuyan al \u00e9xito de sus afiliados. Adem\u00e1s de estos beneficios, el portal AffiliateWP cuenta con una gama integral de herramientas de informes y an\u00e1lisis, lo que permite a las empresas tomar decisiones informadas impulsadas por los datos y optimizar sus programas afiliados para la m\u00e1xima efectividad. Dada su interfaz intuitiva y sus caracter\u00edsticas s\u00f3lidas, el portal AffiliateWP es un activo vital para cualquier negocio con el objetivo de elevar sus ventas e ingresos a trav\u00e9s de la implementaci\u00f3n de estrategias de marketing de afiliaci\u00f3n.<\/p>\n<ul>\n<li>F\u00e1cil integraci\u00f3n de Affiliatewp con su sitio web<\/li>\n<li>Gesti\u00f3n simplificada de cuentas y pagos afiliados<\/li>\n<li>Formulario de registro de afiliados personalizable para recopilar la informaci\u00f3n necesaria<\/li>\n<li>Capacidad para rastrear el rendimiento y las comisiones de los afiliados en tiempo real<\/li>\n<li>Herramientas de informes y an\u00e1lisis incorporados para ayudar a evaluar el \u00e9xito<\/li>\n<li>Automatizar los pagos a los afiliados, incluido el soporte de PayPal<\/li>\n<li>Autenticaci\u00f3n segura de los usuarios y protecci\u00f3n de datos confidenciales<\/li>\n<li>Estructuras de comisi\u00f3n flexibles basadas en el tr\u00e1fico de referencia o los ingresos generales generados<\/li>\n<li>Acceso de API para los desarrolladores para personalizar y extender a\u00fan m\u00e1s la funcionalidad.<\/li>\n<\/ul>\n","protected":false},"excerpt":{"rendered":"<p>El portal AffiliateWP, lleno de caracter\u00edsticas robustas, se erige como la mejor soluci\u00f3n para administrar su programa de afiliados de manera efectiva. Esta plataforma tiene un amplio espectro de capacidades y funcionalidades, lo que hace que sea m\u00e1s simple monitorear a sus afiliados en AffiliateWP. Gracias a su interfaz f\u00e1cil de usar, puede analizar f\u00e1cilmente los informes y establecer tasas de comisi\u00f3n, todo al tiempo que garantiza una inicio sin problemas de su programa.<\/p>\n<p>Las caracter\u00edsticas del portal AffiliateWP est\u00e1n dise\u00f1adas para optimizar su programa de afiliados, ya sea que reci\u00e9n est\u00e9 comenzando o esforz\u00e1ndose por elevarlo a nuevas alturas. Sus funcionalidades facilitan la administraci\u00f3n de su programa, mientras que sus capacidades permiten una visi\u00f3n y control detallados. Con el portal AffiliateWP, establecer tasas de comisi\u00f3n en AffiliateWP se convierte en un proceso sin problemas, y analizar los informes es tan sencillo como es as\u00ed.<\/p>\n<p>El portal AffiliateWP es la herramienta ideal para empresas que buscan una soluci\u00f3n integral para todas sus necesidades de gesti\u00f3n de afiliados. Su interfaz f\u00e1cil de usar garantiza una experiencia de usuario fluida, mientras que las caracter\u00edsticas s\u00f3lidas de la plataforma garantizan la administraci\u00f3n m\u00e1s efectiva de su programa de afiliados. Si eres solo<\/p>\n","protected":false},"featured_media":165322,"comment_status":"open","ping_status":"open","template":"","meta":[],"product_brand":[2357],"product_cat":[1207,1225,1206],"product_tag":[1227],"class_list":{"0":"post-120369","1":"product","2":"type-product","3":"status-publish","4":"has-post-thumbnail","6":"product_brand-affiliate-wp","7":"product_cat-comercio-electronico-plugins","8":"product_cat-marketing","9":"product_cat-plugins","10":"product_tag-affiliate-wp","11":"member-discount","12":"discount-restricted","14":"first","15":"instock","16":"sale","17":"downloadable","18":"virtual","19":"sold-individually","20":"purchasable","21":"product-type-simple"},"_links":{"self":[{"href":"https:\/\/gpl-love.com\/es\/wp-json\/wp\/v2\/product\/120369","targetHints":{"allow":["GET"]}}],"collection":[{"href":"https:\/\/gpl-love.com\/es\/wp-json\/wp\/v2\/product"}],"about":[{"href":"https:\/\/gpl-love.com\/es\/wp-json\/wp\/v2\/types\/product"}],"replies":[{"embeddable":true,"href":"https:\/\/gpl-love.com\/es\/wp-json\/wp\/v2\/comments?post=120369"}],"wp:featuredmedia":[{"embeddable":true,"href":"https:\/\/gpl-love.com\/es\/wp-json\/wp\/v2\/media\/165322"}],"wp:attachment":[{"href":"https:\/\/gpl-love.com\/es\/wp-json\/wp\/v2\/media?parent=120369"}],"wp:term":[{"taxonomy":"product_brand","embeddable":true,"href":"https:\/\/gpl-love.com\/es\/wp-json\/wp\/v2\/product_brand?post=120369"},{"taxonomy":"product_cat","embeddable":true,"href":"https:\/\/gpl-love.com\/es\/wp-json\/wp\/v2\/product_cat?post=120369"},{"taxonomy":"product_tag","embeddable":true,"href":"https:\/\/gpl-love.com\/es\/wp-json\/wp\/v2\/product_tag?post=120369"}],"curies":[{"name":"wp","href":"https:\/\/api.w.org\/{rel}","templated":true}]}}