{"id":120365,"date":"2025-09-09T00:00:00","date_gmt":"2025-09-09T05:00:00","guid":{"rendered":"https:\/\/gpl-love.com\/es\/?post_type=product&#038;p=120365"},"modified":"2026-04-10T11:24:33","modified_gmt":"2026-04-10T16:24:33","slug":"shipping-details-plugin-para-woocommerce","status":"publish","type":"product","link":"https:\/\/gpl-love.com\/es\/producto\/shipping-details-plugin-para-woocommerce\/","title":{"rendered":"Shipping Details Plugin para WooCommerce 1.8.0.8"},"content":{"rendered":"<h3>Shipping Details Plugin para WooCommerce Caracteristicas<\/h3>\n<p>El complemento de detalles de env\u00edo para WooCommerce es muy recomendable para las personas que poseen tiendas en l\u00ednea y desean un proceso de env\u00edo m\u00e1s simplificado. Al utilizar este complemento, los clientes est\u00e1n habilitados para ingresar convenientemente sus detalles de env\u00edo, abarcando su direcci\u00f3n y el m\u00e9todo de env\u00edo preferido, directamente a trav\u00e9s de la p\u00e1gina de pago. Posteriormente, el complemento realiza los c\u00e1lculos de manera experta para determinar las tasas de env\u00edo, los impuestos y los tiempos de entrega, todo dependiendo de la informaci\u00f3n proporcionada. Mediante el empleo de este complemento, la gesti\u00f3n y el monitoreo de los pedidos de env\u00edo se vuelven sin esfuerzo, ahorrando as\u00ed valiosos tiempo y energ\u00eda. Adem\u00e1s, sirve para disminuir los errores y garantizar la precisi\u00f3n en la entrega de productos. Poseiendo una interfaz f\u00e1cil de usar, el complemento de detalles de env\u00edo para WooCommerce se puede instalar y utilizar r\u00e1pidamente, lo que le convierte en una inversi\u00f3n excepcional para cualquier negocio en l\u00ednea que busque mejorar sus procedimientos de env\u00edo.<\/p>\n<ul>\n<li>Personalice las opciones de env\u00edo para su tienda WooCommerce<\/li>\n<li>Establecer tarifas de env\u00edo seg\u00fan el peso, la tarifa plana o la ubicaci\u00f3n del cliente<\/li>\n<li>Elija entre varios operadores como USPS, UPS y FedEx<\/li>\n<li>Integrar f\u00e1cilmente con su proceso de pago de WooCommerce existente<\/li>\n<li>Calcule autom\u00e1ticamente los costos de env\u00edo para los clientes durante el pago<\/li>\n<li>Ofrezca opciones de env\u00edo gratuitas para productos seleccionados o para pedidos sobre una cierta cantidad<\/li>\n<li>Proporcionar informaci\u00f3n de seguimiento en tiempo real para env\u00edos<\/li>\n<li>Ahorre tiempo y dinero agilizando sus procesos de env\u00edo<\/li>\n<li>Mejorar la satisfacci\u00f3n del cliente al proporcionar informaci\u00f3n de env\u00edo precisa y confiable<\/li>\n<\/ul>\n","protected":false},"excerpt":{"rendered":"<p>El complemento de detalles de env\u00edo para WooCommerce, una herramienta indispensable para los propietarios de tiendas en l\u00ednea que buscan optimizar su proceso de env\u00edo, ofrece una gran cantidad de beneficios. Al incorporar este complemento en su sitio web, los clientes tendr\u00e1n la conveniencia de ingresar sin esfuerzo sus detalles de env\u00edo durante el proceso de pago, asegurando que sus pedidos se entreguen al destino correcto. Adem\u00e1s, este complemento proporciona a los propietarios de tiendas la capacidad de adaptar las opciones de env\u00edo para alinearse con sus requisitos comerciales \u00fanicos, otorg\u00e1ndoles la flexibilidad para establecer reglas de env\u00edo basadas en factores como el peso del carrito, el destino y otras variables pertinentes. Adem\u00e1s, la integraci\u00f3n de las tarifas de env\u00edo en tiempo real le permite presentar a sus clientes costos de env\u00edo precisos, lo que resulta en una experiencia de pago perfecta y eficiente. No se pierda la oportunidad de simplificar el env\u00edo tanto para usted como para sus clientes: adquiera el complemento de detalles de env\u00edo para WooCommerce hoy.<\/p>\n","protected":false},"featured_media":167469,"comment_status":"open","ping_status":"open","template":"","meta":[],"product_brand":[2559],"product_cat":[1207,1248,1206],"product_tag":[2237],"class_list":{"0":"post-120365","1":"product","2":"type-product","3":"status-publish","4":"has-post-thumbnail","6":"product_brand-woobewoo","7":"product_cat-comercio-electronico-plugins","8":"product_cat-personalizacion-comercio-electronico-plugins","9":"product_cat-plugins","10":"product_tag-woobewoo","11":"member-discount","12":"discount-restricted","14":"first","15":"instock","16":"sale","17":"downloadable","18":"virtual","19":"sold-individually","20":"purchasable","21":"product-type-simple"},"_links":{"self":[{"href":"https:\/\/gpl-love.com\/es\/wp-json\/wp\/v2\/product\/120365","targetHints":{"allow":["GET"]}}],"collection":[{"href":"https:\/\/gpl-love.com\/es\/wp-json\/wp\/v2\/product"}],"about":[{"href":"https:\/\/gpl-love.com\/es\/wp-json\/wp\/v2\/types\/product"}],"replies":[{"embeddable":true,"href":"https:\/\/gpl-love.com\/es\/wp-json\/wp\/v2\/comments?post=120365"}],"wp:featuredmedia":[{"embeddable":true,"href":"https:\/\/gpl-love.com\/es\/wp-json\/wp\/v2\/media\/167469"}],"wp:attachment":[{"href":"https:\/\/gpl-love.com\/es\/wp-json\/wp\/v2\/media?parent=120365"}],"wp:term":[{"taxonomy":"product_brand","embeddable":true,"href":"https:\/\/gpl-love.com\/es\/wp-json\/wp\/v2\/product_brand?post=120365"},{"taxonomy":"product_cat","embeddable":true,"href":"https:\/\/gpl-love.com\/es\/wp-json\/wp\/v2\/product_cat?post=120365"},{"taxonomy":"product_tag","embeddable":true,"href":"https:\/\/gpl-love.com\/es\/wp-json\/wp\/v2\/product_tag?post=120365"}],"curies":[{"name":"wp","href":"https:\/\/api.w.org\/{rel}","templated":true}]}}