{"id":120321,"date":"2024-04-05T00:00:00","date_gmt":"2024-04-05T05:00:00","guid":{"rendered":"https:\/\/gpl-love.com\/es\/?post_type=product&#038;p=120321"},"modified":"2026-04-10T11:27:12","modified_gmt":"2026-04-10T16:27:12","slug":"tantum-car-scooter-boat-y-bike-rental-services-wordpress-theme","status":"publish","type":"product","link":"https:\/\/gpl-love.com\/es\/producto\/tantum-car-scooter-boat-y-bike-rental-services-wordpress-theme\/","title":{"rendered":"TanTum Car Scooter Boat y Bike Rental Services WordPress Theme 1.1.10"},"content":{"rendered":"<h3>TanTum Car Scooter Boat y Bike Rental Services WordPress Theme Caracteristicas<\/h3>\n<p>El tema de WordPress de Barco de Scooter y Bike de Tantum Car es un tema notablemente robusto y multifac\u00e9tico meticulosamente dise\u00f1ado para satisfacer las necesidades de las empresas involucradas en la provisi\u00f3n de servicios de alquiler para una variedad de veh\u00edculos, como autom\u00f3viles, scooters, botes y bicicletas y bicicletas . Con su interfaz notablemente f\u00e1cil de usar y su dise\u00f1o altamente adaptable, este tema le otorga la oportunidad de mostrar sin esfuerzo sus servicios y administrar sus reservas de manera efectiva. Cuenta con una amplia gama de caracter\u00edsticas, que incluye un sistema de reserva de vanguardia, tablas de precios integrales y widgets personalizables, entre otros, todos integrados sin problemas para elevar la prominencia de su sitio web y atraer una base de clientes sustancial. Independientemente de si usted es un empresario incipiente que se embarca en un nuevo esfuerzo o una empresa establecida que busca respirar una vida fresca en su sitio web existente, el Servicio de Scooter Tantum Scooter y los Servicios de alquiler de bicicletas de WordPress es indudablemente la mejor opci\u00f3n para su negocio de servicios de alquiler.<\/p>\n<ul>\n<li>El dise\u00f1o receptivo y amigable con los dispositivos m\u00f3viles garantiza una experiencia de navegaci\u00f3n perfecta<\/li>\n<li>El sistema completo de reservas y reservas permite a los clientes alquilar veh\u00edculos de manera r\u00e1pida y f\u00e1cil.<\/li>\n<li>Integraci\u00f3n de pasarela de pago incorporada para transacciones seguras y sin problemas<\/li>\n<li>M\u00faltiples opciones de personalizaci\u00f3n para personalizar el sitio web para que coincidan con la marca y el estilo de su negocio<\/li>\n<li>Integraci\u00f3n con complementos de servicio de alquiler populares para una funcionalidad ampliada<\/li>\n<li>Optimizaci\u00f3n de SEO para mejorar la visibilidad del sitio web y la clasificaci\u00f3n del motor de b\u00fasqueda<\/li>\n<li>Documentaci\u00f3n integral y atenci\u00f3n al cliente para ayudar a los usuarios con cualquier pregunta o inquietud.<\/li>\n<li>Compatible con todos los principales navegadores web para la m\u00e1xima accesibilidad a los clientes<\/li>\n<li>Actualizaciones autom\u00e1ticas y correcciones de errores para garantizar un servicio y rendimiento ininterrumpidos.<\/li>\n<\/ul>\n","protected":false},"excerpt":{"rendered":"<p>El tema de Tantum WordPress es una herramienta multifuncional que satisface las necesidades de los servicios de alquiler, espec\u00edficamente aquellos que ofrecen autom\u00f3viles, scooters, barcos y bicicletas. Su objetivo principal es facilitar a los usuarios en su b\u00fasqueda del veh\u00edculo ideal, permiti\u00e9ndoles reservarlo y reservarlo sin esfuerzo. Lo que distingue a este tema es su naturaleza flexible, que permite la personalizaci\u00f3n de varios aspectos, como listados de veh\u00edculos, reservas y pagos. Adem\u00e1s, su dise\u00f1o de vanguardia garantiza la compatibilidad con diversos dispositivos y pantallas, mientras que su \u00e9nfasis en la velocidad y la confiabilidad garantiza una experiencia de usuario \u00f3ptima. El tema ofrece adem\u00e1s una gran cantidad de caracter\u00edsticas impresionantes, incluida la capacidad de adaptar los formularios de pedido, emplear la funcionalidad de b\u00fasqueda avanzada y administrar eficientemente las reservas. Estos atributos hacen que Tantum sea particularmente adecuado para las personas y las empresas que buscan elevar sus servicios de alquiler en l\u00ednea. Al adoptar Tantum, tiene el poder de revolucionar la forma en que los clientes participan en alquileres de veh\u00edculos, en \u00faltima instancia, entregando una experiencia perfecta e incomparable con cada interacci\u00f3n.<\/p>\n","protected":false},"featured_media":167687,"comment_status":"open","ping_status":"open","template":"","meta":[],"product_brand":[2337],"product_cat":[1307,1237,1238],"product_tag":[1391],"class_list":{"0":"post-120321","1":"product","2":"type-product","3":"status-publish","4":"has-post-thumbnail","6":"product_brand-themeforest","7":"product_cat-negocio-wordpress-temas","8":"product_cat-temas","9":"product_cat-wordpress-temas","10":"product_tag-themeforest","11":"member-discount","12":"discount-restricted","14":"first","15":"instock","16":"sale","17":"downloadable","18":"virtual","19":"sold-individually","20":"purchasable","21":"product-type-simple"},"_links":{"self":[{"href":"https:\/\/gpl-love.com\/es\/wp-json\/wp\/v2\/product\/120321","targetHints":{"allow":["GET"]}}],"collection":[{"href":"https:\/\/gpl-love.com\/es\/wp-json\/wp\/v2\/product"}],"about":[{"href":"https:\/\/gpl-love.com\/es\/wp-json\/wp\/v2\/types\/product"}],"replies":[{"embeddable":true,"href":"https:\/\/gpl-love.com\/es\/wp-json\/wp\/v2\/comments?post=120321"}],"wp:featuredmedia":[{"embeddable":true,"href":"https:\/\/gpl-love.com\/es\/wp-json\/wp\/v2\/media\/167687"}],"wp:attachment":[{"href":"https:\/\/gpl-love.com\/es\/wp-json\/wp\/v2\/media?parent=120321"}],"wp:term":[{"taxonomy":"product_brand","embeddable":true,"href":"https:\/\/gpl-love.com\/es\/wp-json\/wp\/v2\/product_brand?post=120321"},{"taxonomy":"product_cat","embeddable":true,"href":"https:\/\/gpl-love.com\/es\/wp-json\/wp\/v2\/product_cat?post=120321"},{"taxonomy":"product_tag","embeddable":true,"href":"https:\/\/gpl-love.com\/es\/wp-json\/wp\/v2\/product_tag?post=120321"}],"curies":[{"name":"wp","href":"https:\/\/api.w.org\/{rel}","templated":true}]}}