{"id":120314,"date":"2022-06-01T00:00:00","date_gmt":"2022-06-01T05:00:00","guid":{"rendered":"https:\/\/gpl-love.com\/es\/?post_type=product&#038;p=120314"},"modified":"2026-03-13T17:16:55","modified_gmt":"2026-03-13T22:16:55","slug":"book-your-travel-online-booking-wordpress-theme","status":"publish","type":"product","link":"https:\/\/gpl-love.com\/es\/producto\/book-your-travel-online-booking-wordpress-theme\/","title":{"rendered":"Book Your Travel Online Booking WordPress Theme 8.18.2"},"content":{"rendered":"<h3>Book Your Travel Online Booking WordPress Theme Caracteristicas<\/h3>\n<p>El tema de WordPress de reserva en l\u00ednea de sus viajes sirve como una soluci\u00f3n excepcional que satisface las necesidades de las agencias de viajes y los operadores tur\u00edsticos que tienen como objetivo mostrar sus ofertas y facilitar las convenientes reservas de viaje en l\u00ednea para los clientes. Este tema cuenta con un dise\u00f1o sofisticado y contempor\u00e1neo, que puede personalizarse ampliamente para adaptarse a los requisitos espec\u00edficos de los usuarios. Al integrar un sistema de reserva incorporado, los clientes pueden hacer sus arreglos de viaje sin esfuerzo y de inmediato sin depender de ning\u00fan servicio externo. Adem\u00e1s, el tema es completamente receptivo, asegurando su exhibici\u00f3n perfecta y visualmente atractiva en todos los dispositivos, incluidos los tel\u00e9fonos inteligentes y las tabletas. A fin de cuentas, el libro de WordPress de libros en l\u00ednea de libros es una opci\u00f3n \u00f3ptima para las personas dentro de la industria de viajes, que buscan optimizar su proceso de reserva en l\u00ednea y mejorar la satisfacci\u00f3n general del cliente.<\/p>\n<ul>\n<li>Dise\u00f1o receptivo que hace que su sitio web se vea perfecto en todos los dispositivos.<\/li>\n<li>Panel de control f\u00e1cil de usar que le permite administrar f\u00e1cilmente sus reservas y clientes.<\/li>\n<li>Formulario de reserva personalizable que le permite adaptar sus reservas a sus necesidades espec\u00edficas.<\/li>\n<li>Funciones intuitivas de b\u00fasqueda y filtro que facilitan a los clientes encontrar la experiencia de viaje perfecta.<\/li>\n<li>Opciones de pasarela de pago m\u00faltiples para brindar a los clientes opciones de pago convenientes.<\/li>\n<li>Notificaciones de correo electr\u00f3nico personalizables que mantienen informados a los clientes durante todo el proceso de reserva.<\/li>\n<li>Integraci\u00f3n con complementos populares como WPML, WooCommerce y el Formulario de contacto 7 para una funcionalidad adicional.<\/li>\n<li>Uso de las mejores pr\u00e1cticas de SEO para una mejor visibilidad en los motores de b\u00fasqueda.<\/li>\n<li>Contenido de demostraci\u00f3n disponible para impulsar su sitio web y ponerlo en funcionamiento r\u00e1pidamente.<\/li>\n<li>Actualizaciones peri\u00f3dicas y atenci\u00f3n al cliente para garantizar que su sitio web siempre est\u00e9 actualizado y funcione sin problemas.<\/li>\n<\/ul>\n","protected":false},"excerpt":{"rendered":"<p>Eleve su negocio de viajes a nuevas alturas con nuestro libro su libro en l\u00ednea reservando el tema de WordPress. Este tema est\u00e1 meticulosamente dise\u00f1ado para satisfacer las necesidades de las agencias de viajes, los operadores tur\u00edsticos y los blogs de viajes. Viene lleno de una multitud de caracter\u00edsticas de vanguardia, como el sistema de reserva avanzado, el dise\u00f1o impresionante y la excelente atenci\u00f3n al cliente. Este tema de WordPress es totalmente receptivo, asegurando una exhibici\u00f3n perfecta en todos los dispositivos. Adem\u00e1s, es f\u00e1cil personalizar, lo que le permite crear una presencia web \u00fanica y personalizada. El sistema de reserva avanzado permite reservas, reservas y pagos en l\u00ednea, lo que lo hace incre\u00edblemente conveniente para sus clientes. Con su impresionante dise\u00f1o, su sitio web definitivamente se destacar\u00e1, atrayendo a m\u00e1s clientes potenciales. Adem\u00e1s, nuestra excelente atenci\u00f3n al cliente siempre est\u00e1 lista para ayudarlo cuando lo necesite. Entonces, \u00bfpor qu\u00e9 esperar? Aumente su presencia en l\u00ednea y agilice su proceso de reserva con nuestro libro su libro en l\u00ednea de reserva de WordPress.<\/p>\n","protected":false},"featured_media":165502,"comment_status":"open","ping_status":"open","template":"","meta":[],"product_brand":[2337],"product_cat":[1548,1237,1238],"product_tag":[1391],"class_list":{"0":"post-120314","1":"product","2":"type-product","3":"status-publish","4":"has-post-thumbnail","6":"product_brand-themeforest","7":"product_cat-resort-hotel","8":"product_cat-temas","9":"product_cat-wordpress-temas","10":"product_tag-themeforest","11":"member-discount","12":"discount-restricted","14":"first","15":"instock","16":"sale","17":"downloadable","18":"virtual","19":"sold-individually","20":"purchasable","21":"product-type-simple"},"_links":{"self":[{"href":"https:\/\/gpl-love.com\/es\/wp-json\/wp\/v2\/product\/120314","targetHints":{"allow":["GET"]}}],"collection":[{"href":"https:\/\/gpl-love.com\/es\/wp-json\/wp\/v2\/product"}],"about":[{"href":"https:\/\/gpl-love.com\/es\/wp-json\/wp\/v2\/types\/product"}],"replies":[{"embeddable":true,"href":"https:\/\/gpl-love.com\/es\/wp-json\/wp\/v2\/comments?post=120314"}],"wp:featuredmedia":[{"embeddable":true,"href":"https:\/\/gpl-love.com\/es\/wp-json\/wp\/v2\/media\/165502"}],"wp:attachment":[{"href":"https:\/\/gpl-love.com\/es\/wp-json\/wp\/v2\/media?parent=120314"}],"wp:term":[{"taxonomy":"product_brand","embeddable":true,"href":"https:\/\/gpl-love.com\/es\/wp-json\/wp\/v2\/product_brand?post=120314"},{"taxonomy":"product_cat","embeddable":true,"href":"https:\/\/gpl-love.com\/es\/wp-json\/wp\/v2\/product_cat?post=120314"},{"taxonomy":"product_tag","embeddable":true,"href":"https:\/\/gpl-love.com\/es\/wp-json\/wp\/v2\/product_tag?post=120314"}],"curies":[{"name":"wp","href":"https:\/\/api.w.org\/{rel}","templated":true}]}}